{"id":7795,"date":"2023-06-25T14:57:33","date_gmt":"2023-06-25T14:57:33","guid":{"rendered":"https:\/\/cubebcn.com\/?page_id=7795"},"modified":"2025-07-31T00:36:19","modified_gmt":"2025-07-31T00:36:19","slug":"perche-cube","status":"publish","type":"page","link":"https:\/\/cubebcn.com\/it\/perche-cube\/","title":{"rendered":"Perch\u00e9 Cube?"},"content":{"rendered":"<div data-elementor-type=\"wp-page\" data-elementor-id=\"7795\" class=\"elementor elementor-7795\" data-elementor-post-type=\"page\">\n\t\t\t\t<div class=\"elementor-element elementor-element-7316675 e-flex e-con-boxed e-con e-parent\" data-id=\"7316675\" data-element_type=\"container\">\n\t\t\t\t\t<div class=\"e-con-inner\">\n\t\t\t\t<div class=\"elementor-element elementor-element-88a840e elementor-widget elementor-widget-heading\" data-id=\"88a840e\" data-element_type=\"widget\" data-widget_type=\"heading.default\">\n\t\t\t\t<div class=\"elementor-widget-container\">\n\t\t\t\t\t<h1 class=\"elementor-heading-title elementor-size-default\">COS'\u00c8 IL CUBO DI BARCELLONA?<\/h1>\t\t\t\t<\/div>\n\t\t\t\t<\/div>\n\t\t\t\t<div class=\"elementor-element elementor-element-eb7b129 elementor-widget elementor-widget-text-editor\" data-id=\"eb7b129\" data-element_type=\"widget\" data-widget_type=\"text-editor.default\">\n\t\t\t\t<div class=\"elementor-widget-container\">\n\t\t\t\t\t\t\t\t\t<p><span style=\"color: #ffffff;\">Cube BCN \u00e8 un club di cannabis situato a El Clot. Non siamo il club pi\u00f9 grande, non siamo il club pi\u00f9 elegante, non siamo un club posticcio... Siamo CUBE, un club piccolo ma accogliente che lavora senza sosta grazie ai nostri collaboratori, ai membri fedeli e ai prodotti di altissima qualit\u00e0.<\/span><\/p>\t\t\t\t\t\t\t\t<\/div>\n\t\t\t\t<\/div>\n\t\t\t\t\t<\/div>\n\t\t\t\t<\/div>\n\t\t<div class=\"elementor-element elementor-element-d65a1c9 e-flex e-con-boxed e-con e-parent\" data-id=\"d65a1c9\" data-element_type=\"container\">\n\t\t\t\t\t<div class=\"e-con-inner\">\n\t\t<div class=\"elementor-element elementor-element-2861338 e-con-full e-flex e-con e-child\" data-id=\"2861338\" data-element_type=\"container\">\n\t\t\t\t<div class=\"elementor-element elementor-element-d4bf6e0 elementor-widget-tablet__width-initial elementor-widget-mobile__width-inherit elementor-widget elementor-widget-sword-choose-single-item-widget\" data-id=\"d4bf6e0\" data-element_type=\"widget\" data-widget_type=\"sword-choose-single-item-widget.default\">\n\t\t\t\t<div class=\"elementor-widget-container\">\n\t\t\t\t\t        <div class=\"feature-item\">\r\n            <div class=\"feature-icon-area\">\r\n                <div class=\"feature-icon\">\r\n                   <i aria-hidden=\"true\" class=\"flaticon flaticon-volume\"><\/i>                <\/div>\r\n                <div class=\"feature-number\">\r\n                    <span><\/span>\r\n                <\/div>\r\n            <\/div>\r\n            <div class=\"feature-content\">\r\n                <a class=\"\"><h4\r\n                            class=\"title\">STRUTTURE SICURE<\/h4>\r\n                <\/a>\r\n                <p>Al CUBE vivrete un'esperienza autentica in uno dei cannabis club pi\u00f9 accoglienti del centro di Barcellona. Offriamo uno spazio sicuro e legale per fumare, rilassarsi e condividere con una comunit\u00e0 in continua crescita. Anche se il nostro locale \u00e8 intimo, l'atmosfera \u00e8 vibrante: abbiamo pipe, bong, rig, wifi e bevande per non farvi mancare nulla. Se siete alla ricerca di un posto dove poter fumare cannabis a Barcellona in un'atmosfera rilassata e amichevole, CUBE \u00e8 il posto che fa per voi.<\/p>\r\n            <\/div>\r\n        <\/div>\r\n        \t\t\t\t<\/div>\n\t\t\t\t<\/div>\n\t\t\t\t<\/div>\n\t\t<div class=\"elementor-element elementor-element-58cef49 e-con-full e-flex e-con e-child\" data-id=\"58cef49\" data-element_type=\"container\">\n\t\t\t\t<div class=\"elementor-element elementor-element-0469ead elementor-widget elementor-widget-image\" data-id=\"0469ead\" data-element_type=\"widget\" data-widget_type=\"image.default\">\n\t\t\t\t<div class=\"elementor-widget-container\">\n\t\t\t\t\t\t\t\t\t\t\t\t\t\t\t<img fetchpriority=\"high\" decoding=\"async\" width=\"683\" height=\"1024\" src=\"https:\/\/cubebcn.com\/wp-content\/uploads\/2025\/07\/weed-events-barcelona-683x1024.jpg\" class=\"attachment-large size-large wp-image-31552\" alt=\"\" srcset=\"https:\/\/cubebcn.com\/wp-content\/uploads\/2025\/07\/weed-events-barcelona-683x1024.jpg 683w, https:\/\/cubebcn.com\/wp-content\/uploads\/2025\/07\/weed-events-barcelona-200x300.jpg 200w, https:\/\/cubebcn.com\/wp-content\/uploads\/2025\/07\/weed-events-barcelona-768x1152.jpg 768w, https:\/\/cubebcn.com\/wp-content\/uploads\/2025\/07\/weed-events-barcelona-1024x1536.jpg 1024w, https:\/\/cubebcn.com\/wp-content\/uploads\/2025\/07\/weed-events-barcelona-1366x2048.jpg 1366w, https:\/\/cubebcn.com\/wp-content\/uploads\/2025\/07\/weed-events-barcelona-8x12.jpg 8w, https:\/\/cubebcn.com\/wp-content\/uploads\/2025\/07\/weed-events-barcelona-scaled.jpg 1707w\" sizes=\"(max-width: 683px) 100vw, 683px\" \/>\t\t\t\t\t\t\t\t\t\t\t\t\t\t\t<\/div>\n\t\t\t\t<\/div>\n\t\t\t\t<\/div>\n\t\t\t\t\t<\/div>\n\t\t\t\t<\/div>\n\t\t<div class=\"elementor-element elementor-element-20fb482 e-flex e-con-boxed e-con e-parent\" data-id=\"20fb482\" data-element_type=\"container\">\n\t\t\t\t\t<div class=\"e-con-inner\">\n\t\t<div class=\"elementor-element elementor-element-8b5c60e e-con-full e-flex e-con e-child\" data-id=\"8b5c60e\" data-element_type=\"container\">\n\t\t\t\t<div class=\"elementor-element elementor-element-a9d636d elementor-widget elementor-widget-image\" data-id=\"a9d636d\" data-element_type=\"widget\" data-widget_type=\"image.default\">\n\t\t\t\t<div class=\"elementor-widget-container\">\n\t\t\t\t\t\t\t\t\t\t\t\t\t\t\t<img decoding=\"async\" width=\"683\" height=\"1024\" src=\"https:\/\/cubebcn.com\/wp-content\/uploads\/2025\/07\/cube-barcelona-martes-verde-cannabis-club-683x1024.jpg\" class=\"attachment-large size-large wp-image-31456\" alt=\"\" srcset=\"https:\/\/cubebcn.com\/wp-content\/uploads\/2025\/07\/cube-barcelona-martes-verde-cannabis-club-683x1024.jpg 683w, https:\/\/cubebcn.com\/wp-content\/uploads\/2025\/07\/cube-barcelona-martes-verde-cannabis-club-200x300.jpg 200w, https:\/\/cubebcn.com\/wp-content\/uploads\/2025\/07\/cube-barcelona-martes-verde-cannabis-club-768x1152.jpg 768w, https:\/\/cubebcn.com\/wp-content\/uploads\/2025\/07\/cube-barcelona-martes-verde-cannabis-club-1024x1536.jpg 1024w, https:\/\/cubebcn.com\/wp-content\/uploads\/2025\/07\/cube-barcelona-martes-verde-cannabis-club-1366x2048.jpg 1366w, https:\/\/cubebcn.com\/wp-content\/uploads\/2025\/07\/cube-barcelona-martes-verde-cannabis-club-8x12.jpg 8w, https:\/\/cubebcn.com\/wp-content\/uploads\/2025\/07\/cube-barcelona-martes-verde-cannabis-club-scaled.jpg 1707w\" sizes=\"(max-width: 683px) 100vw, 683px\" \/>\t\t\t\t\t\t\t\t\t\t\t\t\t\t\t<\/div>\n\t\t\t\t<\/div>\n\t\t\t\t<\/div>\n\t\t<div class=\"elementor-element elementor-element-7832752 e-con-full e-flex e-con e-child\" data-id=\"7832752\" data-element_type=\"container\">\n\t\t\t\t<div class=\"elementor-element elementor-element-5a8f1bf elementor-widget-tablet__width-initial elementor-widget-mobile__width-inherit elementor-widget elementor-widget-sword-choose-single-item-widget\" data-id=\"5a8f1bf\" data-element_type=\"widget\" data-widget_type=\"sword-choose-single-item-widget.default\">\n\t\t\t\t<div class=\"elementor-widget-container\">\n\t\t\t\t\t        <div class=\"feature-item\">\r\n            <div class=\"feature-icon-area\">\r\n                <div class=\"feature-icon\">\r\n                   <i aria-hidden=\"true\" class=\"fas fa-joint\"><\/i>                <\/div>\r\n                <div class=\"feature-number\">\r\n                    <span><\/span>\r\n                <\/div>\r\n            <\/div>\r\n            <div class=\"feature-content\">\r\n                <a class=\"\"><h4\r\n                            class=\"title\">CULTURA DELLA CANNABIS<\/h4>\r\n                <\/a>\r\n                <p>A CUBE promuoviamo con passione la cultura della cannabis, soprattutto quella che fa parte del DNA di Barcellona. Crediamo in tutto ci\u00f2 che rappresenta: comunit\u00e0, rispetto e libert\u00e0. Per rafforzare questi valori, organizziamo eventi che riuniscono membri, collaboratori e amanti della cannabis in un'atmosfera rilassata e familiare. Pi\u00f9 che un club, siamo una famiglia che cresce a ogni incontro, condividendo esperienze uniche in uno degli spazi per la cannabis pi\u00f9 autentici della citt\u00e0.\n\n<\/p>\r\n            <\/div>\r\n        <\/div>\r\n        \t\t\t\t<\/div>\n\t\t\t\t<\/div>\n\t\t\t\t<\/div>\n\t\t\t\t\t<\/div>\n\t\t\t\t<\/div>\n\t\t<div class=\"elementor-element elementor-element-6063da6 e-flex e-con-boxed e-con e-parent\" data-id=\"6063da6\" data-element_type=\"container\">\n\t\t\t\t\t<div class=\"e-con-inner\">\n\t\t<div class=\"elementor-element elementor-element-51aa237 e-con-full e-flex e-con e-child\" data-id=\"51aa237\" data-element_type=\"container\">\n\t\t\t\t<div class=\"elementor-element elementor-element-9cd312c elementor-widget-tablet__width-initial elementor-widget-mobile__width-inherit elementor-widget elementor-widget-sword-choose-single-item-widget\" data-id=\"9cd312c\" data-element_type=\"widget\" data-widget_type=\"sword-choose-single-item-widget.default\">\n\t\t\t\t<div class=\"elementor-widget-container\">\n\t\t\t\t\t        <div class=\"feature-item\">\r\n            <div class=\"feature-icon-area\">\r\n                <div class=\"feature-icon\">\r\n                   <i aria-hidden=\"true\" class=\"flaticon flaticon-qualified\"><\/i>                <\/div>\r\n                <div class=\"feature-number\">\r\n                    <span><\/span>\r\n                <\/div>\r\n            <\/div>\r\n            <div class=\"feature-content\">\r\n                <a class=\"\"><h4\r\n                            class=\"title\">LA QUALIT\u00c0 DEL CUBO<\/h4>\r\n                <\/a>\r\n                <p>Come associazione di cannabis a Barcellona, a CUBE ci prendiamo cura di ogni dettaglio per offrire un'esperienza di qualit\u00e0 e mantenere la reputazione che ci siamo guadagnati. Siamo orgogliosi di offrire alcune delle migliori variet\u00e0 di cannabis e concentrati della citt\u00e0, sempre a prezzi equi e convenienti. Il nostro menu comprende un'ampia selezione di variet\u00e0 per soddisfare tutti i gusti e i livelli di esperienza. A CUBE, la nostra priorit\u00e0 \u00e8 che ogni visita soddisfi - e superi - le vostre aspettative. Qui la qualit\u00e0 non \u00e8 un'opzione: \u00e8 la norma.\n\n<\/p>\r\n            <\/div>\r\n        <\/div>\r\n        \t\t\t\t<\/div>\n\t\t\t\t<\/div>\n\t\t\t\t<\/div>\n\t\t<div class=\"elementor-element elementor-element-40153e2 e-con-full e-flex e-con e-child\" data-id=\"40153e2\" data-element_type=\"container\">\n\t\t\t\t<div class=\"elementor-element elementor-element-78a77c0 elementor-widget elementor-widget-image\" data-id=\"78a77c0\" data-element_type=\"widget\" data-widget_type=\"image.default\">\n\t\t\t\t<div class=\"elementor-widget-container\">\n\t\t\t\t\t\t\t\t\t\t\t\t\t\t\t<img decoding=\"async\" width=\"740\" height=\"553\" src=\"https:\/\/cubebcn.com\/wp-content\/uploads\/2025\/06\/smoke-weed-barcelona-1024x765.jpg\" class=\"attachment-large size-large wp-image-31080\" alt=\"fumare erba a Barcellona\" srcset=\"https:\/\/cubebcn.com\/wp-content\/uploads\/2025\/06\/smoke-weed-barcelona-1024x765.jpg 1024w, https:\/\/cubebcn.com\/wp-content\/uploads\/2025\/06\/smoke-weed-barcelona-300x224.jpg 300w, https:\/\/cubebcn.com\/wp-content\/uploads\/2025\/06\/smoke-weed-barcelona-768x574.jpg 768w, https:\/\/cubebcn.com\/wp-content\/uploads\/2025\/06\/smoke-weed-barcelona-1536x1148.jpg 1536w, https:\/\/cubebcn.com\/wp-content\/uploads\/2025\/06\/smoke-weed-barcelona-16x12.jpg 16w, https:\/\/cubebcn.com\/wp-content\/uploads\/2025\/06\/smoke-weed-barcelona.jpg 1984w\" sizes=\"(max-width: 740px) 100vw, 740px\" \/>\t\t\t\t\t\t\t\t\t\t\t\t\t\t\t<\/div>\n\t\t\t\t<\/div>\n\t\t\t\t<\/div>\n\t\t\t\t\t<\/div>\n\t\t\t\t<\/div>\n\t\t<div class=\"elementor-element elementor-element-48b445f e-flex e-con-boxed e-con e-parent\" data-id=\"48b445f\" data-element_type=\"container\">\n\t\t\t\t\t<div class=\"e-con-inner\">\n\t\t<div class=\"elementor-element elementor-element-be4548e e-con-full e-flex e-con e-child\" data-id=\"be4548e\" data-element_type=\"container\">\n\t\t\t\t<div class=\"elementor-element elementor-element-3d24e13 elementor-widget elementor-widget-image\" data-id=\"3d24e13\" data-element_type=\"widget\" data-widget_type=\"image.default\">\n\t\t\t\t<div class=\"elementor-widget-container\">\n\t\t\t\t\t\t\t\t\t\t\t\t\t\t\t<img loading=\"lazy\" decoding=\"async\" width=\"683\" height=\"1024\" src=\"https:\/\/cubebcn.com\/wp-content\/uploads\/2025\/07\/cuanto-pesa-el-cogollo-evento-cube-barcelona-683x1024.jpg\" class=\"attachment-large size-large wp-image-31503\" alt=\"\" srcset=\"https:\/\/cubebcn.com\/wp-content\/uploads\/2025\/07\/cuanto-pesa-el-cogollo-evento-cube-barcelona-683x1024.jpg 683w, https:\/\/cubebcn.com\/wp-content\/uploads\/2025\/07\/cuanto-pesa-el-cogollo-evento-cube-barcelona-200x300.jpg 200w, https:\/\/cubebcn.com\/wp-content\/uploads\/2025\/07\/cuanto-pesa-el-cogollo-evento-cube-barcelona-768x1152.jpg 768w, https:\/\/cubebcn.com\/wp-content\/uploads\/2025\/07\/cuanto-pesa-el-cogollo-evento-cube-barcelona-1024x1536.jpg 1024w, https:\/\/cubebcn.com\/wp-content\/uploads\/2025\/07\/cuanto-pesa-el-cogollo-evento-cube-barcelona-1366x2048.jpg 1366w, https:\/\/cubebcn.com\/wp-content\/uploads\/2025\/07\/cuanto-pesa-el-cogollo-evento-cube-barcelona-8x12.jpg 8w, https:\/\/cubebcn.com\/wp-content\/uploads\/2025\/07\/cuanto-pesa-el-cogollo-evento-cube-barcelona-scaled.jpg 1707w\" sizes=\"(max-width: 683px) 100vw, 683px\" \/>\t\t\t\t\t\t\t\t\t\t\t\t\t\t\t<\/div>\n\t\t\t\t<\/div>\n\t\t\t\t<\/div>\n\t\t<div class=\"elementor-element elementor-element-4083c73 e-con-full e-flex e-con e-child\" data-id=\"4083c73\" data-element_type=\"container\">\n\t\t\t\t<div class=\"elementor-element elementor-element-89481f4 elementor-widget-tablet__width-initial elementor-widget-mobile__width-inherit elementor-widget elementor-widget-sword-choose-single-item-widget\" data-id=\"89481f4\" data-element_type=\"widget\" data-widget_type=\"sword-choose-single-item-widget.default\">\n\t\t\t\t<div class=\"elementor-widget-container\">\n\t\t\t\t\t        <div class=\"feature-item\">\r\n            <div class=\"feature-icon-area\">\r\n                <div class=\"feature-icon\">\r\n                   <i aria-hidden=\"true\" class=\"flaticon flaticon-consultation\"><\/i>                <\/div>\r\n                <div class=\"feature-number\">\r\n                    <span><\/span>\r\n                <\/div>\r\n            <\/div>\r\n            <div class=\"feature-content\">\r\n                <a class=\"\"><h4\r\n                            class=\"title\">LA NOSTRA COMUNIT\u00c0<\/h4>\r\n                <\/a>\r\n                <p>Ci\u00f2 che ci definisce veramente a CUBE \u00e8 la nostra comunit\u00e0. Qui non si viene solo per godere della cannabis, ma anche per condividere momenti. Organizziamo eventi settimanali come serate di pizza, karaoke o sessioni di film, che rendono ogni visita diversa. Se state cercando un cannabis social club a Barcellona dove entrare in contatto con persone che la pensano come voi e vivere un'esperienza autentica, CUBE \u00e8 il posto che fa per voi. Pi\u00f9 che un club, siamo una comunit\u00e0 unita dalla stessa passione.<\/p>\r\n            <\/div>\r\n        <\/div>\r\n        \t\t\t\t<\/div>\n\t\t\t\t<\/div>\n\t\t\t\t<\/div>\n\t\t\t\t\t<\/div>\n\t\t\t\t<\/div>\n\t\t\t\t<div class=\"elementor-section elementor-top-section elementor-element elementor-element-57e17d34 elementor-section-stretched elementor-section-boxed elementor-section-height-default elementor-section-height-default\" data-id=\"57e17d34\" data-element_type=\"section\" data-settings=\"{&quot;stretch_section&quot;:&quot;section-stretched&quot;,&quot;background_background&quot;:&quot;classic&quot;}\">\n\t\t\t\t\t\t\t<div class=\"elementor-background-overlay\"><\/div>\n\t\t\t\t\t\t\t<div class=\"elementor-container elementor-column-gap-no\">\n\t\t\t\t\t<div class=\"elementor-column elementor-col-100 elementor-top-column elementor-element elementor-element-64c750ce\" data-id=\"64c750ce\" data-element_type=\"column\">\n\t\t\t<div class=\"elementor-widget-wrap elementor-element-populated\">\n\t\t\t\t\t\t<section class=\"elementor-section elementor-inner-section elementor-element elementor-element-2ea04d52 elementor-section-boxed elementor-section-height-default elementor-section-height-default\" data-id=\"2ea04d52\" data-element_type=\"section\">\n\t\t\t\t\t\t<div class=\"elementor-container elementor-column-gap-no\">\n\t\t\t\t\t<div class=\"elementor-column elementor-col-50 elementor-inner-column elementor-element elementor-element-62dba894\" data-id=\"62dba894\" data-element_type=\"column\">\n\t\t\t<div class=\"elementor-widget-wrap elementor-element-populated\">\n\t\t\t\t\t\t<div class=\"elementor-element elementor-element-30d6fcca elementor-widget elementor-widget-image\" data-id=\"30d6fcca\" data-element_type=\"widget\" data-widget_type=\"image.default\">\n\t\t\t\t<div class=\"elementor-widget-container\">\n\t\t\t\t\t\t\t\t\t\t\t\t\t\t\t<img decoding=\"async\" src=\"https:\/\/cubebcn.com\/wp-content\/uploads\/elementor\/thumbs\/evento-hash-cata-cube-barcelona-domingo-scaled-r9a963ky2wfrcbjx8ocgxhxill09ndheizf7mdkpdo.jpg\" title=\"evento-degustazione-cubo-barcellona-domenica\" alt=\"evento-degustazione-cubo-barcellona-domenica\" loading=\"lazy\" \/>\t\t\t\t\t\t\t\t\t\t\t\t\t\t\t<\/div>\n\t\t\t\t<\/div>\n\t\t\t\t\t<\/div>\n\t\t<\/div>\n\t\t\t\t<div class=\"elementor-column elementor-col-50 elementor-inner-column elementor-element elementor-element-4540b7b\" data-id=\"4540b7b\" data-element_type=\"column\">\n\t\t\t<div class=\"elementor-widget-wrap elementor-element-populated\">\n\t\t\t\t\t\t<div class=\"elementor-element elementor-element-6c423116 elementor-widget elementor-widget-sword-theme-heading-title-one-widget\" data-id=\"6c423116\" data-element_type=\"widget\" data-widget_type=\"sword-theme-heading-title-one-widget.default\">\n\t\t\t\t<div class=\"elementor-widget-container\">\n\t\t\t\t\t        <div class=\"theme-heading-title white\"\r\n             style=\"text-align:left\">\r\n                        <h3 class=\"title\">\r\n                RILASSATEVI IN <span>CUBO<\/span>            <\/h3>\r\n            <p>Siamo molto pi\u00f9 di un cannabis club. Siamo una comunit\u00e0, un luogo dove rilassarsi, incontrare nuove persone e gustare marijuana e concentrati di alta qualit\u00e0 a un prezzo incredibile. Offriamo diverse attivit\u00e0 settimanali e buone vibrazioni garantite.<\/p>        <\/div>\r\n        \t\t\t\t<\/div>\n\t\t\t\t<\/div>\n\t\t\t\t<div class=\"elementor-element elementor-element-1d561513 elementor-widget elementor-widget-sword-icon-box-item-widget\" data-id=\"1d561513\" data-element_type=\"widget\" data-widget_type=\"sword-icon-box-item-widget.default\">\n\t\t\t\t<div class=\"elementor-widget-container\">\n\t\t\t\t\t\n        <div class=\"icon-box-item left white\"\n             style=\"text-align:left\">\n            <div class=\"icon-wrap\">\n                                    <div class=\"icon shape\">\n                        <i aria-hidden=\"true\" class=\"fas fa-comments\"><\/i>                    <\/div>\n                            <\/div>\n            <div class=\"content\">\n                <a class=\"icon-box-anchor\" ><h3 class=\"title\">UNA COMUNIT\u00c0<\/h3><\/a><p>Come cannabis social club, la nostra priorit\u00e0 sono i nostri soci e lavoriamo ogni giorno per mantenere una comunit\u00e0 unita e sana.<\/p>            <\/div>\n        <\/div>\n\n        \t\t\t\t<\/div>\n\t\t\t\t<\/div>\n\t\t\t\t<div class=\"elementor-element elementor-element-5170378d elementor-widget elementor-widget-sword-icon-box-item-widget\" data-id=\"5170378d\" data-element_type=\"widget\" data-widget_type=\"sword-icon-box-item-widget.default\">\n\t\t\t\t<div class=\"elementor-widget-container\">\n\t\t\t\t\t\n        <div class=\"icon-box-item left white\"\n             style=\"text-align:left\">\n            <div class=\"icon-wrap\">\n                                    <div class=\"icon shape\">\n                        <i aria-hidden=\"true\" class=\"fas fa-star\"><\/i>                    <\/div>\n                            <\/div>\n            <div class=\"content\">\n                <a class=\"icon-box-anchor\" ><h3 class=\"title\">QUALIT\u00c0 PER I NOSTRI PARTNER<\/h3><\/a><p>Testiamo tutti i nostri prodotti per sapere cosa offriamo. Grazie a dipendenti formati sul campo, ci assicuriamo sempre di offrire la migliore qualit\u00e0 di cannabis.<\/p>            <\/div>\n        <\/div>\n\n        \t\t\t\t<\/div>\n\t\t\t\t<\/div>\n\t\t\t\t<div class=\"elementor-element elementor-element-544418fd elementor-widget elementor-widget-button\" data-id=\"544418fd\" data-element_type=\"widget\" data-widget_type=\"button.default\">\n\t\t\t\t<div class=\"elementor-widget-container\">\n\t\t\t\t\t\t\t\t\t<div class=\"elementor-button-wrapper\">\n\t\t\t\t\t<a class=\"elementor-button elementor-button-link elementor-size-md\" href=\"https:\/\/cubebcn.com\/it\/domande-frequenti\/\">\n\t\t\t\t\t\t<span class=\"elementor-button-content-wrapper\">\n\t\t\t\t\t\t<span class=\"elementor-button-icon\">\n\t\t\t\t<i aria-hidden=\"true\" class=\"fas fa-arrow-right\"><\/i>\t\t\t<\/span>\n\t\t\t\t\t\t\t\t\t<span class=\"elementor-button-text\">Domande frequenti<\/span>\n\t\t\t\t\t<\/span>\n\t\t\t\t\t<\/a>\n\t\t\t\t<\/div>\n\t\t\t\t\t\t\t\t<\/div>\n\t\t\t\t<\/div>\n\t\t\t\t\t<\/div>\n\t\t<\/div>\n\t\t\t\t\t<\/div>\n\t\t<\/section>\n\t\t\t\t\t<\/div>\n\t\t<\/div>\n\t\t\t\t\t<\/div>\n\t\t<\/div>\n\t\t\t\t<\/div>","protected":false},"excerpt":{"rendered":"<p>COS'\u00c8 CUBE BARCELONA? Cube BCN \u00e8 un club di cannabis situato a El Clot. Non siamo il club pi\u00f9 grande, non siamo il club pi\u00f9 elegante, non siamo un club posticcio... Siamo CUBE, un club piccolo ma accogliente che lavora senza sosta grazie ai nostri collaboratori, ai membri fedeli e ai prodotti di altissima qualit\u00e0.<\/p>","protected":false},"author":4,"featured_media":0,"parent":0,"menu_order":0,"comment_status":"closed","ping_status":"closed","template":"","meta":{"_joinchat":[],"footnotes":""},"class_list":["post-7795","page","type-page","status-publish","hentry"],"_links":{"self":[{"href":"https:\/\/cubebcn.com\/it\/wp-json\/wp\/v2\/pages\/7795","targetHints":{"allow":["GET"]}}],"collection":[{"href":"https:\/\/cubebcn.com\/it\/wp-json\/wp\/v2\/pages"}],"about":[{"href":"https:\/\/cubebcn.com\/it\/wp-json\/wp\/v2\/types\/page"}],"author":[{"embeddable":true,"href":"https:\/\/cubebcn.com\/it\/wp-json\/wp\/v2\/users\/4"}],"replies":[{"embeddable":true,"href":"https:\/\/cubebcn.com\/it\/wp-json\/wp\/v2\/comments?post=7795"}],"version-history":[{"count":33,"href":"https:\/\/cubebcn.com\/it\/wp-json\/wp\/v2\/pages\/7795\/revisions"}],"predecessor-version":[{"id":31600,"href":"https:\/\/cubebcn.com\/it\/wp-json\/wp\/v2\/pages\/7795\/revisions\/31600"}],"wp:attachment":[{"href":"https:\/\/cubebcn.com\/it\/wp-json\/wp\/v2\/media?parent=7795"}],"curies":[{"name":"wp","href":"https:\/\/api.w.org\/{rel}","templated":true}]}}