{"id":6619,"date":"2023-05-04T14:43:50","date_gmt":"2023-05-04T14:43:50","guid":{"rendered":"https:\/\/cubebcn.com\/?page_id=6619"},"modified":"2024-12-17T11:38:11","modified_gmt":"2024-12-17T11:38:11","slug":"che-cose-thc-proprieta-e-utilizzi","status":"publish","type":"page","link":"https:\/\/cubebcn.com\/it\/che-cose-thc-proprieta-e-utilizzi\/","title":{"rendered":"Che cos'\u00e8 il THC? Propriet\u00e0 e usi"},"content":{"rendered":"<h1><strong><strong>Che cos'\u00e8 il THC?<\/strong><\/strong><\/h1>\n<p>Il tetraidrocannabinolo, o THC, \u00e8 uno dei cannabinoidi pi\u00f9 noti della pianta di cannabis. \u00c8 il principale componente psicoattivo responsabile dello \"sballo\" associato al consumo di cannabis, la sostanza che vi far\u00e0 ridere e dimenticare quello che avete appena detto. Tuttavia, il THC ha molte altre propriet\u00e0 al di l\u00e0 dello scopo ricreativo che lo rendono un composto affascinante con un'ampia gamma di usi potenziali.<\/p>\n<p><strong>Propriet\u00e0 del THC<\/strong><\/p>\n<p>Il THC \u00e8 una molecola liposolubile che attraversa facilmente la barriera emato-encefalica e si lega ai recettori dei cannabinoidi nel cervello (CB1 e CB2), che fanno parte del sistema endocannabinoide del corpo umano. Questo legame produce una serie di effetti fisiologici, tra cui una percezione alterata del tempo, euforia, effetti sensoriali amplificati, risate e alterazione delle funzioni cognitive. Il THC ha anche propriet\u00e0 analgesiche, antinfiammatorie e antiemetiche (cio\u00e8 pu\u00f2 essere usato per trattare la nausea o prevenire il vomito).<\/p>\n<p><strong>Metodi di consumo<\/strong><\/p>\n<p>Gli effetti del THC variano a seconda della dose, del metodo di somministrazione e della sensibilit\u00e0 individuale al composto. Per esempio, fumare o vaporizzare la cannabis rilascia rapidamente il THC nel flusso sanguigno e nel cervello, provocando una rapida insorgenza di effetti che durano meno a lungo. Al contrario, gli edibili o le capsule richiedono pi\u00f9 tempo per produrre effetti, ma possono durare per diverse ore. Inoltre, il THC pu\u00f2 essere bruciato e parzialmente distrutto quando viene esposto a una forte fonte di calore come una fiamma o un forno, quindi la quantit\u00e0 di THC che consumiamo \u00e8 diversa se fumiamo uno spinello e cuciniamo un brownie (dove il calore pu\u00f2 distruggere fino a 30% di THC nel processo) o se lo vaporizziamo a una temperatura pi\u00f9 bassa che conserva una percentuale maggiore della quantit\u00e0 originale di THC nella variet\u00e0.<\/p>\n<p><strong>Usi del THC<\/strong><\/p>\n<p><strong>Usi medici:<\/strong><br \/>\n\u00c8 stato dimostrato che il THC ha effetti terapeutici per diverse condizioni mediche, tra cui dolore cronico, nausea, vomito e spasmi muscolari. Viene anche usato per stimolare l'appetito nei pazienti affetti da HIV\/AIDS e cancro che soffrono di perdita di appetito a causa delle loro condizioni o dei trattamenti.<\/p>\n<p><strong>Usi industriali:<\/strong><br \/>\nHa anche potenziali usi industriali. Ad esempio, pu\u00f2 essere utilizzata come biocarburante, materiale da costruzione o fibra per abbigliamento e tessuti. Tuttavia, queste applicazioni non sono ancora molto diffuse a causa delle restrizioni legali e della difficolt\u00e0 di coltivare la cannabis per scopi industriali.<\/p>\n<p><strong>Usi di ricerca:<\/strong><br \/>\nIl THC viene anche utilizzato nella ricerca scientifica per comprendere meglio i suoi effetti sul cervello e sul corpo. \u00c8 in fase di studio come potenziale trattamento per una serie di condizioni mediche, come l'epilessia, la sclerosi multipla e il disturbo da stress post-traumatico.<\/p>\n<p><strong>Usi ricreativi:<\/strong><br \/>\nLe propriet\u00e0 psicoattive del THC ne hanno fatto una droga ricreativa popolare per secoli, utilizzata per i suoi effetti euforici e per l'alterazione della percezione. Poich\u00e9 esistono diversi tipi di cannabis e ceppi incrociati che hanno geni diversi e percentuali variabili di THC e CBD, anche gli usi ricreativi sono diversi. Alcuni tipi di cannabis hanno una percentuale pi\u00f9 alta di genetica Indica che pu\u00f2 far sentire rilassati e disconnessi e potrebbe essere usata per attivit\u00e0 rilassanti che non richiedono concentrazione mentale. Mentre altri ibridi, pi\u00f9 orientati verso un patrimonio Sativa, possono far sentire allegri, loquaci e iperfocalizzati e sono ideali per attivit\u00e0 creative o sociali.<\/p>\n<p><strong>Il THC \u00e8 sicuro?<\/strong><br \/>\nSebbene il THC abbia molti usi potenziali, come la maggior parte delle sostanze psicoattive, non \u00e8 privo di rischi. Dosi elevate di THC possono produrre effetti collaterali spiacevoli, come paranoia, ansia e allucinazioni. Il consumo regolare di THC pu\u00f2 anche portare alla dipendenza, perch\u00e9 il nostro corpo - che in circostanze normali produce i propri endocannabinoidi che aiutano a regolare molte funzioni del nostro sistema - con un consumo massiccio di THC pu\u00f2 smettere di produrne altrettanto e avremo quindi bisogno di dosi esterne di stimolo di cannabinoidi per soddisfare la domanda del nostro corpo. \u00c8 in questi casi che alcuni individui possono sviluppare un disturbo da uso di cannabis. Se volete saperne di pi\u00f9 sulla dipendenza e su come combatterla, consultate quest'altro articolo.<\/p>\n<p>\u00c8 importante fare un uso responsabile del THC e comprendere i possibili rischi e benefici prima di consumarlo, e soprattutto assicurarsi di consumare un prodotto di buona qualit\u00e0 e non alterato. Per questo motivo consigliamo di acquistare i prodotti a base di cannabis direttamente da un dispensario o da un cannabis club qui a Barcellona. Si tratta di istituzioni approvate dal governo che offrono prodotti eccellenti e dispongono di personale esperto in grado di consigliarvi su qualsiasi questione relativa alla cannabis. Se non siete gi\u00e0 membri di un club, potete richiedere un invito al cannabis club sul sito web del club stesso, cliccando su <a href=\"https:\/\/cubebcn.com\/it\/diventa-membro\/\"><strong> \"DIVENTA MEMBRO\".<\/strong><\/a><\/p>\n<p>Ci auguriamo che questo articolo sia stato utile e che una pi\u00f9 ampia comprensione delle propriet\u00e0 e degli usi del THC possa portare a un uso migliore e pi\u00f9 sicuro e a consumatori pi\u00f9 felici e pi\u00f9 sani.<\/p>","protected":false},"excerpt":{"rendered":"<p>Che cos'\u00e8 il THC? Il tetraidrocannabinolo, o THC, \u00e8 uno dei cannabinoidi pi\u00f9 noti della pianta di cannabis. \u00c8 il principale componente psicoattivo responsabile dello \"sballo\" associato al consumo di cannabis, la sostanza che vi far\u00e0 ridere e dimenticare quello che avete appena detto. Tuttavia, il THC ha<\/p>","protected":false},"author":4,"featured_media":6624,"parent":0,"menu_order":0,"comment_status":"closed","ping_status":"closed","template":"","meta":{"_joinchat":[],"footnotes":""},"class_list":["post-6619","page","type-page","status-publish","has-post-thumbnail","hentry"],"_links":{"self":[{"href":"https:\/\/cubebcn.com\/it\/wp-json\/wp\/v2\/pages\/6619","targetHints":{"allow":["GET"]}}],"collection":[{"href":"https:\/\/cubebcn.com\/it\/wp-json\/wp\/v2\/pages"}],"about":[{"href":"https:\/\/cubebcn.com\/it\/wp-json\/wp\/v2\/types\/page"}],"author":[{"embeddable":true,"href":"https:\/\/cubebcn.com\/it\/wp-json\/wp\/v2\/users\/4"}],"replies":[{"embeddable":true,"href":"https:\/\/cubebcn.com\/it\/wp-json\/wp\/v2\/comments?post=6619"}],"version-history":[{"count":4,"href":"https:\/\/cubebcn.com\/it\/wp-json\/wp\/v2\/pages\/6619\/revisions"}],"predecessor-version":[{"id":21298,"href":"https:\/\/cubebcn.com\/it\/wp-json\/wp\/v2\/pages\/6619\/revisions\/21298"}],"wp:featuredmedia":[{"embeddable":true,"href":"https:\/\/cubebcn.com\/it\/wp-json\/wp\/v2\/media\/6624"}],"wp:attachment":[{"href":"https:\/\/cubebcn.com\/it\/wp-json\/wp\/v2\/media?parent=6619"}],"curies":[{"name":"wp","href":"https:\/\/api.w.org\/{rel}","templated":true}]}}