{"id":1045,"date":"2022-03-17T06:48:43","date_gmt":"2022-03-17T06:48:43","guid":{"rendered":"https:\/\/themeim.com\/wp\/sword\/?page_id=1045"},"modified":"2025-08-12T14:56:19","modified_gmt":"2025-08-12T14:56:19","slug":"domande-frequenti","status":"publish","type":"page","link":"https:\/\/cubebcn.com\/it\/domande-frequenti\/","title":{"rendered":"FAQ"},"content":{"rendered":"<div data-elementor-type=\"wp-page\" data-elementor-id=\"1045\" class=\"elementor elementor-1045\" data-elementor-post-type=\"page\">\n\t\t\t\t\t\t<div class=\"elementor-section elementor-top-section elementor-element elementor-element-2977896 elementor-section-stretched elementor-section-boxed elementor-section-height-default elementor-section-height-default\" data-id=\"2977896\" data-element_type=\"section\" data-settings=\"{&quot;stretch_section&quot;:&quot;section-stretched&quot;,&quot;background_background&quot;:&quot;classic&quot;}\">\n\t\t\t\t\t\t<div class=\"elementor-container elementor-column-gap-default\">\n\t\t\t\t\t<div class=\"elementor-column elementor-col-100 elementor-top-column elementor-element elementor-element-547eff1\" data-id=\"547eff1\" data-element_type=\"column\">\n\t\t\t<div class=\"elementor-widget-wrap elementor-element-populated\">\n\t\t\t\t\t\t<section class=\"elementor-section elementor-inner-section elementor-element elementor-element-01087cf elementor-section-boxed elementor-section-height-default elementor-section-height-default\" data-id=\"01087cf\" data-element_type=\"section\">\n\t\t\t\t\t\t<div class=\"elementor-container elementor-column-gap-default\">\n\t\t\t\t\t<div class=\"elementor-column elementor-col-100 elementor-inner-column elementor-element elementor-element-19c47f1\" data-id=\"19c47f1\" data-element_type=\"column\">\n\t\t\t<div class=\"elementor-widget-wrap elementor-element-populated\">\n\t\t\t\t\t\t<div class=\"elementor-element elementor-element-c0f9d61 elementor-widget elementor-widget-heading\" data-id=\"c0f9d61\" data-element_type=\"widget\" data-widget_type=\"heading.default\">\n\t\t\t\t<div class=\"elementor-widget-container\">\n\t\t\t\t\t<h1 class=\"elementor-heading-title elementor-size-default\">DOMANDE FREQUENTI<\/h1>\t\t\t\t<\/div>\n\t\t\t\t<\/div>\n\t\t\t\t<div class=\"elementor-element elementor-element-aec6acf elementor-widget elementor-widget-text-editor\" data-id=\"aec6acf\" data-element_type=\"widget\" data-widget_type=\"text-editor.default\">\n\t\t\t\t<div class=\"elementor-widget-container\">\n\t\t\t\t\t\t\t\t\t<p><span style=\"color: #ffffff;\">Qui troverete tutte le domande che riceviamo maggiormente dai nostri soci e dalle persone che vogliono diventare soci. Nel caso in cui abbiate una domanda riguardante il CUBO, assicuratevi di leggerla!<\/span><\/p>\t\t\t\t\t\t\t\t<\/div>\n\t\t\t\t<\/div>\n\t\t\t\t\t<\/div>\n\t\t<\/div>\n\t\t\t\t\t<\/div>\n\t\t<\/section>\n\t\t\t\t<section class=\"elementor-section elementor-inner-section elementor-element elementor-element-dc8526c elementor-section-boxed elementor-section-height-default elementor-section-height-default\" data-id=\"dc8526c\" data-element_type=\"section\">\n\t\t\t\t\t\t<div class=\"elementor-container elementor-column-gap-default\">\n\t\t\t\t\t<div class=\"elementor-column elementor-col-100 elementor-inner-column elementor-element elementor-element-96610d5\" data-id=\"96610d5\" data-element_type=\"column\">\n\t\t\t<div class=\"elementor-widget-wrap elementor-element-populated\">\n\t\t\t\t\t\t<div class=\"elementor-element elementor-element-c9e2d10 elementor-widget elementor-widget-sword-accordion-one-widget\" data-id=\"c9e2d10\" data-element_type=\"widget\" data-widget_type=\"sword-accordion-one-widget.default\">\n\t\t\t\t<div class=\"elementor-widget-container\">\n\t\t\t\t\t        <div class=\"faq-wrapper\">\n            <div id=\"accordion-429707\">\n                                    <div class=\"faq-item active\">\n                        <h3 class=\"faq-title\"><span class=\"title\">  Che cos'\u00e8 il CUBO?<\/span><span\n                                    class=\"right-icon\"><\/span><\/h3>\n                        <div class=\"faq-content\">\n                            CUBE BCN \u00e8 un accogliente cannabis club situato nel centro di Barcellona, molto vicino alla Sagrada Familia. Orgogliosi della comunit\u00e0 che abbiamo costruito nel corso degli anni, vi invitiamo a visitarci e a diventare parte del CUBE.                            <div class=\"faq-list-area\">\n                                <h4 class=\"title\"><\/h4>\n                                                                    <ul class=\"faq-list\">\n                                        <li>Siamo a Barcellona.<\/li><li>Per accedere, \u00e8 necessario essere membri.<\/li><li>Qui \u00e8 possibile consumare legalmente la cannabis.<\/li>                                    <\/ul>\n                                                            <\/div>\n                            <div class=\"faq-inner-thumb-area\">\n                                <div class=\"row justify-content-center mb-30-none\">\n                                                                    <\/div>\n                            <\/div>\n                        <\/div>\n                    <\/div>\n                                    <div class=\"faq-item active\">\n                        <h3 class=\"faq-title\"><span class=\"title\">  Come posso diventare membro dell'associazione della cannabis CUBE?<\/span><span\n                                    class=\"right-icon\"><\/span><\/h3>\n                        <div class=\"faq-content\">\n                            \u00c8 necessario avere almeno 21 anni e presentarsi presso la nostra sede con un documento d'identit\u00e0 legale e una fototessera. \u00c8 possibile accelerare la procedura compilando il modulo sul nostro sito web!                             <div class=\"faq-list-area\">\n                                <h4 class=\"title\"><\/h4>\n                                                                    <ul class=\"faq-list\">\n                                        <li>Richiedete l'accesso utilizzando il modulo.<\/li><li>Venite con un partner che vi raccomandi.<\/li>                                    <\/ul>\n                                                            <\/div>\n                            <div class=\"faq-inner-thumb-area\">\n                                <div class=\"row justify-content-center mb-30-none\">\n                                                                    <\/div>\n                            <\/div>\n                        <\/div>\n                    <\/div>\n                                    <div class=\"faq-item active\">\n                        <h3 class=\"faq-title\"><span class=\"title\">  Come trattate i miei dati personali?<\/span><span\n                                    class=\"right-icon\"><\/span><\/h3>\n                        <div class=\"faq-content\">\n                            CUBE BCN conserva i vostri dati personali in modo sicuro e confidenziale e non li condivide con nessuno.                            <div class=\"faq-list-area\">\n                                <h4 class=\"title\"><\/h4>\n                                                                    <ul class=\"faq-list\">\n                                        <li>Proteggiamo i vostri dati.<\/li><li>\u00c8 nostra responsabilit\u00e0 farlo.<\/li>                                    <\/ul>\n                                                            <\/div>\n                            <div class=\"faq-inner-thumb-area\">\n                                <div class=\"row justify-content-center mb-30-none\">\n                                                                    <\/div>\n                            <\/div>\n                        <\/div>\n                    <\/div>\n                                    <div class=\"faq-item active\">\n                        <h3 class=\"faq-title\"><span class=\"title\">  Se sono gi\u00e0 un membro, ho bisogno di un documento d'identit\u00e0 per iscrivermi?<\/span><span\n                                    class=\"right-icon\"><\/span><\/h3>\n                        <div class=\"faq-content\">\n                            S\u00ec, chiediamo sempre un documento di identit\u00e0 all'ingresso, \u00e8 un requisito per entrare nel CUBE, quindi non dimenticate di portarlo!                            <div class=\"faq-list-area\">\n                                <h4 class=\"title\"><\/h4>\n                                                                    <ul class=\"faq-list\">\n                                        <li>Portate con voi un documento che vi identifichi.<\/li><li>Qualsiasi cosa emessa da un'autorit\u00e0 valida.<\/li>                                    <\/ul>\n                                                            <\/div>\n                            <div class=\"faq-inner-thumb-area\">\n                                <div class=\"row justify-content-center mb-30-none\">\n                                                                    <\/div>\n                            <\/div>\n                        <\/div>\n                    <\/div>\n                                    <div class=\"faq-item active\">\n                        <h3 class=\"faq-title\"><span class=\"title\">  Devo registrarmi ogni volta che vado al CUBE?<\/span><span\n                                    class=\"right-icon\"><\/span><\/h3>\n                        <div class=\"faq-content\">\n                            Certo che no. \u00c8 sufficiente registrarsi una volta se si \u00e8 soci effettivi. Dopodich\u00e9 basta presentarsi con un documento d'identit\u00e0 e si potr\u00e0 entrare nel club semplicemente identificandosi all'ingresso ;).                            <div class=\"faq-list-area\">\n                                <h4 class=\"title\"><\/h4>\n                                                                    <ul class=\"faq-list\">\n                                        <li>Registrazione la prima volta.<\/li><li>Accedere con l'abbonamento #.<\/li>                                    <\/ul>\n                                                            <\/div>\n                            <div class=\"faq-inner-thumb-area\">\n                                <div class=\"row justify-content-center mb-30-none\">\n                                                                    <\/div>\n                            <\/div>\n                        <\/div>\n                    <\/div>\n                                    <div class=\"faq-item active\">\n                        <h3 class=\"faq-title\"><span class=\"title\">  \u00c8 legale fumare marijuana a Barcellona?<\/span><span\n                                    class=\"right-icon\"><\/span><\/h3>\n                        <div class=\"faq-content\">\n                            Sebbene negli ultimi anni Barcellona sia emersa come la culla della cultura europea della cannabis, la realt\u00e0 \u00e8 che \u00e8 assolutamente vietato consumare cannabis negli spazi pubblici. Ci\u00f2 che \u00e8 legale, invece, \u00e8 farlo in un locale privato, proprio come il CUBE.                            <div class=\"faq-list-area\">\n                                <h4 class=\"title\"><\/h4>\n                                                                    <ul class=\"faq-list\">\n                                        <li>In spazi privati, s\u00ec.<\/li><li>Nelle aree pubbliche, NO.<\/li>                                    <\/ul>\n                                                            <\/div>\n                            <div class=\"faq-inner-thumb-area\">\n                                <div class=\"row justify-content-center mb-30-none\">\n                                                                    <\/div>\n                            <\/div>\n                        <\/div>\n                    <\/div>\n                                    <div class=\"faq-item active\">\n                        <h3 class=\"faq-title\"><span class=\"title\">  Posso acquistare marijuana online?<\/span><span\n                                    class=\"right-icon\"><\/span><\/h3>\n                        <div class=\"faq-content\">\n                            No, nessun club offre vendite di cannabis online.                            <div class=\"faq-list-area\">\n                                <h4 class=\"title\"><\/h4>\n                                                                    <ul class=\"faq-list\">\n                                        <li>NO. \u00c8 illegale.<\/li>                                    <\/ul>\n                                                            <\/div>\n                            <div class=\"faq-inner-thumb-area\">\n                                <div class=\"row justify-content-center mb-30-none\">\n                                                                    <\/div>\n                            <\/div>\n                        <\/div>\n                    <\/div>\n                                    <div class=\"faq-item active\">\n                        <h3 class=\"faq-title\"><span class=\"title\">  Qual \u00e8 la differenza tra CBD e THC?<\/span><span\n                                    class=\"right-icon\"><\/span><\/h3>\n                        <div class=\"faq-content\">\n                            Il CBD agisce come rilassante e il THC fornisce lo \"sballo\".                             <div class=\"faq-list-area\">\n                                <h4 class=\"title\"><\/h4>\n                                                                    <ul class=\"faq-list\">\n                                        <li>Per saperne di pi\u00f9 sull'argomento, cliccare qui: <\/li><li>https:\/\/cubebcn.com\/cbd-thc-y-sus-efectos-positivos-en-el-organismo\/<\/li>                                    <\/ul>\n                                                            <\/div>\n                            <div class=\"faq-inner-thumb-area\">\n                                <div class=\"row justify-content-center mb-30-none\">\n                                                                    <\/div>\n                            <\/div>\n                        <\/div>\n                    <\/div>\n                                    <div class=\"faq-item active\">\n                        <h3 class=\"faq-title\"><span class=\"title\">  Qual \u00e8 la differenza tra Indica e Sativa?<\/span><span\n                                    class=\"right-icon\"><\/span><\/h3>\n                        <div class=\"faq-content\">\n                            Qual \u00e8 la differenza tra Indica e Sativa?\n\nIndica: Ha un effetto rilassante e sedativo, ideale per una serata al cinema o per calmare lo stress.\nSativa: ha un effetto energizzante ed euforico, ideale per le attivit\u00e0 all'aperto, per ballare o per fare una passeggiata. Per saperne di pi\u00f9 sull'argomento, cliccate qui:\nhttps:\/\/cubebcn.com\/indica-o-sativa-diferencias-entre-tipologias-cannabicas\/\n\n                            <div class=\"faq-list-area\">\n                                <h4 class=\"title\"><\/h4>\n                                                                    <ul class=\"faq-list\">\n                                        <li>Indica = riposo e relax.<\/li><li>Sativa = euforia ed energia.<\/li>                                    <\/ul>\n                                                            <\/div>\n                            <div class=\"faq-inner-thumb-area\">\n                                <div class=\"row justify-content-center mb-30-none\">\n                                                                    <\/div>\n                            <\/div>\n                        <\/div>\n                    <\/div>\n                                    <div class=\"faq-item active\">\n                        <h3 class=\"faq-title\"><span class=\"title\">  Non mi piace fumare, offrite altre opzioni per consumare cannabis all'interno del club?<\/span><span\n                                    class=\"right-icon\"><\/span><\/h3>\n                        <div class=\"faq-content\">\n                            Se non vi piace fumare non preoccupatevi, a CUBE abbiamo bong, dab rig, vapes e bong per chiunque voglia svapare o provare alcuni degli estratti di cannabis che troverete nel nostro club.                            <div class=\"faq-list-area\">\n                                <h4 class=\"title\"><\/h4>\n                                                                    <ul class=\"faq-list\">\n                                        <li>Abbiamo vaporizzatori.<\/li><li>Anche bong e rig, nel nostro negozio.<\/li>                                    <\/ul>\n                                                            <\/div>\n                            <div class=\"faq-inner-thumb-area\">\n                                <div class=\"row justify-content-center mb-30-none\">\n                                                                    <\/div>\n                            <\/div>\n                        <\/div>\n                    <\/div>\n                            <\/div>\n        <\/div>\n        \t\t\t\t<\/div>\n\t\t\t\t<\/div>\n\t\t\t\t\t<\/div>\n\t\t<\/div>\n\t\t\t\t\t<\/div>\n\t\t<\/section>\n\t\t\t\t\t<\/div>\n\t\t<\/div>\n\t\t\t\t\t<\/div>\n\t\t<\/div>\n\t\t\t\t<\/div>","protected":false},"excerpt":{"rendered":"<p>DOMANDE FREQUENTI Qui troverete tutte le domande che riceviamo maggiormente dai nostri soci e da coloro che vogliono diventare soci. Nel caso in cui abbiate una domanda su CUBE, assicuratevi di leggerla! Cos'\u00e8 CUBE? CUBE BCN \u00e8 un club di cannabis amichevole situato nel centro di Barcellona, molto vicino alla Sagrada<\/p>","protected":false},"author":4,"featured_media":0,"parent":0,"menu_order":0,"comment_status":"closed","ping_status":"closed","template":"","meta":{"_joinchat":[],"footnotes":""},"class_list":["post-1045","page","type-page","status-publish","hentry"],"_links":{"self":[{"href":"https:\/\/cubebcn.com\/it\/wp-json\/wp\/v2\/pages\/1045","targetHints":{"allow":["GET"]}}],"collection":[{"href":"https:\/\/cubebcn.com\/it\/wp-json\/wp\/v2\/pages"}],"about":[{"href":"https:\/\/cubebcn.com\/it\/wp-json\/wp\/v2\/types\/page"}],"author":[{"embeddable":true,"href":"https:\/\/cubebcn.com\/it\/wp-json\/wp\/v2\/users\/4"}],"replies":[{"embeddable":true,"href":"https:\/\/cubebcn.com\/it\/wp-json\/wp\/v2\/comments?post=1045"}],"version-history":[{"count":18,"href":"https:\/\/cubebcn.com\/it\/wp-json\/wp\/v2\/pages\/1045\/revisions"}],"predecessor-version":[{"id":31706,"href":"https:\/\/cubebcn.com\/it\/wp-json\/wp\/v2\/pages\/1045\/revisions\/31706"}],"wp:attachment":[{"href":"https:\/\/cubebcn.com\/it\/wp-json\/wp\/v2\/media?parent=1045"}],"curies":[{"name":"wp","href":"https:\/\/api.w.org\/{rel}","templated":true}]}}