{"id":7795,"date":"2023-06-25T14:57:33","date_gmt":"2023-06-25T14:57:33","guid":{"rendered":"https:\/\/cubebcn.com\/?page_id=7795"},"modified":"2025-07-31T00:36:19","modified_gmt":"2025-07-31T00:36:19","slug":"pourquoi-cube","status":"publish","type":"page","link":"https:\/\/cubebcn.com\/fr\/pourquoi-cube\/","title":{"rendered":"Pourquoi Cube ?"},"content":{"rendered":"<div data-elementor-type=\"wp-page\" data-elementor-id=\"7795\" class=\"elementor elementor-7795\" data-elementor-post-type=\"page\">\n\t\t\t\t<div class=\"elementor-element elementor-element-7316675 e-flex e-con-boxed e-con e-parent\" data-id=\"7316675\" data-element_type=\"container\">\n\t\t\t\t\t<div class=\"e-con-inner\">\n\t\t\t\t<div class=\"elementor-element elementor-element-88a840e elementor-widget elementor-widget-heading\" data-id=\"88a840e\" data-element_type=\"widget\" data-widget_type=\"heading.default\">\n\t\t\t\t<div class=\"elementor-widget-container\">\n\t\t\t\t\t<h1 class=\"elementor-heading-title elementor-size-default\">QU'EST-CE QUE LE CUBE BARCELONE ?<\/h1>\t\t\t\t<\/div>\n\t\t\t\t<\/div>\n\t\t\t\t<div class=\"elementor-element elementor-element-eb7b129 elementor-widget elementor-widget-text-editor\" data-id=\"eb7b129\" data-element_type=\"widget\" data-widget_type=\"text-editor.default\">\n\t\t\t\t<div class=\"elementor-widget-container\">\n\t\t\t\t\t\t\t\t\t<p><span style=\"color: #ffffff;\">Cube BCN est un club de cannabis situ\u00e9 \u00e0 El Clot. Nous ne sommes pas le plus grand club, nous ne sommes pas le club le plus \u00e9l\u00e9gant, nous ne sommes pas un club de posture... Nous sommes CUBE, un petit club confortable qui travaille sans rel\u00e2che gr\u00e2ce \u00e0 ses collaborateurs, ses membres fid\u00e8les et ses produits de la plus haute qualit\u00e9.<\/span><\/p>\t\t\t\t\t\t\t\t<\/div>\n\t\t\t\t<\/div>\n\t\t\t\t\t<\/div>\n\t\t\t\t<\/div>\n\t\t<div class=\"elementor-element elementor-element-d65a1c9 e-flex e-con-boxed e-con e-parent\" data-id=\"d65a1c9\" data-element_type=\"container\">\n\t\t\t\t\t<div class=\"e-con-inner\">\n\t\t<div class=\"elementor-element elementor-element-2861338 e-con-full e-flex e-con e-child\" data-id=\"2861338\" data-element_type=\"container\">\n\t\t\t\t<div class=\"elementor-element elementor-element-d4bf6e0 elementor-widget-tablet__width-initial elementor-widget-mobile__width-inherit elementor-widget elementor-widget-sword-choose-single-item-widget\" data-id=\"d4bf6e0\" data-element_type=\"widget\" data-widget_type=\"sword-choose-single-item-widget.default\">\n\t\t\t\t<div class=\"elementor-widget-container\">\n\t\t\t\t\t        <div class=\"feature-item\">\r\n            <div class=\"feature-icon-area\">\r\n                <div class=\"feature-icon\">\r\n                   <i aria-hidden=\"true\" class=\"flaticon flaticon-volume\"><\/i>                <\/div>\r\n                <div class=\"feature-number\">\r\n                    <span><\/span>\r\n                <\/div>\r\n            <\/div>\r\n            <div class=\"feature-content\">\r\n                <a class=\"\"><h4\r\n                            class=\"title\">INSTALLATIONS S\u00c9CURIS\u00c9ES<\/h4>\r\n                <\/a>\r\n                <p>Au CUBE, vous vivrez une exp\u00e9rience authentique dans l'un des clubs de cannabis les plus accueillants du centre de Barcelone. Nous offrons un espace s\u00fbr et l\u00e9gal pour fumer, se d\u00e9tendre et partager avec une communaut\u00e9 qui ne cesse de cro\u00eetre. Bien que notre endroit soit intime, l'atmosph\u00e8re est vibrante : nous avons des pipes, des bongs, des rigs, du wifi et des boissons pour que vous ne manquiez de rien. Si vous cherchez un endroit pour profiter du cannabis \u00e0 Barcelone dans une atmosph\u00e8re d\u00e9tendue et amicale, CUBE est l'endroit qu'il vous faut.<\/p>\r\n            <\/div>\r\n        <\/div>\r\n        \t\t\t\t<\/div>\n\t\t\t\t<\/div>\n\t\t\t\t<\/div>\n\t\t<div class=\"elementor-element elementor-element-58cef49 e-con-full e-flex e-con e-child\" data-id=\"58cef49\" data-element_type=\"container\">\n\t\t\t\t<div class=\"elementor-element elementor-element-0469ead elementor-widget elementor-widget-image\" data-id=\"0469ead\" data-element_type=\"widget\" data-widget_type=\"image.default\">\n\t\t\t\t<div class=\"elementor-widget-container\">\n\t\t\t\t\t\t\t\t\t\t\t\t\t\t\t<img fetchpriority=\"high\" decoding=\"async\" width=\"683\" height=\"1024\" src=\"https:\/\/cubebcn.com\/wp-content\/uploads\/2025\/07\/weed-events-barcelona-683x1024.jpg\" class=\"attachment-large size-large wp-image-31552\" alt=\"\" srcset=\"https:\/\/cubebcn.com\/wp-content\/uploads\/2025\/07\/weed-events-barcelona-683x1024.jpg 683w, https:\/\/cubebcn.com\/wp-content\/uploads\/2025\/07\/weed-events-barcelona-200x300.jpg 200w, https:\/\/cubebcn.com\/wp-content\/uploads\/2025\/07\/weed-events-barcelona-768x1152.jpg 768w, https:\/\/cubebcn.com\/wp-content\/uploads\/2025\/07\/weed-events-barcelona-1024x1536.jpg 1024w, https:\/\/cubebcn.com\/wp-content\/uploads\/2025\/07\/weed-events-barcelona-1366x2048.jpg 1366w, https:\/\/cubebcn.com\/wp-content\/uploads\/2025\/07\/weed-events-barcelona-8x12.jpg 8w, https:\/\/cubebcn.com\/wp-content\/uploads\/2025\/07\/weed-events-barcelona-scaled.jpg 1707w\" sizes=\"(max-width: 683px) 100vw, 683px\" \/>\t\t\t\t\t\t\t\t\t\t\t\t\t\t\t<\/div>\n\t\t\t\t<\/div>\n\t\t\t\t<\/div>\n\t\t\t\t\t<\/div>\n\t\t\t\t<\/div>\n\t\t<div class=\"elementor-element elementor-element-20fb482 e-flex e-con-boxed e-con e-parent\" data-id=\"20fb482\" data-element_type=\"container\">\n\t\t\t\t\t<div class=\"e-con-inner\">\n\t\t<div class=\"elementor-element elementor-element-8b5c60e e-con-full e-flex e-con e-child\" data-id=\"8b5c60e\" data-element_type=\"container\">\n\t\t\t\t<div class=\"elementor-element elementor-element-a9d636d elementor-widget elementor-widget-image\" data-id=\"a9d636d\" data-element_type=\"widget\" data-widget_type=\"image.default\">\n\t\t\t\t<div class=\"elementor-widget-container\">\n\t\t\t\t\t\t\t\t\t\t\t\t\t\t\t<img decoding=\"async\" width=\"683\" height=\"1024\" src=\"https:\/\/cubebcn.com\/wp-content\/uploads\/2025\/07\/cube-barcelona-martes-verde-cannabis-club-683x1024.jpg\" class=\"attachment-large size-large wp-image-31456\" alt=\"\" srcset=\"https:\/\/cubebcn.com\/wp-content\/uploads\/2025\/07\/cube-barcelona-martes-verde-cannabis-club-683x1024.jpg 683w, https:\/\/cubebcn.com\/wp-content\/uploads\/2025\/07\/cube-barcelona-martes-verde-cannabis-club-200x300.jpg 200w, https:\/\/cubebcn.com\/wp-content\/uploads\/2025\/07\/cube-barcelona-martes-verde-cannabis-club-768x1152.jpg 768w, https:\/\/cubebcn.com\/wp-content\/uploads\/2025\/07\/cube-barcelona-martes-verde-cannabis-club-1024x1536.jpg 1024w, https:\/\/cubebcn.com\/wp-content\/uploads\/2025\/07\/cube-barcelona-martes-verde-cannabis-club-1366x2048.jpg 1366w, https:\/\/cubebcn.com\/wp-content\/uploads\/2025\/07\/cube-barcelona-martes-verde-cannabis-club-8x12.jpg 8w, https:\/\/cubebcn.com\/wp-content\/uploads\/2025\/07\/cube-barcelona-martes-verde-cannabis-club-scaled.jpg 1707w\" sizes=\"(max-width: 683px) 100vw, 683px\" \/>\t\t\t\t\t\t\t\t\t\t\t\t\t\t\t<\/div>\n\t\t\t\t<\/div>\n\t\t\t\t<\/div>\n\t\t<div class=\"elementor-element elementor-element-7832752 e-con-full e-flex e-con e-child\" data-id=\"7832752\" data-element_type=\"container\">\n\t\t\t\t<div class=\"elementor-element elementor-element-5a8f1bf elementor-widget-tablet__width-initial elementor-widget-mobile__width-inherit elementor-widget elementor-widget-sword-choose-single-item-widget\" data-id=\"5a8f1bf\" data-element_type=\"widget\" data-widget_type=\"sword-choose-single-item-widget.default\">\n\t\t\t\t<div class=\"elementor-widget-container\">\n\t\t\t\t\t        <div class=\"feature-item\">\r\n            <div class=\"feature-icon-area\">\r\n                <div class=\"feature-icon\">\r\n                   <i aria-hidden=\"true\" class=\"fas fa-joint\"><\/i>                <\/div>\r\n                <div class=\"feature-number\">\r\n                    <span><\/span>\r\n                <\/div>\r\n            <\/div>\r\n            <div class=\"feature-content\">\r\n                <a class=\"\"><h4\r\n                            class=\"title\">CULTURE DU CANNABIS<\/h4>\r\n                <\/a>\r\n                <p>\u00c0 CUBE, nous promouvons avec passion la culture du cannabis, en particulier celle qui fait partie de l'ADN de Barcelone. Nous croyons en tout ce qu'elle repr\u00e9sente : la communaut\u00e9, le respect et la libert\u00e9. Pour renforcer ces valeurs, nous organisons des \u00e9v\u00e9nements qui rassemblent les membres, les collaborateurs et les amateurs de cannabis dans une atmosph\u00e8re d\u00e9tendue et familiale. Plus qu'un club, nous sommes une famille qui s'agrandit \u00e0 chaque rencontre, partageant des exp\u00e9riences uniques dans l'un des espaces cannabis les plus authentiques de la ville.\n\n<\/p>\r\n            <\/div>\r\n        <\/div>\r\n        \t\t\t\t<\/div>\n\t\t\t\t<\/div>\n\t\t\t\t<\/div>\n\t\t\t\t\t<\/div>\n\t\t\t\t<\/div>\n\t\t<div class=\"elementor-element elementor-element-6063da6 e-flex e-con-boxed e-con e-parent\" data-id=\"6063da6\" data-element_type=\"container\">\n\t\t\t\t\t<div class=\"e-con-inner\">\n\t\t<div class=\"elementor-element elementor-element-51aa237 e-con-full e-flex e-con e-child\" data-id=\"51aa237\" data-element_type=\"container\">\n\t\t\t\t<div class=\"elementor-element elementor-element-9cd312c elementor-widget-tablet__width-initial elementor-widget-mobile__width-inherit elementor-widget elementor-widget-sword-choose-single-item-widget\" data-id=\"9cd312c\" data-element_type=\"widget\" data-widget_type=\"sword-choose-single-item-widget.default\">\n\t\t\t\t<div class=\"elementor-widget-container\">\n\t\t\t\t\t        <div class=\"feature-item\">\r\n            <div class=\"feature-icon-area\">\r\n                <div class=\"feature-icon\">\r\n                   <i aria-hidden=\"true\" class=\"flaticon flaticon-qualified\"><\/i>                <\/div>\r\n                <div class=\"feature-number\">\r\n                    <span><\/span>\r\n                <\/div>\r\n            <\/div>\r\n            <div class=\"feature-content\">\r\n                <a class=\"\"><h4\r\n                            class=\"title\">LA QUALIT\u00c9 DU CUBE<\/h4>\r\n                <\/a>\r\n                <p>En tant qu'association de cannabis \u00e0 Barcelone, \u00e0 CUBE nous prenons soin de chaque d\u00e9tail pour offrir une exp\u00e9rience de qualit\u00e9 et maintenir la r\u00e9putation que nous avons gagn\u00e9e. Nous sommes fiers de proposer certaines des meilleures vari\u00e9t\u00e9s de cannabis et de concentr\u00e9s de la ville, toujours \u00e0 des prix justes et abordables. Notre menu comprend une large s\u00e9lection de vari\u00e9t\u00e9s pour tous les go\u00fbts et tous les niveaux d'exp\u00e9rience. Chez CUBE, notre priorit\u00e9 est que chaque visite r\u00e9ponde \u00e0 vos attentes, voire les d\u00e9passe. Ici, la qualit\u00e9 n'est pas une option : c'est la norme.\n\n<\/p>\r\n            <\/div>\r\n        <\/div>\r\n        \t\t\t\t<\/div>\n\t\t\t\t<\/div>\n\t\t\t\t<\/div>\n\t\t<div class=\"elementor-element elementor-element-40153e2 e-con-full e-flex e-con e-child\" data-id=\"40153e2\" data-element_type=\"container\">\n\t\t\t\t<div class=\"elementor-element elementor-element-78a77c0 elementor-widget elementor-widget-image\" data-id=\"78a77c0\" data-element_type=\"widget\" data-widget_type=\"image.default\">\n\t\t\t\t<div class=\"elementor-widget-container\">\n\t\t\t\t\t\t\t\t\t\t\t\t\t\t\t<img decoding=\"async\" width=\"740\" height=\"553\" src=\"https:\/\/cubebcn.com\/wp-content\/uploads\/2025\/06\/smoke-weed-barcelona-1024x765.jpg\" class=\"attachment-large size-large wp-image-31080\" alt=\"fumer de l&#039;herbe barcelone\" srcset=\"https:\/\/cubebcn.com\/wp-content\/uploads\/2025\/06\/smoke-weed-barcelona-1024x765.jpg 1024w, https:\/\/cubebcn.com\/wp-content\/uploads\/2025\/06\/smoke-weed-barcelona-300x224.jpg 300w, https:\/\/cubebcn.com\/wp-content\/uploads\/2025\/06\/smoke-weed-barcelona-768x574.jpg 768w, https:\/\/cubebcn.com\/wp-content\/uploads\/2025\/06\/smoke-weed-barcelona-1536x1148.jpg 1536w, https:\/\/cubebcn.com\/wp-content\/uploads\/2025\/06\/smoke-weed-barcelona-16x12.jpg 16w, https:\/\/cubebcn.com\/wp-content\/uploads\/2025\/06\/smoke-weed-barcelona.jpg 1984w\" sizes=\"(max-width: 740px) 100vw, 740px\" \/>\t\t\t\t\t\t\t\t\t\t\t\t\t\t\t<\/div>\n\t\t\t\t<\/div>\n\t\t\t\t<\/div>\n\t\t\t\t\t<\/div>\n\t\t\t\t<\/div>\n\t\t<div class=\"elementor-element elementor-element-48b445f e-flex e-con-boxed e-con e-parent\" data-id=\"48b445f\" data-element_type=\"container\">\n\t\t\t\t\t<div class=\"e-con-inner\">\n\t\t<div class=\"elementor-element elementor-element-be4548e e-con-full e-flex e-con e-child\" data-id=\"be4548e\" data-element_type=\"container\">\n\t\t\t\t<div class=\"elementor-element elementor-element-3d24e13 elementor-widget elementor-widget-image\" data-id=\"3d24e13\" data-element_type=\"widget\" data-widget_type=\"image.default\">\n\t\t\t\t<div class=\"elementor-widget-container\">\n\t\t\t\t\t\t\t\t\t\t\t\t\t\t\t<img loading=\"lazy\" decoding=\"async\" width=\"683\" height=\"1024\" src=\"https:\/\/cubebcn.com\/wp-content\/uploads\/2025\/07\/cuanto-pesa-el-cogollo-evento-cube-barcelona-683x1024.jpg\" class=\"attachment-large size-large wp-image-31503\" alt=\"\" srcset=\"https:\/\/cubebcn.com\/wp-content\/uploads\/2025\/07\/cuanto-pesa-el-cogollo-evento-cube-barcelona-683x1024.jpg 683w, https:\/\/cubebcn.com\/wp-content\/uploads\/2025\/07\/cuanto-pesa-el-cogollo-evento-cube-barcelona-200x300.jpg 200w, https:\/\/cubebcn.com\/wp-content\/uploads\/2025\/07\/cuanto-pesa-el-cogollo-evento-cube-barcelona-768x1152.jpg 768w, https:\/\/cubebcn.com\/wp-content\/uploads\/2025\/07\/cuanto-pesa-el-cogollo-evento-cube-barcelona-1024x1536.jpg 1024w, https:\/\/cubebcn.com\/wp-content\/uploads\/2025\/07\/cuanto-pesa-el-cogollo-evento-cube-barcelona-1366x2048.jpg 1366w, https:\/\/cubebcn.com\/wp-content\/uploads\/2025\/07\/cuanto-pesa-el-cogollo-evento-cube-barcelona-8x12.jpg 8w, https:\/\/cubebcn.com\/wp-content\/uploads\/2025\/07\/cuanto-pesa-el-cogollo-evento-cube-barcelona-scaled.jpg 1707w\" sizes=\"(max-width: 683px) 100vw, 683px\" \/>\t\t\t\t\t\t\t\t\t\t\t\t\t\t\t<\/div>\n\t\t\t\t<\/div>\n\t\t\t\t<\/div>\n\t\t<div class=\"elementor-element elementor-element-4083c73 e-con-full e-flex e-con e-child\" data-id=\"4083c73\" data-element_type=\"container\">\n\t\t\t\t<div class=\"elementor-element elementor-element-89481f4 elementor-widget-tablet__width-initial elementor-widget-mobile__width-inherit elementor-widget elementor-widget-sword-choose-single-item-widget\" data-id=\"89481f4\" data-element_type=\"widget\" data-widget_type=\"sword-choose-single-item-widget.default\">\n\t\t\t\t<div class=\"elementor-widget-container\">\n\t\t\t\t\t        <div class=\"feature-item\">\r\n            <div class=\"feature-icon-area\">\r\n                <div class=\"feature-icon\">\r\n                   <i aria-hidden=\"true\" class=\"flaticon flaticon-consultation\"><\/i>                <\/div>\r\n                <div class=\"feature-number\">\r\n                    <span><\/span>\r\n                <\/div>\r\n            <\/div>\r\n            <div class=\"feature-content\">\r\n                <a class=\"\"><h4\r\n                            class=\"title\">NOTRE COMMUNAUT\u00c9<\/h4>\r\n                <\/a>\r\n                <p>Ce qui nous d\u00e9finit vraiment \u00e0 CUBE, c'est notre communaut\u00e9. Ici, on ne vient pas seulement pour d\u00e9guster du cannabis, mais aussi pour partager des moments. Nous organisons des \u00e9v\u00e9nements hebdomadaires tels que des soir\u00e9es pizza, du karaok\u00e9 ou des s\u00e9ances de cin\u00e9ma, ce qui rend chaque visite diff\u00e9rente. Si vous \u00eates \u00e0 la recherche d'un club social de cannabis \u00e0 Barcelone o\u00f9 vous pouvez vous connecter avec des personnes partageant les m\u00eames id\u00e9es et vivre une exp\u00e9rience authentique, CUBE est l'endroit qu'il vous faut. Plus qu'un club, nous sommes une communaut\u00e9 unie par la m\u00eame passion.<\/p>\r\n            <\/div>\r\n        <\/div>\r\n        \t\t\t\t<\/div>\n\t\t\t\t<\/div>\n\t\t\t\t<\/div>\n\t\t\t\t\t<\/div>\n\t\t\t\t<\/div>\n\t\t\t\t<div class=\"elementor-section elementor-top-section elementor-element elementor-element-57e17d34 elementor-section-stretched elementor-section-boxed elementor-section-height-default elementor-section-height-default\" data-id=\"57e17d34\" data-element_type=\"section\" data-settings=\"{&quot;stretch_section&quot;:&quot;section-stretched&quot;,&quot;background_background&quot;:&quot;classic&quot;}\">\n\t\t\t\t\t\t\t<div class=\"elementor-background-overlay\"><\/div>\n\t\t\t\t\t\t\t<div class=\"elementor-container elementor-column-gap-no\">\n\t\t\t\t\t<div class=\"elementor-column elementor-col-100 elementor-top-column elementor-element elementor-element-64c750ce\" data-id=\"64c750ce\" data-element_type=\"column\">\n\t\t\t<div class=\"elementor-widget-wrap elementor-element-populated\">\n\t\t\t\t\t\t<section class=\"elementor-section elementor-inner-section elementor-element elementor-element-2ea04d52 elementor-section-boxed elementor-section-height-default elementor-section-height-default\" data-id=\"2ea04d52\" data-element_type=\"section\">\n\t\t\t\t\t\t<div class=\"elementor-container elementor-column-gap-no\">\n\t\t\t\t\t<div class=\"elementor-column elementor-col-50 elementor-inner-column elementor-element elementor-element-62dba894\" data-id=\"62dba894\" data-element_type=\"column\">\n\t\t\t<div class=\"elementor-widget-wrap elementor-element-populated\">\n\t\t\t\t\t\t<div class=\"elementor-element elementor-element-30d6fcca elementor-widget elementor-widget-image\" data-id=\"30d6fcca\" data-element_type=\"widget\" data-widget_type=\"image.default\">\n\t\t\t\t<div class=\"elementor-widget-container\">\n\t\t\t\t\t\t\t\t\t\t\t\t\t\t\t<img decoding=\"async\" src=\"https:\/\/cubebcn.com\/wp-content\/uploads\/elementor\/thumbs\/evento-hash-cata-cube-barcelona-domingo-scaled-r9a963ky2wfrcbjx8ocgxhxill09ndheizf7mdkpdo.jpg\" title=\"\u00e9v\u00e9nement-d\u00e9gustation-cube-barcelone-dimanche\" alt=\"\u00e9v\u00e9nement-d\u00e9gustation-cube-barcelone-dimanche\" loading=\"lazy\" \/>\t\t\t\t\t\t\t\t\t\t\t\t\t\t\t<\/div>\n\t\t\t\t<\/div>\n\t\t\t\t\t<\/div>\n\t\t<\/div>\n\t\t\t\t<div class=\"elementor-column elementor-col-50 elementor-inner-column elementor-element elementor-element-4540b7b\" data-id=\"4540b7b\" data-element_type=\"column\">\n\t\t\t<div class=\"elementor-widget-wrap elementor-element-populated\">\n\t\t\t\t\t\t<div class=\"elementor-element elementor-element-6c423116 elementor-widget elementor-widget-sword-theme-heading-title-one-widget\" data-id=\"6c423116\" data-element_type=\"widget\" data-widget_type=\"sword-theme-heading-title-one-widget.default\">\n\t\t\t\t<div class=\"elementor-widget-container\">\n\t\t\t\t\t        <div class=\"theme-heading-title white\"\r\n             style=\"text-align:left\">\r\n                        <h3 class=\"title\">\r\n                D\u00c9TENDEZ-VOUS <span>CUBE<\/span>            <\/h3>\r\n            <p>Nous sommes bien plus qu'un club de cannabis. Nous sommes une communaut\u00e9, un endroit o\u00f9 vous pouvez vous d\u00e9tendre, rencontrer de nouvelles personnes et profiter de la marijuana et des concentr\u00e9s de haute qualit\u00e9 \u00e0 un prix incroyable. Nous proposons diff\u00e9rentes activit\u00e9s hebdomadaires et garantissons de bonnes vibrations.<\/p>        <\/div>\r\n        \t\t\t\t<\/div>\n\t\t\t\t<\/div>\n\t\t\t\t<div class=\"elementor-element elementor-element-1d561513 elementor-widget elementor-widget-sword-icon-box-item-widget\" data-id=\"1d561513\" data-element_type=\"widget\" data-widget_type=\"sword-icon-box-item-widget.default\">\n\t\t\t\t<div class=\"elementor-widget-container\">\n\t\t\t\t\t\n        <div class=\"icon-box-item left white\"\n             style=\"text-align:left\">\n            <div class=\"icon-wrap\">\n                                    <div class=\"icon shape\">\n                        <i aria-hidden=\"true\" class=\"fas fa-comments\"><\/i>                    <\/div>\n                            <\/div>\n            <div class=\"content\">\n                <a class=\"icon-box-anchor\" ><h3 class=\"title\">UNE COMMUNAUT\u00c9<\/h3><\/a><p>En tant que club social du cannabis, notre priorit\u00e9 est nos membres et nous travaillons chaque jour pour maintenir une communaut\u00e9 unie et saine.<\/p>            <\/div>\n        <\/div>\n\n        \t\t\t\t<\/div>\n\t\t\t\t<\/div>\n\t\t\t\t<div class=\"elementor-element elementor-element-5170378d elementor-widget elementor-widget-sword-icon-box-item-widget\" data-id=\"5170378d\" data-element_type=\"widget\" data-widget_type=\"sword-icon-box-item-widget.default\">\n\t\t\t\t<div class=\"elementor-widget-container\">\n\t\t\t\t\t\n        <div class=\"icon-box-item left white\"\n             style=\"text-align:left\">\n            <div class=\"icon-wrap\">\n                                    <div class=\"icon shape\">\n                        <i aria-hidden=\"true\" class=\"fas fa-star\"><\/i>                    <\/div>\n                            <\/div>\n            <div class=\"content\">\n                <a class=\"icon-box-anchor\" ><h3 class=\"title\">LA QUALIT\u00c9 POUR NOS PARTENAIRES<\/h3><\/a><p>Nous testons tous nos produits pour savoir ce que nous offrons. Avec des employ\u00e9s form\u00e9s sur le terrain, nous nous assurons toujours d'offrir la meilleure qualit\u00e9 de cannabis.<\/p>            <\/div>\n        <\/div>\n\n        \t\t\t\t<\/div>\n\t\t\t\t<\/div>\n\t\t\t\t<div class=\"elementor-element elementor-element-544418fd elementor-widget elementor-widget-button\" data-id=\"544418fd\" data-element_type=\"widget\" data-widget_type=\"button.default\">\n\t\t\t\t<div class=\"elementor-widget-container\">\n\t\t\t\t\t\t\t\t\t<div class=\"elementor-button-wrapper\">\n\t\t\t\t\t<a class=\"elementor-button elementor-button-link elementor-size-md\" href=\"https:\/\/cubebcn.com\/fr\/questions-frequemment-posees\/\">\n\t\t\t\t\t\t<span class=\"elementor-button-content-wrapper\">\n\t\t\t\t\t\t<span class=\"elementor-button-icon\">\n\t\t\t\t<i aria-hidden=\"true\" class=\"fas fa-arrow-right\"><\/i>\t\t\t<\/span>\n\t\t\t\t\t\t\t\t\t<span class=\"elementor-button-text\">Questions fr\u00e9quemment pos\u00e9es<\/span>\n\t\t\t\t\t<\/span>\n\t\t\t\t\t<\/a>\n\t\t\t\t<\/div>\n\t\t\t\t\t\t\t\t<\/div>\n\t\t\t\t<\/div>\n\t\t\t\t\t<\/div>\n\t\t<\/div>\n\t\t\t\t\t<\/div>\n\t\t<\/section>\n\t\t\t\t\t<\/div>\n\t\t<\/div>\n\t\t\t\t\t<\/div>\n\t\t<\/div>\n\t\t\t\t<\/div>","protected":false},"excerpt":{"rendered":"<p>QU'EST-CE QUE LE CUBE BARCELONE ? Cube BCN est un club de cannabis situ\u00e9 \u00e0 El Clot. Nous ne sommes pas le plus grand club, nous ne sommes pas le club le plus \u00e9l\u00e9gant, nous ne sommes pas un club de posture... Nous sommes CUBE, un petit club confortable qui travaille sans rel\u00e2che gr\u00e2ce \u00e0 nos collaborateurs, nos membres fid\u00e8les et des produits de la plus haute qualit\u00e9.<\/p>","protected":false},"author":4,"featured_media":0,"parent":0,"menu_order":0,"comment_status":"closed","ping_status":"closed","template":"","meta":{"_joinchat":[],"footnotes":""},"class_list":["post-7795","page","type-page","status-publish","hentry"],"_links":{"self":[{"href":"https:\/\/cubebcn.com\/fr\/wp-json\/wp\/v2\/pages\/7795","targetHints":{"allow":["GET"]}}],"collection":[{"href":"https:\/\/cubebcn.com\/fr\/wp-json\/wp\/v2\/pages"}],"about":[{"href":"https:\/\/cubebcn.com\/fr\/wp-json\/wp\/v2\/types\/page"}],"author":[{"embeddable":true,"href":"https:\/\/cubebcn.com\/fr\/wp-json\/wp\/v2\/users\/4"}],"replies":[{"embeddable":true,"href":"https:\/\/cubebcn.com\/fr\/wp-json\/wp\/v2\/comments?post=7795"}],"version-history":[{"count":33,"href":"https:\/\/cubebcn.com\/fr\/wp-json\/wp\/v2\/pages\/7795\/revisions"}],"predecessor-version":[{"id":31600,"href":"https:\/\/cubebcn.com\/fr\/wp-json\/wp\/v2\/pages\/7795\/revisions\/31600"}],"wp:attachment":[{"href":"https:\/\/cubebcn.com\/fr\/wp-json\/wp\/v2\/media?parent=7795"}],"curies":[{"name":"wp","href":"https:\/\/api.w.org\/{rel}","templated":true}]}}