{"id":6619,"date":"2023-05-04T14:43:50","date_gmt":"2023-05-04T14:43:50","guid":{"rendered":"https:\/\/cubebcn.com\/?page_id=6619"},"modified":"2024-12-17T11:38:11","modified_gmt":"2024-12-17T11:38:11","slug":"quest-ce-que-la-propriete-et-lutilisation-du-thc","status":"publish","type":"page","link":"https:\/\/cubebcn.com\/fr\/quest-ce-que-la-propriete-et-lutilisation-du-thc\/","title":{"rendered":"Qu'est-ce que le THC ? Propri\u00e9t\u00e9s et utilisations"},"content":{"rendered":"<h1><strong><strong>Qu'est-ce que le THC ?<\/strong><\/strong><\/h1>\n<p>Le t\u00e9trahydrocannabinol, ou THC, est l'un des cannabino\u00efdes les plus connus de la plante de cannabis. C'est le principal composant psychoactif responsable de la \"d\u00e9fonce\" associ\u00e9e \u00e0 la consommation de cannabis, la substance qui vous fait rire et oublier ce que vous venez de dire. Cependant, le THC poss\u00e8de de nombreuses autres propri\u00e9t\u00e9s au-del\u00e0 de son usage r\u00e9cr\u00e9atif, ce qui en fait un compos\u00e9 fascinant avec un large \u00e9ventail d'utilisations potentielles.<\/p>\n<p><strong>Propri\u00e9t\u00e9s du THC<\/strong><\/p>\n<p>Le THC est une mol\u00e9cule liposoluble qui traverse facilement la barri\u00e8re h\u00e9mato-enc\u00e9phalique et se lie aux r\u00e9cepteurs cannabino\u00efdes du cerveau (CB1 et CB2), qui font partie du syst\u00e8me endocannabino\u00efde du corps humain. Cette liaison produit divers effets physiologiques, notamment une alt\u00e9ration de la perception du temps, une euphorie, des effets sensoriels accrus, des rires et une alt\u00e9ration des fonctions cognitives. Le THC a \u00e9galement des propri\u00e9t\u00e9s analg\u00e9siques, anti-inflammatoires et anti\u00e9m\u00e9tiques (c'est-\u00e0-dire qu'il peut \u00eatre utilis\u00e9 pour traiter les naus\u00e9es ou pr\u00e9venir les vomissements).<\/p>\n<p><strong>M\u00e9thodes de consommation<\/strong><\/p>\n<p>Les effets du THC varient en fonction de la dose, de la m\u00e9thode d'administration et de la sensibilit\u00e9 de l'individu au compos\u00e9. Par exemple, fumer ou vaporiser du cannabis lib\u00e8re rapidement le THC dans la circulation sanguine et le cerveau, ce qui entra\u00eene une apparition rapide des effets qui durent moins longtemps. En revanche, les edibles ou les g\u00e9lules mettent plus de temps \u00e0 produire des effets, mais ceux-ci peuvent durer plusieurs heures. En outre, le THC peut \u00eatre br\u00fbl\u00e9 et partiellement d\u00e9truit lorsqu'il est expos\u00e9 \u00e0 une source de chaleur intense telle qu'une flamme ou un four. La quantit\u00e9 de THC que nous consommons est donc diff\u00e9rente si nous fumons un joint et cuisons un brownie (o\u00f9 la chaleur peut d\u00e9truire jusqu'\u00e0 30% de THC au cours du processus) ou si nous le vaporisons \u00e0 une temp\u00e9rature plus basse qui conserve un pourcentage plus \u00e9lev\u00e9 de la quantit\u00e9 originale de THC dans la souche.<\/p>\n<p><strong>Utilisations du THC<\/strong><\/p>\n<p><strong>Utilisations m\u00e9dicales :<\/strong><br \/>\nIl a \u00e9t\u00e9 d\u00e9montr\u00e9 que le THC a des effets th\u00e9rapeutiques sur diverses affections, notamment les douleurs chroniques, les naus\u00e9es, les vomissements et les spasmes musculaires. Il est \u00e9galement utilis\u00e9 pour stimuler l'app\u00e9tit chez les patients atteints du VIH\/SIDA et du cancer qui souffrent d'une perte d'app\u00e9tit due \u00e0 leur maladie ou \u00e0 leur traitement.<\/p>\n<p><strong>Utilisations industrielles :<\/strong><br \/>\nIl a \u00e9galement des utilisations industrielles potentielles. Il peut par exemple servir de biocarburant, de mat\u00e9riau de construction ou de fibre pour les v\u00eatements et les textiles. Toutefois, ces applications ne sont pas encore tr\u00e8s r\u00e9pandues en raison des restrictions l\u00e9gales et de la difficult\u00e9 de cultiver le cannabis \u00e0 des fins industrielles.<\/p>\n<p><strong>Utilisations \u00e0 des fins de recherche :<\/strong><br \/>\nLe THC est \u00e9galement utilis\u00e9 dans la recherche scientifique pour mieux comprendre ses effets sur le cerveau et le corps. Il est \u00e9tudi\u00e9 en tant que traitement potentiel pour un certain nombre de pathologies, telles que l'\u00e9pilepsie, la scl\u00e9rose en plaques et le syndrome de stress post-traumatique.<\/p>\n<p><strong>Utilisations r\u00e9cr\u00e9atives :<\/strong><br \/>\nLes propri\u00e9t\u00e9s psychoactives du THC en ont fait une drogue r\u00e9cr\u00e9ative populaire depuis des si\u00e8cles, utilis\u00e9e pour ses effets euphorisants et sa perception alt\u00e9r\u00e9e. Comme il existe diff\u00e9rents types de cannabis et de croisements de souches qui ont des g\u00e8nes diff\u00e9rents et des pourcentages variables de THC et de CBD, les usages r\u00e9cr\u00e9atifs sont \u00e9galement diversifi\u00e9s. Certains types de cannabis ont un pourcentage plus \u00e9lev\u00e9 de g\u00e8nes Indica qui peuvent donner une sensation de d\u00e9tente et de d\u00e9connexion et peuvent \u00eatre utilis\u00e9s pour des activit\u00e9s relaxantes qui ne n\u00e9cessitent pas de concentration mentale. D'autres hybrides, plus orient\u00e9s vers un h\u00e9ritage Sativa, peuvent donner une sensation d'optimisme, de bavardage et d'hyperconcentration, et sont id\u00e9aux pour des activit\u00e9s cr\u00e9atives ou sociales.<\/p>\n<p><strong>Le THC est-il sans danger ?<\/strong><br \/>\nBien que le THC ait de nombreuses utilisations potentielles, comme la plupart des substances psychoactives, il n'est pas sans risque. Des doses \u00e9lev\u00e9es de THC peuvent produire des effets secondaires d\u00e9sagr\u00e9ables, tels que la parano\u00efa, l'anxi\u00e9t\u00e9 et les hallucinations. La consommation r\u00e9guli\u00e8re de THC peut \u00e9galement entra\u00eener une d\u00e9pendance, car notre corps - qui, dans des circonstances normales, produit ses propres endocannabino\u00efdes qui aident \u00e0 r\u00e9guler de nombreuses fonctions de notre syst\u00e8me - avec une forte consommation de THC peut cesser d'en produire autant et nous aurons donc besoin d'un stimulus externe. doses de cannabino\u00efdes pour r\u00e9pondre \u00e0 la demande de notre corps. C'est dans ces cas que certaines personnes peuvent d\u00e9velopper un trouble de l'usage du cannabis. Si vous souhaitez en savoir plus sur la d\u00e9pendance et les moyens de la combattre, nous vous invitons \u00e0 consulter cet autre article.<\/p>\n<p>Il est important d'utiliser le THC de mani\u00e8re responsable et de comprendre les risques et les avantages possibles avant de le consommer, et surtout de s'assurer que vous consommez un produit de bonne qualit\u00e9 et non alt\u00e9r\u00e9. C'est pourquoi nous vous recommandons d'obtenir vos produits de cannabis directement aupr\u00e8s d'un dispensaire ou d'un club de cannabis ici \u00e0 Barcelone. Il s'agit d'institutions approuv\u00e9es par le gouvernement qui offrent d'excellents produits et disposent d'un personnel exp\u00e9riment\u00e9 qui peut vous conseiller sur n'importe quelle question li\u00e9e au cannabis. Si vous n'\u00eates pas encore membre d'un club, vous pouvez demander une invitation au club de cannabis sur le site web du club en cliquant sur <a href=\"https:\/\/cubebcn.com\/fr\/devenir-membre\/\"><strong> \"DEVENIR MEMBRE\".<\/strong><\/a><\/p>\n<p>Nous esp\u00e9rons que cet article a \u00e9t\u00e9 utile et qu'une meilleure compr\u00e9hension des propri\u00e9t\u00e9s et des utilisations du THC peut conduire \u00e0 une utilisation meilleure et plus s\u00fbre et \u00e0 des utilisateurs plus heureux et en meilleure sant\u00e9.<\/p>","protected":false},"excerpt":{"rendered":"<p>Qu'est-ce que le THC ? Le t\u00e9trahydrocannabinol, ou THC, est l'un des cannabino\u00efdes les plus connus de la plante de cannabis. C'est le principal composant psychoactif responsable de la \"d\u00e9fonce\" associ\u00e9e \u00e0 la consommation de cannabis, la substance qui vous fait rire et oublier ce que vous venez de dire. Cependant, le THC a<\/p>","protected":false},"author":4,"featured_media":6624,"parent":0,"menu_order":0,"comment_status":"closed","ping_status":"closed","template":"","meta":{"_joinchat":[],"footnotes":""},"class_list":["post-6619","page","type-page","status-publish","has-post-thumbnail","hentry"],"_links":{"self":[{"href":"https:\/\/cubebcn.com\/fr\/wp-json\/wp\/v2\/pages\/6619","targetHints":{"allow":["GET"]}}],"collection":[{"href":"https:\/\/cubebcn.com\/fr\/wp-json\/wp\/v2\/pages"}],"about":[{"href":"https:\/\/cubebcn.com\/fr\/wp-json\/wp\/v2\/types\/page"}],"author":[{"embeddable":true,"href":"https:\/\/cubebcn.com\/fr\/wp-json\/wp\/v2\/users\/4"}],"replies":[{"embeddable":true,"href":"https:\/\/cubebcn.com\/fr\/wp-json\/wp\/v2\/comments?post=6619"}],"version-history":[{"count":4,"href":"https:\/\/cubebcn.com\/fr\/wp-json\/wp\/v2\/pages\/6619\/revisions"}],"predecessor-version":[{"id":21298,"href":"https:\/\/cubebcn.com\/fr\/wp-json\/wp\/v2\/pages\/6619\/revisions\/21298"}],"wp:featuredmedia":[{"embeddable":true,"href":"https:\/\/cubebcn.com\/fr\/wp-json\/wp\/v2\/media\/6624"}],"wp:attachment":[{"href":"https:\/\/cubebcn.com\/fr\/wp-json\/wp\/v2\/media?parent=6619"}],"curies":[{"name":"wp","href":"https:\/\/api.w.org\/{rel}","templated":true}]}}