{"id":30665,"date":"2025-05-12T16:11:09","date_gmt":"2025-05-12T16:11:09","guid":{"rendered":"https:\/\/cubebcn.com\/?page_id=30665"},"modified":"2025-09-02T21:40:44","modified_gmt":"2025-09-02T21:40:44","slug":"dimanche-de-la-hache-dans-le-cube","status":"publish","type":"page","link":"https:\/\/cubebcn.com\/fr\/evenements\/dimanche-de-la-hache-dans-le-cube\/","title":{"rendered":"Le dimanche des haricots au CUBE"},"content":{"rendered":"<div data-elementor-type=\"wp-page\" data-elementor-id=\"30665\" class=\"elementor elementor-30665\" data-elementor-post-type=\"page\">\n\t\t\t\t\t\t<section class=\"elementor-section elementor-top-section elementor-element elementor-element-bf98c85 elementor-section-boxed elementor-section-height-default elementor-section-height-default\" data-id=\"bf98c85\" data-element_type=\"section\">\n\t\t\t\t\t\t<div class=\"elementor-container elementor-column-gap-default\">\n\t\t\t\t\t<div class=\"elementor-column elementor-col-100 elementor-top-column elementor-element elementor-element-54297e7\" data-id=\"54297e7\" data-element_type=\"column\">\n\t\t\t<div class=\"elementor-widget-wrap elementor-element-populated\">\n\t\t\t\t\t\t<section class=\"elementor-section elementor-inner-section elementor-element elementor-element-d3c1ab1 elementor-section-boxed elementor-section-height-default elementor-section-height-default\" data-id=\"d3c1ab1\" data-element_type=\"section\">\n\t\t\t\t\t\t<div class=\"elementor-container elementor-column-gap-default\">\n\t\t\t\t\t<div class=\"elementor-column elementor-col-50 elementor-inner-column elementor-element elementor-element-8f02c8a\" data-id=\"8f02c8a\" data-element_type=\"column\">\n\t\t\t<div class=\"elementor-widget-wrap\">\n\t\t\t\t\t\t\t<\/div>\n\t\t<\/div>\n\t\t\t\t<div class=\"elementor-column elementor-col-50 elementor-inner-column elementor-element elementor-element-380628e\" data-id=\"380628e\" data-element_type=\"column\">\n\t\t\t<div class=\"elementor-widget-wrap\">\n\t\t\t\t\t\t\t<\/div>\n\t\t<\/div>\n\t\t\t\t\t<\/div>\n\t\t<\/section>\n\t\t\t\t\t<\/div>\n\t\t<\/div>\n\t\t\t\t\t<\/div>\n\t\t<\/section>\n\t\t\t\t<section class=\"elementor-section elementor-top-section elementor-element elementor-element-5f5e84f2 elementor-section-height-min-height elementor-section-content-middle elementor-section-items-stretch elementor-section-boxed elementor-section-height-default\" data-id=\"5f5e84f2\" data-element_type=\"section\" data-settings=\"{&quot;background_background&quot;:&quot;gradient&quot;}\">\n\t\t\t\t\t\t<div class=\"elementor-container elementor-column-gap-default\">\n\t\t\t\t\t<div class=\"elementor-column elementor-col-50 elementor-top-column elementor-element elementor-element-beb230f\" data-id=\"beb230f\" data-element_type=\"column\">\n\t\t\t<div class=\"elementor-widget-wrap elementor-element-populated\">\n\t\t\t\t\t\t<div class=\"elementor-element elementor-element-7b15cc0e elementor-widget elementor-widget-heading\" data-id=\"7b15cc0e\" data-element_type=\"widget\" data-widget_type=\"heading.default\">\n\t\t\t\t<div class=\"elementor-widget-container\">\n\t\t\t\t\t<h1 class=\"elementor-heading-title elementor-size-default\">Le dimanche des haricots au CUBE<\/h1>\t\t\t\t<\/div>\n\t\t\t\t<\/div>\n\t\t\t\t<div class=\"elementor-element elementor-element-295c332e elementor-icon-list--layout-inline elementor-list-item-link-full_width elementor-widget elementor-widget-icon-list\" data-id=\"295c332e\" data-element_type=\"widget\" data-widget_type=\"icon-list.default\">\n\t\t\t\t<div class=\"elementor-widget-container\">\n\t\t\t\t\t\t\t<ul class=\"elementor-icon-list-items elementor-inline-items\">\n\t\t\t\t\t\t\t<li class=\"elementor-icon-list-item elementor-inline-item\">\n\t\t\t\t\t\t\t\t\t\t\t<span class=\"elementor-icon-list-icon\">\n\t\t\t\t\t\t\t<i aria-hidden=\"true\" class=\"fas fa-cubes\"><\/i>\t\t\t\t\t\t<\/span>\n\t\t\t\t\t\t\t\t\t\t<span class=\"elementor-icon-list-text\"><\/span>\n\t\t\t\t\t\t\t\t\t<\/li>\n\t\t\t\t\t\t\t\t<li class=\"elementor-icon-list-item elementor-inline-item\">\n\t\t\t\t\t\t\t\t\t\t\t<span class=\"elementor-icon-list-icon\">\n\t\t\t\t\t\t\t<i aria-hidden=\"true\" class=\"fas fa-flask\"><\/i>\t\t\t\t\t\t<\/span>\n\t\t\t\t\t\t\t\t\t\t<span class=\"elementor-icon-list-text\"><\/span>\n\t\t\t\t\t\t\t\t\t<\/li>\n\t\t\t\t\t\t\t\t<li class=\"elementor-icon-list-item elementor-inline-item\">\n\t\t\t\t\t\t\t\t\t\t\t<span class=\"elementor-icon-list-icon\">\n\t\t\t\t\t\t\t<i aria-hidden=\"true\" class=\"fas fa-gift\"><\/i>\t\t\t\t\t\t<\/span>\n\t\t\t\t\t\t\t\t\t\t<span class=\"elementor-icon-list-text\"><\/span>\n\t\t\t\t\t\t\t\t\t<\/li>\n\t\t\t\t\t\t\t\t<li class=\"elementor-icon-list-item elementor-inline-item\">\n\t\t\t\t\t\t\t\t\t\t\t<span class=\"elementor-icon-list-icon\">\n\t\t\t\t\t\t\t<i aria-hidden=\"true\" class=\"flaticon flaticon-group\"><\/i>\t\t\t\t\t\t<\/span>\n\t\t\t\t\t\t\t\t\t\t<span class=\"elementor-icon-list-text\"><\/span>\n\t\t\t\t\t\t\t\t\t<\/li>\n\t\t\t\t\t\t<\/ul>\n\t\t\t\t\t\t<\/div>\n\t\t\t\t<\/div>\n\t\t\t\t<div class=\"elementor-element elementor-element-16598f6d elementor-widget-divider--view-line elementor-widget elementor-widget-divider\" data-id=\"16598f6d\" data-element_type=\"widget\" data-widget_type=\"divider.default\">\n\t\t\t\t<div class=\"elementor-widget-container\">\n\t\t\t\t\t\t\t<div class=\"elementor-divider\">\n\t\t\t<span class=\"elementor-divider-separator\">\n\t\t\t\t\t\t<\/span>\n\t\t<\/div>\n\t\t\t\t\t\t<\/div>\n\t\t\t\t<\/div>\n\t\t\t\t<div class=\"elementor-element elementor-element-4b2fc002 elementor-widget elementor-widget-text-editor\" data-id=\"4b2fc002\" data-element_type=\"widget\" data-widget_type=\"text-editor.default\">\n\t\t\t\t<div class=\"elementor-widget-container\">\n\t\t\t\t\t\t\t\t\t<p>Ce dimanche \u00e0 partir de <strong data-start=\"416\" data-end=\"425\">18:00<\/strong>Nous nous r\u00e9jouissons de vous voir au CUBE pour profiter d'une <strong data-start=\"470\" data-end=\"496\">d\u00e9gustation exclusive de haschisch<\/strong>.<br data-start=\"497\" data-end=\"500\" \/>Nous aurons <strong data-start=\"510\" data-end=\"535\">r\u00e9ductions sp\u00e9ciales<\/strong> dans toute la g\u00e9n\u00e9tique du haschisch et une exp\u00e9rience sensorielle pour les vrais amateurs de concentr\u00e9s.<\/p><p>\ud83c\udf81 En outre, vous ajoutez <strong data-start=\"655\" data-end=\"670\">+9 cr\u00e9dits<\/strong> juste pour avoir particip\u00e9 !<br data-start=\"691\" data-end=\"694\" \/>Un apr\u00e8s-midi id\u00e9al pour se d\u00e9tendre, partager et faire connaissance avec de nouvelles vari\u00e9t\u00e9s.<\/p>\t\t\t\t\t\t\t\t<\/div>\n\t\t\t\t<\/div>\n\t\t\t\t<div class=\"elementor-element elementor-element-66ab886 elementor-icon-list--layout-traditional elementor-list-item-link-full_width elementor-widget elementor-widget-icon-list\" data-id=\"66ab886\" data-element_type=\"widget\" data-widget_type=\"icon-list.default\">\n\t\t\t\t<div class=\"elementor-widget-container\">\n\t\t\t\t\t\t\t<ul class=\"elementor-icon-list-items\">\n\t\t\t\t\t\t\t<li class=\"elementor-icon-list-item\">\n\t\t\t\t\t\t\t\t\t\t\t<span class=\"elementor-icon-list-icon\">\n\t\t\t\t\t\t\t<i aria-hidden=\"true\" class=\"fas fa-map-marker-alt\"><\/i>\t\t\t\t\t\t<\/span>\n\t\t\t\t\t\t\t\t\t\t<span class=\"elementor-icon-list-text\">Lieu : CUBE<\/span>\n\t\t\t\t\t\t\t\t\t<\/li>\n\t\t\t\t\t\t\t\t<li class=\"elementor-icon-list-item\">\n\t\t\t\t\t\t\t\t\t\t\t<span class=\"elementor-icon-list-icon\">\n\t\t\t\t\t\t\t<i aria-hidden=\"true\" class=\"fas fa-clock\"><\/i>\t\t\t\t\t\t<\/span>\n\t\t\t\t\t\t\t\t\t\t<span class=\"elementor-icon-list-text\">Heure : 18:00<\/span>\n\t\t\t\t\t\t\t\t\t<\/li>\n\t\t\t\t\t\t\t\t<li class=\"elementor-icon-list-item\">\n\t\t\t\t\t\t\t\t\t\t\t<span class=\"elementor-icon-list-icon\">\n\t\t\t\t\t\t\t<i aria-hidden=\"true\" class=\"flaticon flaticon-group\"><\/i>\t\t\t\t\t\t<\/span>\n\t\t\t\t\t\t\t\t\t\t<span class=\"elementor-icon-list-text\">Entr\u00e9e exclusive pour les membres <\/span>\n\t\t\t\t\t\t\t\t\t<\/li>\n\t\t\t\t\t\t<\/ul>\n\t\t\t\t\t\t<\/div>\n\t\t\t\t<\/div>\n\t\t\t\t\t<\/div>\n\t\t<\/div>\n\t\t\t\t<div class=\"elementor-column elementor-col-50 elementor-top-column elementor-element elementor-element-8f4acd7\" data-id=\"8f4acd7\" data-element_type=\"column\" data-settings=\"{&quot;background_background&quot;:&quot;classic&quot;}\">\n\t\t\t<div class=\"elementor-widget-wrap elementor-element-populated\">\n\t\t\t\t\t\t<div class=\"elementor-element elementor-element-68855d50 elementor-widget elementor-widget-spacer\" data-id=\"68855d50\" data-element_type=\"widget\" data-widget_type=\"spacer.default\">\n\t\t\t\t<div class=\"elementor-widget-container\">\n\t\t\t\t\t\t\t<div class=\"elementor-spacer\">\n\t\t\t<div class=\"elementor-spacer-inner\"><\/div>\n\t\t<\/div>\n\t\t\t\t\t\t<\/div>\n\t\t\t\t<\/div>\n\t\t\t\t<div class=\"elementor-element elementor-element-7d18fcbd elementor-widget__width-auto elementor-absolute elementor-widget elementor-widget-image\" data-id=\"7d18fcbd\" data-element_type=\"widget\" data-settings=\"{&quot;_position&quot;:&quot;absolute&quot;,&quot;motion_fx_motion_fx_scrolling&quot;:&quot;yes&quot;,&quot;motion_fx_translateY_effect&quot;:&quot;yes&quot;,&quot;motion_fx_translateY_affectedRange&quot;:{&quot;unit&quot;:&quot;%&quot;,&quot;size&quot;:&quot;&quot;,&quot;sizes&quot;:{&quot;start&quot;:&quot;53&quot;,&quot;end&quot;:&quot;83&quot;}},&quot;motion_fx_translateY_speed&quot;:{&quot;unit&quot;:&quot;px&quot;,&quot;size&quot;:4,&quot;sizes&quot;:[]},&quot;motion_fx_devices&quot;:[&quot;desktop&quot;,&quot;tablet&quot;,&quot;mobile&quot;]}\" data-widget_type=\"image.default\">\n\t\t\t\t<div class=\"elementor-widget-container\">\n\t\t\t\t\t\t\t\t\t\t\t\t\t\t\t<img fetchpriority=\"high\" decoding=\"async\" width=\"320\" height=\"696\" src=\"https:\/\/cubebcn.com\/wp-content\/uploads\/2023\/08\/HomePage-Hero-Shape.png\" class=\"attachment-full size-full wp-image-8855\" alt=\"\" srcset=\"https:\/\/cubebcn.com\/wp-content\/uploads\/2023\/08\/HomePage-Hero-Shape.png 320w, https:\/\/cubebcn.com\/wp-content\/uploads\/2023\/08\/HomePage-Hero-Shape-138x300.png 138w, https:\/\/cubebcn.com\/wp-content\/uploads\/2023\/08\/HomePage-Hero-Shape-6x12.png 6w\" sizes=\"(max-width: 320px) 100vw, 320px\" \/>\t\t\t\t\t\t\t\t\t\t\t\t\t\t\t<\/div>\n\t\t\t\t<\/div>\n\t\t\t\t\t<\/div>\n\t\t<\/div>\n\t\t\t\t\t<\/div>\n\t\t<\/section>\n\t\t<div class=\"elementor-element elementor-element-b41dc17 e-flex e-con-boxed e-con e-parent\" data-id=\"b41dc17\" data-element_type=\"container\">\n\t\t\t\t\t<div class=\"e-con-inner\">\n\t\t\t\t<div class=\"elementor-element elementor-element-f5ee2d9 elementor-widget elementor-widget-heading\" data-id=\"f5ee2d9\" data-element_type=\"widget\" data-widget_type=\"heading.default\">\n\t\t\t\t<div class=\"elementor-widget-container\">\n\t\t\t\t\t<h2 class=\"elementor-heading-title elementor-size-default\">Galerie<\/h2>\t\t\t\t<\/div>\n\t\t\t\t<\/div>\n\t\t\t\t<div class=\"elementor-element elementor-element-aedf91d elementor-widget elementor-widget-gallery\" data-id=\"aedf91d\" data-element_type=\"widget\" data-settings=\"{&quot;gallery_layout&quot;:&quot;justified&quot;,&quot;ideal_row_height&quot;:{&quot;unit&quot;:&quot;px&quot;,&quot;size&quot;:600,&quot;sizes&quot;:[]},&quot;lazyload&quot;:&quot;yes&quot;,&quot;ideal_row_height_tablet&quot;:{&quot;unit&quot;:&quot;px&quot;,&quot;size&quot;:150,&quot;sizes&quot;:[]},&quot;ideal_row_height_mobile&quot;:{&quot;unit&quot;:&quot;px&quot;,&quot;size&quot;:150,&quot;sizes&quot;:[]},&quot;gap&quot;:{&quot;unit&quot;:&quot;px&quot;,&quot;size&quot;:10,&quot;sizes&quot;:[]},&quot;gap_tablet&quot;:{&quot;unit&quot;:&quot;px&quot;,&quot;size&quot;:10,&quot;sizes&quot;:[]},&quot;gap_mobile&quot;:{&quot;unit&quot;:&quot;px&quot;,&quot;size&quot;:10,&quot;sizes&quot;:[]},&quot;link_to&quot;:&quot;file&quot;,&quot;overlay_background&quot;:&quot;yes&quot;,&quot;content_hover_animation&quot;:&quot;fade-in&quot;}\" data-widget_type=\"gallery.default\">\n\t\t\t\t<div class=\"elementor-widget-container\">\n\t\t\t\t\t\t\t<div class=\"elementor-gallery__container\">\n\t\t\t\t\t\t\t<a class=\"e-gallery-item elementor-gallery-item elementor-animated-content\" href=\"https:\/\/cubebcn.com\/wp-content\/uploads\/2025\/07\/cata-de-hash-domingo-en-cube-barcelona-scaled.jpg\" data-elementor-open-lightbox=\"yes\" data-elementor-lightbox-slideshow=\"aedf91d\" data-elementor-lightbox-title=\"cata-de-hash-domingo-en-cube-barcelona\" data-e-action-hash=\"#elementor-action%3Aaction%3Dlightbox%26settings%3DeyJpZCI6MzE0OTAsInVybCI6Imh0dHBzOlwvXC9jdWJlYmNuLmNvbVwvd3AtY29udGVudFwvdXBsb2Fkc1wvMjAyNVwvMDdcL2NhdGEtZGUtaGFzaC1kb21pbmdvLWVuLWN1YmUtYmFyY2Vsb25hLXNjYWxlZC5qcGciLCJzbGlkZXNob3ciOiJhZWRmOTFkIn0%3D\">\n\t\t\t\t\t<div class=\"e-gallery-image elementor-gallery-item__image\" data-thumbnail=\"https:\/\/cubebcn.com\/wp-content\/uploads\/2025\/07\/cata-de-hash-domingo-en-cube-barcelona-scaled.jpg\" data-width=\"1707\" data-height=\"2560\" aria-label=\"\" role=\"img\" ><\/div>\n\t\t\t\t\t\t\t\t\t\t\t<div class=\"elementor-gallery-item__overlay\"><\/div>\n\t\t\t\t\t\t\t\t\t\t\t\t\t\t<\/a>\n\t\t\t\t\t\t\t<a class=\"e-gallery-item elementor-gallery-item elementor-animated-content\" href=\"https:\/\/cubebcn.com\/wp-content\/uploads\/2025\/07\/cube-barcelona-domingo-hash-cata-evento-scaled.jpg\" data-elementor-open-lightbox=\"yes\" data-elementor-lightbox-slideshow=\"aedf91d\" data-elementor-lightbox-title=\"cube-barcelona-domingo-hash-cata-evento\" data-e-action-hash=\"#elementor-action%3Aaction%3Dlightbox%26settings%3DeyJpZCI6MzE0OTEsInVybCI6Imh0dHBzOlwvXC9jdWJlYmNuLmNvbVwvd3AtY29udGVudFwvdXBsb2Fkc1wvMjAyNVwvMDdcL2N1YmUtYmFyY2Vsb25hLWRvbWluZ28taGFzaC1jYXRhLWV2ZW50by1zY2FsZWQuanBnIiwic2xpZGVzaG93IjoiYWVkZjkxZCJ9\">\n\t\t\t\t\t<div class=\"e-gallery-image elementor-gallery-item__image\" data-thumbnail=\"https:\/\/cubebcn.com\/wp-content\/uploads\/2025\/07\/cube-barcelona-domingo-hash-cata-evento-scaled.jpg\" data-width=\"1707\" data-height=\"2560\" aria-label=\"\" role=\"img\" ><\/div>\n\t\t\t\t\t\t\t\t\t\t\t<div class=\"elementor-gallery-item__overlay\"><\/div>\n\t\t\t\t\t\t\t\t\t\t\t\t\t\t<\/a>\n\t\t\t\t\t\t\t<a class=\"e-gallery-item elementor-gallery-item elementor-animated-content\" href=\"https:\/\/cubebcn.com\/wp-content\/uploads\/2025\/07\/domingo-tematica-hash-cata-en-cube-barcelona-scaled.jpg\" data-elementor-open-lightbox=\"yes\" data-elementor-lightbox-slideshow=\"aedf91d\" data-elementor-lightbox-title=\"domingo-tematica-hash-cata-en-cube-barcelona\" data-e-action-hash=\"#elementor-action%3Aaction%3Dlightbox%26settings%3DeyJpZCI6MzE0OTIsInVybCI6Imh0dHBzOlwvXC9jdWJlYmNuLmNvbVwvd3AtY29udGVudFwvdXBsb2Fkc1wvMjAyNVwvMDdcL2RvbWluZ28tdGVtYXRpY2EtaGFzaC1jYXRhLWVuLWN1YmUtYmFyY2Vsb25hLXNjYWxlZC5qcGciLCJzbGlkZXNob3ciOiJhZWRmOTFkIn0%3D\">\n\t\t\t\t\t<div class=\"e-gallery-image elementor-gallery-item__image\" data-thumbnail=\"https:\/\/cubebcn.com\/wp-content\/uploads\/2025\/07\/domingo-tematica-hash-cata-en-cube-barcelona-scaled.jpg\" data-width=\"1707\" data-height=\"2560\" aria-label=\"\" role=\"img\" ><\/div>\n\t\t\t\t\t\t\t\t\t\t\t<div class=\"elementor-gallery-item__overlay\"><\/div>\n\t\t\t\t\t\t\t\t\t\t\t\t\t\t<\/a>\n\t\t\t\t\t\t\t<a class=\"e-gallery-item elementor-gallery-item elementor-animated-content\" href=\"https:\/\/cubebcn.com\/wp-content\/uploads\/2025\/07\/evento-hash-cata-cube-barcelona-domingo-scaled.jpg\" data-elementor-open-lightbox=\"yes\" data-elementor-lightbox-slideshow=\"aedf91d\" data-elementor-lightbox-title=\"evento-hash-cata-cube-barcelona-domingo\" data-e-action-hash=\"#elementor-action%3Aaction%3Dlightbox%26settings%3DeyJpZCI6MzE0OTMsInVybCI6Imh0dHBzOlwvXC9jdWJlYmNuLmNvbVwvd3AtY29udGVudFwvdXBsb2Fkc1wvMjAyNVwvMDdcL2V2ZW50by1oYXNoLWNhdGEtY3ViZS1iYXJjZWxvbmEtZG9taW5nby1zY2FsZWQuanBnIiwic2xpZGVzaG93IjoiYWVkZjkxZCJ9\">\n\t\t\t\t\t<div class=\"e-gallery-image elementor-gallery-item__image\" data-thumbnail=\"https:\/\/cubebcn.com\/wp-content\/uploads\/2025\/07\/evento-hash-cata-cube-barcelona-domingo-scaled.jpg\" data-width=\"1707\" data-height=\"2560\" aria-label=\"\" role=\"img\" ><\/div>\n\t\t\t\t\t\t\t\t\t\t\t<div class=\"elementor-gallery-item__overlay\"><\/div>\n\t\t\t\t\t\t\t\t\t\t\t\t\t\t<\/a>\n\t\t\t\t\t\t\t<a class=\"e-gallery-item elementor-gallery-item elementor-animated-content\" href=\"https:\/\/cubebcn.com\/wp-content\/uploads\/2025\/07\/hash-tasting-sunday-cube-barcelona-scaled.jpg\" data-elementor-open-lightbox=\"yes\" data-elementor-lightbox-slideshow=\"aedf91d\" data-elementor-lightbox-title=\"hash-tasting-sunday-cube-barcelona\" data-e-action-hash=\"#elementor-action%3Aaction%3Dlightbox%26settings%3DeyJpZCI6MzE0OTQsInVybCI6Imh0dHBzOlwvXC9jdWJlYmNuLmNvbVwvd3AtY29udGVudFwvdXBsb2Fkc1wvMjAyNVwvMDdcL2hhc2gtdGFzdGluZy1zdW5kYXktY3ViZS1iYXJjZWxvbmEtc2NhbGVkLmpwZyIsInNsaWRlc2hvdyI6ImFlZGY5MWQifQ%3D%3D\">\n\t\t\t\t\t<div class=\"e-gallery-image elementor-gallery-item__image\" data-thumbnail=\"https:\/\/cubebcn.com\/wp-content\/uploads\/2025\/07\/hash-tasting-sunday-cube-barcelona-scaled.jpg\" data-width=\"1707\" data-height=\"2560\" aria-label=\"\" role=\"img\" ><\/div>\n\t\t\t\t\t\t\t\t\t\t\t<div class=\"elementor-gallery-item__overlay\"><\/div>\n\t\t\t\t\t\t\t\t\t\t\t\t\t\t<\/a>\n\t\t\t\t\t\t\t<a class=\"e-gallery-item elementor-gallery-item elementor-animated-content\" href=\"https:\/\/cubebcn.com\/wp-content\/uploads\/2025\/07\/tematica-domingo-cube-barcelona-hash-scaled.jpg\" data-elementor-open-lightbox=\"yes\" data-elementor-lightbox-slideshow=\"aedf91d\" data-elementor-lightbox-title=\"tematica-domingo-cube-barcelona-hash\" data-e-action-hash=\"#elementor-action%3Aaction%3Dlightbox%26settings%3DeyJpZCI6MzE0OTUsInVybCI6Imh0dHBzOlwvXC9jdWJlYmNuLmNvbVwvd3AtY29udGVudFwvdXBsb2Fkc1wvMjAyNVwvMDdcL3RlbWF0aWNhLWRvbWluZ28tY3ViZS1iYXJjZWxvbmEtaGFzaC1zY2FsZWQuanBnIiwic2xpZGVzaG93IjoiYWVkZjkxZCJ9\">\n\t\t\t\t\t<div class=\"e-gallery-image elementor-gallery-item__image\" data-thumbnail=\"https:\/\/cubebcn.com\/wp-content\/uploads\/2025\/07\/tematica-domingo-cube-barcelona-hash-scaled.jpg\" data-width=\"1707\" data-height=\"2560\" aria-label=\"\" role=\"img\" ><\/div>\n\t\t\t\t\t\t\t\t\t\t\t<div class=\"elementor-gallery-item__overlay\"><\/div>\n\t\t\t\t\t\t\t\t\t\t\t\t\t\t<\/a>\n\t\t\t\t\t<\/div>\n\t\t\t\t\t<\/div>\n\t\t\t\t<\/div>\n\t\t\t\t\t<\/div>\n\t\t\t\t<\/div>\n\t\t\t\t<\/div>","protected":false},"excerpt":{"rendered":"<p>Hash Sunday \u00e0 CUBE Ce dimanche \u00e0 partir de 18h00, nous vous attendons \u00e0 CUBE pour profiter d'une d\u00e9gustation exclusive de hash avec des r\u00e9ductions sp\u00e9ciales sur toutes les g\u00e9n\u00e9tiques de hash et une exp\u00e9rience sensorielle pour les vrais amateurs de concentr\u00e9. De plus, vous obtiendrez +9 cr\u00e9dits pour votre participation ! Une soir\u00e9e parfaite pour se d\u00e9tendre, partager et...<\/p>","protected":false},"author":4,"featured_media":30677,"parent":8897,"menu_order":0,"comment_status":"closed","ping_status":"closed","template":"","meta":{"_joinchat":[],"footnotes":""},"class_list":["post-30665","page","type-page","status-publish","has-post-thumbnail","hentry"],"_links":{"self":[{"href":"https:\/\/cubebcn.com\/fr\/wp-json\/wp\/v2\/pages\/30665","targetHints":{"allow":["GET"]}}],"collection":[{"href":"https:\/\/cubebcn.com\/fr\/wp-json\/wp\/v2\/pages"}],"about":[{"href":"https:\/\/cubebcn.com\/fr\/wp-json\/wp\/v2\/types\/page"}],"author":[{"embeddable":true,"href":"https:\/\/cubebcn.com\/fr\/wp-json\/wp\/v2\/users\/4"}],"replies":[{"embeddable":true,"href":"https:\/\/cubebcn.com\/fr\/wp-json\/wp\/v2\/comments?post=30665"}],"version-history":[{"count":23,"href":"https:\/\/cubebcn.com\/fr\/wp-json\/wp\/v2\/pages\/30665\/revisions"}],"predecessor-version":[{"id":31901,"href":"https:\/\/cubebcn.com\/fr\/wp-json\/wp\/v2\/pages\/30665\/revisions\/31901"}],"up":[{"embeddable":true,"href":"https:\/\/cubebcn.com\/fr\/wp-json\/wp\/v2\/pages\/8897"}],"wp:featuredmedia":[{"embeddable":true,"href":"https:\/\/cubebcn.com\/fr\/wp-json\/wp\/v2\/media\/30677"}],"wp:attachment":[{"href":"https:\/\/cubebcn.com\/fr\/wp-json\/wp\/v2\/media?parent=30665"}],"curies":[{"name":"wp","href":"https:\/\/api.w.org\/{rel}","templated":true}]}}