{"id":1045,"date":"2022-03-17T06:48:43","date_gmt":"2022-03-17T06:48:43","guid":{"rendered":"https:\/\/themeim.com\/wp\/sword\/?page_id=1045"},"modified":"2025-08-12T14:56:19","modified_gmt":"2025-08-12T14:56:19","slug":"questions-frequemment-posees","status":"publish","type":"page","link":"https:\/\/cubebcn.com\/fr\/questions-frequemment-posees\/","title":{"rendered":"FAQ"},"content":{"rendered":"<div data-elementor-type=\"wp-page\" data-elementor-id=\"1045\" class=\"elementor elementor-1045\" data-elementor-post-type=\"page\">\n\t\t\t\t\t\t<div class=\"elementor-section elementor-top-section elementor-element elementor-element-2977896 elementor-section-stretched elementor-section-boxed elementor-section-height-default elementor-section-height-default\" data-id=\"2977896\" data-element_type=\"section\" data-settings=\"{&quot;stretch_section&quot;:&quot;section-stretched&quot;,&quot;background_background&quot;:&quot;classic&quot;}\">\n\t\t\t\t\t\t<div class=\"elementor-container elementor-column-gap-default\">\n\t\t\t\t\t<div class=\"elementor-column elementor-col-100 elementor-top-column elementor-element elementor-element-547eff1\" data-id=\"547eff1\" data-element_type=\"column\">\n\t\t\t<div class=\"elementor-widget-wrap elementor-element-populated\">\n\t\t\t\t\t\t<section class=\"elementor-section elementor-inner-section elementor-element elementor-element-01087cf elementor-section-boxed elementor-section-height-default elementor-section-height-default\" data-id=\"01087cf\" data-element_type=\"section\">\n\t\t\t\t\t\t<div class=\"elementor-container elementor-column-gap-default\">\n\t\t\t\t\t<div class=\"elementor-column elementor-col-100 elementor-inner-column elementor-element elementor-element-19c47f1\" data-id=\"19c47f1\" data-element_type=\"column\">\n\t\t\t<div class=\"elementor-widget-wrap elementor-element-populated\">\n\t\t\t\t\t\t<div class=\"elementor-element elementor-element-c0f9d61 elementor-widget elementor-widget-heading\" data-id=\"c0f9d61\" data-element_type=\"widget\" data-widget_type=\"heading.default\">\n\t\t\t\t<div class=\"elementor-widget-container\">\n\t\t\t\t\t<h1 class=\"elementor-heading-title elementor-size-default\">QUESTIONS FR\u00c9QUEMMENT POS\u00c9ES<\/h1>\t\t\t\t<\/div>\n\t\t\t\t<\/div>\n\t\t\t\t<div class=\"elementor-element elementor-element-aec6acf elementor-widget elementor-widget-text-editor\" data-id=\"aec6acf\" data-element_type=\"widget\" data-widget_type=\"text-editor.default\">\n\t\t\t\t<div class=\"elementor-widget-container\">\n\t\t\t\t\t\t\t\t\t<p><span style=\"color: #ffffff;\">Vous trouverez ici toutes les questions que nous recevons le plus souvent de la part de nos membres et des personnes qui souhaitent le devenir. Si vous avez une question concernant le CUBE, n'h\u00e9sitez pas \u00e0 la lire !<\/span><\/p>\t\t\t\t\t\t\t\t<\/div>\n\t\t\t\t<\/div>\n\t\t\t\t\t<\/div>\n\t\t<\/div>\n\t\t\t\t\t<\/div>\n\t\t<\/section>\n\t\t\t\t<section class=\"elementor-section elementor-inner-section elementor-element elementor-element-dc8526c elementor-section-boxed elementor-section-height-default elementor-section-height-default\" data-id=\"dc8526c\" data-element_type=\"section\">\n\t\t\t\t\t\t<div class=\"elementor-container elementor-column-gap-default\">\n\t\t\t\t\t<div class=\"elementor-column elementor-col-100 elementor-inner-column elementor-element elementor-element-96610d5\" data-id=\"96610d5\" data-element_type=\"column\">\n\t\t\t<div class=\"elementor-widget-wrap elementor-element-populated\">\n\t\t\t\t\t\t<div class=\"elementor-element elementor-element-c9e2d10 elementor-widget elementor-widget-sword-accordion-one-widget\" data-id=\"c9e2d10\" data-element_type=\"widget\" data-widget_type=\"sword-accordion-one-widget.default\">\n\t\t\t\t<div class=\"elementor-widget-container\">\n\t\t\t\t\t        <div class=\"faq-wrapper\">\n            <div id=\"accordion-765549\">\n                                    <div class=\"faq-item active\">\n                        <h3 class=\"faq-title\"><span class=\"title\">  Qu'est-ce que CUBE ?<\/span><span\n                                    class=\"right-icon\"><\/span><\/h3>\n                        <div class=\"faq-content\">\n                            Le CUBE BCN est un club de cannabis convivial situ\u00e9 dans le centre de Barcelone, tout pr\u00e8s de la Sagrada Familia. Fiers de la communaut\u00e9 que nous avons construite au fil des ans, nous vous invitons \u00e0 nous rendre visite et \u00e0 faire partie du CUBE.                            <div class=\"faq-list-area\">\n                                <h4 class=\"title\"><\/h4>\n                                                                    <ul class=\"faq-list\">\n                                        <li>Nous sommes \u00e0 Barcelone.<\/li><li>Pour y acc\u00e9der, vous devez \u00eatre membre.<\/li><li>Vous pouvez y consommer du cannabis en toute l\u00e9galit\u00e9.<\/li>                                    <\/ul>\n                                                            <\/div>\n                            <div class=\"faq-inner-thumb-area\">\n                                <div class=\"row justify-content-center mb-30-none\">\n                                                                    <\/div>\n                            <\/div>\n                        <\/div>\n                    <\/div>\n                                    <div class=\"faq-item active\">\n                        <h3 class=\"faq-title\"><span class=\"title\">  Comment devenir membre de l'association de cannabis CUBE ?<\/span><span\n                                    class=\"right-icon\"><\/span><\/h3>\n                        <div class=\"faq-content\">\n                            Vous devez \u00eatre \u00e2g\u00e9 d'au moins 21 ans et vous pr\u00e9senter dans nos locaux muni d'une pi\u00e8ce d'identit\u00e9 l\u00e9gale et d'une photo d'identit\u00e9. Vous pouvez acc\u00e9l\u00e9rer le processus en remplissant le formulaire sur notre site web !                             <div class=\"faq-list-area\">\n                                <h4 class=\"title\"><\/h4>\n                                                                    <ul class=\"faq-list\">\n                                        <li>Demandez l'acc\u00e8s en utilisant le formulaire.<\/li><li>Venez avec un partenaire qui vous recommande.<\/li>                                    <\/ul>\n                                                            <\/div>\n                            <div class=\"faq-inner-thumb-area\">\n                                <div class=\"row justify-content-center mb-30-none\">\n                                                                    <\/div>\n                            <\/div>\n                        <\/div>\n                    <\/div>\n                                    <div class=\"faq-item active\">\n                        <h3 class=\"faq-title\"><span class=\"title\">  Comment traitez-vous mes donn\u00e9es personnelles ?<\/span><span\n                                    class=\"right-icon\"><\/span><\/h3>\n                        <div class=\"faq-content\">\n                            Chez CUBE BCN, nous conservons vos informations personnelles de mani\u00e8re s\u00e9curis\u00e9e et confidentielle et elles ne seront jamais partag\u00e9es avec qui que ce soit.                            <div class=\"faq-list-area\">\n                                <h4 class=\"title\"><\/h4>\n                                                                    <ul class=\"faq-list\">\n                                        <li>Nous prot\u00e9geons vos donn\u00e9es.<\/li><li>Il est de notre responsabilit\u00e9 de le faire.<\/li>                                    <\/ul>\n                                                            <\/div>\n                            <div class=\"faq-inner-thumb-area\">\n                                <div class=\"row justify-content-center mb-30-none\">\n                                                                    <\/div>\n                            <\/div>\n                        <\/div>\n                    <\/div>\n                                    <div class=\"faq-item active\">\n                        <h3 class=\"faq-title\"><span class=\"title\">  Si je suis d\u00e9j\u00e0 membre, ai-je besoin d'une pi\u00e8ce d'identit\u00e9 pour adh\u00e9rer ?<\/span><span\n                                    class=\"right-icon\"><\/span><\/h3>\n                        <div class=\"faq-content\">\n                            Oui, nous demandons toujours une pi\u00e8ce d'identit\u00e9 \u00e0 l'entr\u00e9e, c'est une condition pour entrer dans le CUBE, alors n'oubliez pas de l'apporter !                            <div class=\"faq-list-area\">\n                                <h4 class=\"title\"><\/h4>\n                                                                    <ul class=\"faq-list\">\n                                        <li>Apportez un document qui vous identifie.<\/li><li>Tout document d\u00e9livr\u00e9 par une autorit\u00e9 comp\u00e9tente.<\/li>                                    <\/ul>\n                                                            <\/div>\n                            <div class=\"faq-inner-thumb-area\">\n                                <div class=\"row justify-content-center mb-30-none\">\n                                                                    <\/div>\n                            <\/div>\n                        <\/div>\n                    <\/div>\n                                    <div class=\"faq-item active\">\n                        <h3 class=\"faq-title\"><span class=\"title\">  Dois-je m'inscrire \u00e0 chaque fois que je vais au CUBE ?<\/span><span\n                                    class=\"right-icon\"><\/span><\/h3>\n                        <div class=\"faq-content\">\n                            Bien s\u00fbr que non. Vous ne devez vous inscrire qu'une seule fois si vous \u00eates un membre r\u00e9gulier. Ensuite, il vous suffit de vous pr\u00e9senter avec votre carte d'identit\u00e9 et vous pourrez entrer dans le club en vous identifiant \u00e0 l'entr\u00e9e ;).                            <div class=\"faq-list-area\">\n                                <h4 class=\"title\"><\/h4>\n                                                                    <ul class=\"faq-list\">\n                                        <li>Enregistrement la premi\u00e8re fois.<\/li><li>Connectez-vous avec votre carte de membre #.<\/li>                                    <\/ul>\n                                                            <\/div>\n                            <div class=\"faq-inner-thumb-area\">\n                                <div class=\"row justify-content-center mb-30-none\">\n                                                                    <\/div>\n                            <\/div>\n                        <\/div>\n                    <\/div>\n                                    <div class=\"faq-item active\">\n                        <h3 class=\"faq-title\"><span class=\"title\">  Est-il l\u00e9gal de fumer de la marijuana \u00e0 Barcelone ?<\/span><span\n                                    class=\"right-icon\"><\/span><\/h3>\n                        <div class=\"faq-content\">\n                            Bien que Barcelone ait \u00e9merg\u00e9 ces derni\u00e8res ann\u00e9es comme le berceau de la culture europ\u00e9enne du cannabis, la r\u00e9alit\u00e9 est qu'il est totalement interdit de consommer du cannabis dans les espaces publics. Ce qui est l\u00e9gal, en revanche, c'est de le faire dans un \u00e9tablissement priv\u00e9, comme le CUBE.                            <div class=\"faq-list-area\">\n                                <h4 class=\"title\"><\/h4>\n                                                                    <ul class=\"faq-list\">\n                                        <li>Dans les espaces priv\u00e9s, OUI.<\/li><li>Dans les espaces publics, les t\u00e9l\u00e9phones portables NO.<\/li>                                    <\/ul>\n                                                            <\/div>\n                            <div class=\"faq-inner-thumb-area\">\n                                <div class=\"row justify-content-center mb-30-none\">\n                                                                    <\/div>\n                            <\/div>\n                        <\/div>\n                    <\/div>\n                                    <div class=\"faq-item active\">\n                        <h3 class=\"faq-title\"><span class=\"title\">  Puis-je acheter de la marijuana en ligne ?<\/span><span\n                                    class=\"right-icon\"><\/span><\/h3>\n                        <div class=\"faq-content\">\n                            Non, aucun club ne propose de vente de cannabis en ligne.                            <div class=\"faq-list-area\">\n                                <h4 class=\"title\"><\/h4>\n                                                                    <ul class=\"faq-list\">\n                                        <li>NON. C'est ill\u00e9gal.<\/li>                                    <\/ul>\n                                                            <\/div>\n                            <div class=\"faq-inner-thumb-area\">\n                                <div class=\"row justify-content-center mb-30-none\">\n                                                                    <\/div>\n                            <\/div>\n                        <\/div>\n                    <\/div>\n                                    <div class=\"faq-item active\">\n                        <h3 class=\"faq-title\"><span class=\"title\">  Quelle est la diff\u00e9rence entre le CBD et le THC ?<\/span><span\n                                    class=\"right-icon\"><\/span><\/h3>\n                        <div class=\"faq-content\">\n                            Le CBD agit comme un relaxant et le THC procure l'euphorie.                             <div class=\"faq-list-area\">\n                                <h4 class=\"title\"><\/h4>\n                                                                    <ul class=\"faq-list\">\n                                        <li>Plus d'informations sur le sujet ici : <\/li><li>https:\/\/cubebcn.com\/cbd-thc-y-sus-efectos-positivos-en-el-organismo\/<\/li>                                    <\/ul>\n                                                            <\/div>\n                            <div class=\"faq-inner-thumb-area\">\n                                <div class=\"row justify-content-center mb-30-none\">\n                                                                    <\/div>\n                            <\/div>\n                        <\/div>\n                    <\/div>\n                                    <div class=\"faq-item active\">\n                        <h3 class=\"faq-title\"><span class=\"title\">  Quelle est la diff\u00e9rence entre Indica et Sativa ?<\/span><span\n                                    class=\"right-icon\"><\/span><\/h3>\n                        <div class=\"faq-content\">\n                            Quelle est la diff\u00e9rence entre Indica et Sativa ?\n\nIndica : A un effet relaxant et s\u00e9datif, id\u00e9al pour une soir\u00e9e cin\u00e9ma ou pour calmer le stress.\nSativa : avec un effet \u00e9nergisant et euphorique, elle est id\u00e9ale pour les activit\u00e9s de plein air, la danse ou les promenades. Plus d'informations sur le sujet ici :\nhttps:\/\/cubebcn.com\/indica-o-sativa-diferencias-entre-tipologias-cannabicas\/\n\n                            <div class=\"faq-list-area\">\n                                <h4 class=\"title\"><\/h4>\n                                                                    <ul class=\"faq-list\">\n                                        <li>Indique = repos et d\u00e9tente.<\/li><li>Sativa = euphorie et \u00e9nergie.<\/li>                                    <\/ul>\n                                                            <\/div>\n                            <div class=\"faq-inner-thumb-area\">\n                                <div class=\"row justify-content-center mb-30-none\">\n                                                                    <\/div>\n                            <\/div>\n                        <\/div>\n                    <\/div>\n                                    <div class=\"faq-item active\">\n                        <h3 class=\"faq-title\"><span class=\"title\">  Je n'aime pas fumer, proposez-vous d'autres options pour consommer du cannabis au sein du club ?<\/span><span\n                                    class=\"right-icon\"><\/span><\/h3>\n                        <div class=\"faq-content\">\n                            Si vous n'aimez pas fumer, ne vous inqui\u00e9tez pas, chez CUBE nous avons des bongs, des dab rigs, des vapes et des bongs pour tous ceux qui veulent vaporiser ou essayer certains des extraits de cannabis que vous trouverez dans notre club.                            <div class=\"faq-list-area\">\n                                <h4 class=\"title\"><\/h4>\n                                                                    <ul class=\"faq-list\">\n                                        <li>Nous avons des vaporisateurs.<\/li><li>Egalement des bongs et des rigs, dans notre magasin.<\/li>                                    <\/ul>\n                                                            <\/div>\n                            <div class=\"faq-inner-thumb-area\">\n                                <div class=\"row justify-content-center mb-30-none\">\n                                                                    <\/div>\n                            <\/div>\n                        <\/div>\n                    <\/div>\n                            <\/div>\n        <\/div>\n        \t\t\t\t<\/div>\n\t\t\t\t<\/div>\n\t\t\t\t\t<\/div>\n\t\t<\/div>\n\t\t\t\t\t<\/div>\n\t\t<\/section>\n\t\t\t\t\t<\/div>\n\t\t<\/div>\n\t\t\t\t\t<\/div>\n\t\t<\/div>\n\t\t\t\t<\/div>","protected":false},"excerpt":{"rendered":"<p>QUESTIONS FR\u00c9QUEMMENT POS\u00c9ES Vous trouverez ici toutes les questions que nous recevons le plus souvent de la part de nos membres et des personnes qui souhaitent devenir membres. Si vous avez une question sur CUBE, lisez-la ! Qu'est-ce que CUBE ? CUBE BCN est un club de cannabis convivial situ\u00e9 dans le centre de Barcelone, tout pr\u00e8s de la Sagrada...<\/p>","protected":false},"author":4,"featured_media":0,"parent":0,"menu_order":0,"comment_status":"closed","ping_status":"closed","template":"","meta":{"_joinchat":[],"footnotes":""},"class_list":["post-1045","page","type-page","status-publish","hentry"],"_links":{"self":[{"href":"https:\/\/cubebcn.com\/fr\/wp-json\/wp\/v2\/pages\/1045","targetHints":{"allow":["GET"]}}],"collection":[{"href":"https:\/\/cubebcn.com\/fr\/wp-json\/wp\/v2\/pages"}],"about":[{"href":"https:\/\/cubebcn.com\/fr\/wp-json\/wp\/v2\/types\/page"}],"author":[{"embeddable":true,"href":"https:\/\/cubebcn.com\/fr\/wp-json\/wp\/v2\/users\/4"}],"replies":[{"embeddable":true,"href":"https:\/\/cubebcn.com\/fr\/wp-json\/wp\/v2\/comments?post=1045"}],"version-history":[{"count":18,"href":"https:\/\/cubebcn.com\/fr\/wp-json\/wp\/v2\/pages\/1045\/revisions"}],"predecessor-version":[{"id":31706,"href":"https:\/\/cubebcn.com\/fr\/wp-json\/wp\/v2\/pages\/1045\/revisions\/31706"}],"wp:attachment":[{"href":"https:\/\/cubebcn.com\/fr\/wp-json\/wp\/v2\/media?parent=1045"}],"curies":[{"name":"wp","href":"https:\/\/api.w.org\/{rel}","templated":true}]}}