{"id":7795,"date":"2023-06-25T14:57:33","date_gmt":"2023-06-25T14:57:33","guid":{"rendered":"https:\/\/cubebcn.com\/?page_id=7795"},"modified":"2025-07-31T00:36:19","modified_gmt":"2025-07-31T00:36:19","slug":"weil-cube","status":"publish","type":"page","link":"https:\/\/cubebcn.com\/de\/weil-cube\/","title":{"rendered":"Warum Cube?"},"content":{"rendered":"<div data-elementor-type=\"wp-page\" data-elementor-id=\"7795\" class=\"elementor elementor-7795\" data-elementor-post-type=\"page\">\n\t\t\t\t<div class=\"elementor-element elementor-element-7316675 e-flex e-con-boxed e-con e-parent\" data-id=\"7316675\" data-element_type=\"container\">\n\t\t\t\t\t<div class=\"e-con-inner\">\n\t\t\t\t<div class=\"elementor-element elementor-element-88a840e elementor-widget elementor-widget-heading\" data-id=\"88a840e\" data-element_type=\"widget\" data-widget_type=\"heading.default\">\n\t\t\t\t<div class=\"elementor-widget-container\">\n\t\t\t\t\t<h1 class=\"elementor-heading-title elementor-size-default\">WAS IST CUBE BARCELONA?<\/h1>\t\t\t\t<\/div>\n\t\t\t\t<\/div>\n\t\t\t\t<div class=\"elementor-element elementor-element-eb7b129 elementor-widget elementor-widget-text-editor\" data-id=\"eb7b129\" data-element_type=\"widget\" data-widget_type=\"text-editor.default\">\n\t\t\t\t<div class=\"elementor-widget-container\">\n\t\t\t\t\t\t\t\t\t<p><span style=\"color: #ffffff;\">Cube BCN ist ein Cannabis-Club in El Clot. Wir sind nicht der gr\u00f6\u00dfte Club, wir sind nicht der eleganteste Club, wir sind kein Postureo-Club... Wir sind CUBE, ein kleiner, aber gem\u00fctlicher Club, der dank unserer Mitarbeiter, treuen Mitglieder und Produkte von h\u00f6chster Qualit\u00e4t nonstop arbeitet.<\/span><\/p>\t\t\t\t\t\t\t\t<\/div>\n\t\t\t\t<\/div>\n\t\t\t\t\t<\/div>\n\t\t\t\t<\/div>\n\t\t<div class=\"elementor-element elementor-element-d65a1c9 e-flex e-con-boxed e-con e-parent\" data-id=\"d65a1c9\" data-element_type=\"container\">\n\t\t\t\t\t<div class=\"e-con-inner\">\n\t\t<div class=\"elementor-element elementor-element-2861338 e-con-full e-flex e-con e-child\" data-id=\"2861338\" data-element_type=\"container\">\n\t\t\t\t<div class=\"elementor-element elementor-element-d4bf6e0 elementor-widget-tablet__width-initial elementor-widget-mobile__width-inherit elementor-widget elementor-widget-sword-choose-single-item-widget\" data-id=\"d4bf6e0\" data-element_type=\"widget\" data-widget_type=\"sword-choose-single-item-widget.default\">\n\t\t\t\t<div class=\"elementor-widget-container\">\n\t\t\t\t\t        <div class=\"feature-item\">\r\n            <div class=\"feature-icon-area\">\r\n                <div class=\"feature-icon\">\r\n                   <i aria-hidden=\"true\" class=\"flaticon flaticon-volume\"><\/i>                <\/div>\r\n                <div class=\"feature-number\">\r\n                    <span><\/span>\r\n                <\/div>\r\n            <\/div>\r\n            <div class=\"feature-content\">\r\n                <a class=\"\"><h4\r\n                            class=\"title\">SICHERE EINRICHTUNGEN<\/h4>\r\n                <\/a>\r\n                <p>Im CUBE werden Sie eine authentische Erfahrung in einem der einladendsten Cannabis-Clubs im Zentrum von Barcelona machen. Wir bieten einen sicheren und legalen Raum zum Rauchen, Entspannen und Teilen mit einer st\u00e4ndig wachsenden Gemeinschaft. Obwohl unser Ort intim ist, herrscht eine lebhafte Atmosph\u00e4re: Wir haben Pfeifen, Bongs, Rigs, Wifi und Getr\u00e4nke, so dass es dir an nichts fehlen wird. Wenn du nach einem Ort suchst, an dem du Cannabis in Barcelona in einer entspannten und freundlichen Atmosph\u00e4re genie\u00dfen kannst, ist CUBE der richtige Ort f\u00fcr dich.<\/p>\r\n            <\/div>\r\n        <\/div>\r\n        \t\t\t\t<\/div>\n\t\t\t\t<\/div>\n\t\t\t\t<\/div>\n\t\t<div class=\"elementor-element elementor-element-58cef49 e-con-full e-flex e-con e-child\" data-id=\"58cef49\" data-element_type=\"container\">\n\t\t\t\t<div class=\"elementor-element elementor-element-0469ead elementor-widget elementor-widget-image\" data-id=\"0469ead\" data-element_type=\"widget\" data-widget_type=\"image.default\">\n\t\t\t\t<div class=\"elementor-widget-container\">\n\t\t\t\t\t\t\t\t\t\t\t\t\t\t\t<img fetchpriority=\"high\" decoding=\"async\" width=\"683\" height=\"1024\" src=\"https:\/\/cubebcn.com\/wp-content\/uploads\/2025\/07\/weed-events-barcelona-683x1024.jpg\" class=\"attachment-large size-large wp-image-31552\" alt=\"\" srcset=\"https:\/\/cubebcn.com\/wp-content\/uploads\/2025\/07\/weed-events-barcelona-683x1024.jpg 683w, https:\/\/cubebcn.com\/wp-content\/uploads\/2025\/07\/weed-events-barcelona-200x300.jpg 200w, https:\/\/cubebcn.com\/wp-content\/uploads\/2025\/07\/weed-events-barcelona-768x1152.jpg 768w, https:\/\/cubebcn.com\/wp-content\/uploads\/2025\/07\/weed-events-barcelona-1024x1536.jpg 1024w, https:\/\/cubebcn.com\/wp-content\/uploads\/2025\/07\/weed-events-barcelona-1366x2048.jpg 1366w, https:\/\/cubebcn.com\/wp-content\/uploads\/2025\/07\/weed-events-barcelona-8x12.jpg 8w, https:\/\/cubebcn.com\/wp-content\/uploads\/2025\/07\/weed-events-barcelona-scaled.jpg 1707w\" sizes=\"(max-width: 683px) 100vw, 683px\" \/>\t\t\t\t\t\t\t\t\t\t\t\t\t\t\t<\/div>\n\t\t\t\t<\/div>\n\t\t\t\t<\/div>\n\t\t\t\t\t<\/div>\n\t\t\t\t<\/div>\n\t\t<div class=\"elementor-element elementor-element-20fb482 e-flex e-con-boxed e-con e-parent\" data-id=\"20fb482\" data-element_type=\"container\">\n\t\t\t\t\t<div class=\"e-con-inner\">\n\t\t<div class=\"elementor-element elementor-element-8b5c60e e-con-full e-flex e-con e-child\" data-id=\"8b5c60e\" data-element_type=\"container\">\n\t\t\t\t<div class=\"elementor-element elementor-element-a9d636d elementor-widget elementor-widget-image\" data-id=\"a9d636d\" data-element_type=\"widget\" data-widget_type=\"image.default\">\n\t\t\t\t<div class=\"elementor-widget-container\">\n\t\t\t\t\t\t\t\t\t\t\t\t\t\t\t<img decoding=\"async\" width=\"683\" height=\"1024\" src=\"https:\/\/cubebcn.com\/wp-content\/uploads\/2025\/07\/cube-barcelona-martes-verde-cannabis-club-683x1024.jpg\" class=\"attachment-large size-large wp-image-31456\" alt=\"\" srcset=\"https:\/\/cubebcn.com\/wp-content\/uploads\/2025\/07\/cube-barcelona-martes-verde-cannabis-club-683x1024.jpg 683w, https:\/\/cubebcn.com\/wp-content\/uploads\/2025\/07\/cube-barcelona-martes-verde-cannabis-club-200x300.jpg 200w, https:\/\/cubebcn.com\/wp-content\/uploads\/2025\/07\/cube-barcelona-martes-verde-cannabis-club-768x1152.jpg 768w, https:\/\/cubebcn.com\/wp-content\/uploads\/2025\/07\/cube-barcelona-martes-verde-cannabis-club-1024x1536.jpg 1024w, https:\/\/cubebcn.com\/wp-content\/uploads\/2025\/07\/cube-barcelona-martes-verde-cannabis-club-1366x2048.jpg 1366w, https:\/\/cubebcn.com\/wp-content\/uploads\/2025\/07\/cube-barcelona-martes-verde-cannabis-club-8x12.jpg 8w, https:\/\/cubebcn.com\/wp-content\/uploads\/2025\/07\/cube-barcelona-martes-verde-cannabis-club-scaled.jpg 1707w\" sizes=\"(max-width: 683px) 100vw, 683px\" \/>\t\t\t\t\t\t\t\t\t\t\t\t\t\t\t<\/div>\n\t\t\t\t<\/div>\n\t\t\t\t<\/div>\n\t\t<div class=\"elementor-element elementor-element-7832752 e-con-full e-flex e-con e-child\" data-id=\"7832752\" data-element_type=\"container\">\n\t\t\t\t<div class=\"elementor-element elementor-element-5a8f1bf elementor-widget-tablet__width-initial elementor-widget-mobile__width-inherit elementor-widget elementor-widget-sword-choose-single-item-widget\" data-id=\"5a8f1bf\" data-element_type=\"widget\" data-widget_type=\"sword-choose-single-item-widget.default\">\n\t\t\t\t<div class=\"elementor-widget-container\">\n\t\t\t\t\t        <div class=\"feature-item\">\r\n            <div class=\"feature-icon-area\">\r\n                <div class=\"feature-icon\">\r\n                   <i aria-hidden=\"true\" class=\"fas fa-joint\"><\/i>                <\/div>\r\n                <div class=\"feature-number\">\r\n                    <span><\/span>\r\n                <\/div>\r\n            <\/div>\r\n            <div class=\"feature-content\">\r\n                <a class=\"\"><h4\r\n                            class=\"title\">CANNABIS-KULTUR<\/h4>\r\n                <\/a>\r\n                <p>Bei CUBE f\u00f6rdern wir mit Leidenschaft die Cannabis-Kultur, insbesondere die, die Teil der DNA Barcelonas ist. Wir glauben an alles, wof\u00fcr sie steht: Gemeinschaft, Respekt und Freiheit. Um diese Werte zu st\u00e4rken, organisieren wir Veranstaltungen, die Mitglieder, Mitarbeiter und Cannabisliebhaber in einer entspannten, famili\u00e4ren Atmosph\u00e4re zusammenbringen. Wir sind mehr als ein Club, wir sind eine Familie, die mit jedem Treffen w\u00e4chst und einzigartige Erfahrungen in einem der authentischsten Cannabisr\u00e4ume der Stadt teilt.\n\n<\/p>\r\n            <\/div>\r\n        <\/div>\r\n        \t\t\t\t<\/div>\n\t\t\t\t<\/div>\n\t\t\t\t<\/div>\n\t\t\t\t\t<\/div>\n\t\t\t\t<\/div>\n\t\t<div class=\"elementor-element elementor-element-6063da6 e-flex e-con-boxed e-con e-parent\" data-id=\"6063da6\" data-element_type=\"container\">\n\t\t\t\t\t<div class=\"e-con-inner\">\n\t\t<div class=\"elementor-element elementor-element-51aa237 e-con-full e-flex e-con e-child\" data-id=\"51aa237\" data-element_type=\"container\">\n\t\t\t\t<div class=\"elementor-element elementor-element-9cd312c elementor-widget-tablet__width-initial elementor-widget-mobile__width-inherit elementor-widget elementor-widget-sword-choose-single-item-widget\" data-id=\"9cd312c\" data-element_type=\"widget\" data-widget_type=\"sword-choose-single-item-widget.default\">\n\t\t\t\t<div class=\"elementor-widget-container\">\n\t\t\t\t\t        <div class=\"feature-item\">\r\n            <div class=\"feature-icon-area\">\r\n                <div class=\"feature-icon\">\r\n                   <i aria-hidden=\"true\" class=\"flaticon flaticon-qualified\"><\/i>                <\/div>\r\n                <div class=\"feature-number\">\r\n                    <span><\/span>\r\n                <\/div>\r\n            <\/div>\r\n            <div class=\"feature-content\">\r\n                <a class=\"\"><h4\r\n                            class=\"title\">DIE QUALIT\u00c4T DES W\u00dcRFELS<\/h4>\r\n                <\/a>\r\n                <p>Als Cannabisvereinigung in Barcelona k\u00fcmmern wir uns bei CUBE um jedes Detail, um ein qualitativ hochwertiges Erlebnis zu bieten und den Ruf zu wahren, den wir uns erarbeitet haben. Wir sind stolz darauf, einige der besten Cannabissorten und Konzentrate in der Stadt anzubieten, immer zu fairen und erschwinglichen Preisen. Unsere Speisekarte bietet eine gro\u00dfe Auswahl an Sorten f\u00fcr jeden Geschmack und jedes Erfahrungsniveau. Bei CUBE ist es unsere Priorit\u00e4t, dass jeder Besuch Ihre Erwartungen erf\u00fcllt - und \u00fcbertrifft. Hier ist Qualit\u00e4t keine Option, sondern die Norm.\n\n<\/p>\r\n            <\/div>\r\n        <\/div>\r\n        \t\t\t\t<\/div>\n\t\t\t\t<\/div>\n\t\t\t\t<\/div>\n\t\t<div class=\"elementor-element elementor-element-40153e2 e-con-full e-flex e-con e-child\" data-id=\"40153e2\" data-element_type=\"container\">\n\t\t\t\t<div class=\"elementor-element elementor-element-78a77c0 elementor-widget elementor-widget-image\" data-id=\"78a77c0\" data-element_type=\"widget\" data-widget_type=\"image.default\">\n\t\t\t\t<div class=\"elementor-widget-container\">\n\t\t\t\t\t\t\t\t\t\t\t\t\t\t\t<img decoding=\"async\" width=\"740\" height=\"553\" src=\"https:\/\/cubebcn.com\/wp-content\/uploads\/2025\/06\/smoke-weed-barcelona-1024x765.jpg\" class=\"attachment-large size-large wp-image-31080\" alt=\"rauchen kiffen barcelona\" srcset=\"https:\/\/cubebcn.com\/wp-content\/uploads\/2025\/06\/smoke-weed-barcelona-1024x765.jpg 1024w, https:\/\/cubebcn.com\/wp-content\/uploads\/2025\/06\/smoke-weed-barcelona-300x224.jpg 300w, https:\/\/cubebcn.com\/wp-content\/uploads\/2025\/06\/smoke-weed-barcelona-768x574.jpg 768w, https:\/\/cubebcn.com\/wp-content\/uploads\/2025\/06\/smoke-weed-barcelona-1536x1148.jpg 1536w, https:\/\/cubebcn.com\/wp-content\/uploads\/2025\/06\/smoke-weed-barcelona-16x12.jpg 16w, https:\/\/cubebcn.com\/wp-content\/uploads\/2025\/06\/smoke-weed-barcelona.jpg 1984w\" sizes=\"(max-width: 740px) 100vw, 740px\" \/>\t\t\t\t\t\t\t\t\t\t\t\t\t\t\t<\/div>\n\t\t\t\t<\/div>\n\t\t\t\t<\/div>\n\t\t\t\t\t<\/div>\n\t\t\t\t<\/div>\n\t\t<div class=\"elementor-element elementor-element-48b445f e-flex e-con-boxed e-con e-parent\" data-id=\"48b445f\" data-element_type=\"container\">\n\t\t\t\t\t<div class=\"e-con-inner\">\n\t\t<div class=\"elementor-element elementor-element-be4548e e-con-full e-flex e-con e-child\" data-id=\"be4548e\" data-element_type=\"container\">\n\t\t\t\t<div class=\"elementor-element elementor-element-3d24e13 elementor-widget elementor-widget-image\" data-id=\"3d24e13\" data-element_type=\"widget\" data-widget_type=\"image.default\">\n\t\t\t\t<div class=\"elementor-widget-container\">\n\t\t\t\t\t\t\t\t\t\t\t\t\t\t\t<img loading=\"lazy\" decoding=\"async\" width=\"683\" height=\"1024\" src=\"https:\/\/cubebcn.com\/wp-content\/uploads\/2025\/07\/cuanto-pesa-el-cogollo-evento-cube-barcelona-683x1024.jpg\" class=\"attachment-large size-large wp-image-31503\" alt=\"\" srcset=\"https:\/\/cubebcn.com\/wp-content\/uploads\/2025\/07\/cuanto-pesa-el-cogollo-evento-cube-barcelona-683x1024.jpg 683w, https:\/\/cubebcn.com\/wp-content\/uploads\/2025\/07\/cuanto-pesa-el-cogollo-evento-cube-barcelona-200x300.jpg 200w, https:\/\/cubebcn.com\/wp-content\/uploads\/2025\/07\/cuanto-pesa-el-cogollo-evento-cube-barcelona-768x1152.jpg 768w, https:\/\/cubebcn.com\/wp-content\/uploads\/2025\/07\/cuanto-pesa-el-cogollo-evento-cube-barcelona-1024x1536.jpg 1024w, https:\/\/cubebcn.com\/wp-content\/uploads\/2025\/07\/cuanto-pesa-el-cogollo-evento-cube-barcelona-1366x2048.jpg 1366w, https:\/\/cubebcn.com\/wp-content\/uploads\/2025\/07\/cuanto-pesa-el-cogollo-evento-cube-barcelona-8x12.jpg 8w, https:\/\/cubebcn.com\/wp-content\/uploads\/2025\/07\/cuanto-pesa-el-cogollo-evento-cube-barcelona-scaled.jpg 1707w\" sizes=\"(max-width: 683px) 100vw, 683px\" \/>\t\t\t\t\t\t\t\t\t\t\t\t\t\t\t<\/div>\n\t\t\t\t<\/div>\n\t\t\t\t<\/div>\n\t\t<div class=\"elementor-element elementor-element-4083c73 e-con-full e-flex e-con e-child\" data-id=\"4083c73\" data-element_type=\"container\">\n\t\t\t\t<div class=\"elementor-element elementor-element-89481f4 elementor-widget-tablet__width-initial elementor-widget-mobile__width-inherit elementor-widget elementor-widget-sword-choose-single-item-widget\" data-id=\"89481f4\" data-element_type=\"widget\" data-widget_type=\"sword-choose-single-item-widget.default\">\n\t\t\t\t<div class=\"elementor-widget-container\">\n\t\t\t\t\t        <div class=\"feature-item\">\r\n            <div class=\"feature-icon-area\">\r\n                <div class=\"feature-icon\">\r\n                   <i aria-hidden=\"true\" class=\"flaticon flaticon-consultation\"><\/i>                <\/div>\r\n                <div class=\"feature-number\">\r\n                    <span><\/span>\r\n                <\/div>\r\n            <\/div>\r\n            <div class=\"feature-content\">\r\n                <a class=\"\"><h4\r\n                            class=\"title\">UNSERE GEMEINSCHAFT<\/h4>\r\n                <\/a>\r\n                <p>Was uns im CUBE wirklich ausmacht, ist unsere Gemeinschaft. Hierher kommt man nicht nur, um Cannabis zu genie\u00dfen, sondern auch, um Momente zu teilen. Wir organisieren w\u00f6chentliche Veranstaltungen wie Pizzaabende, Karaoke oder Filmsessions, die jeden Besuch anders machen. Wenn Sie auf der Suche nach einem Cannabisclub in Barcelona sind, in dem Sie sich mit Gleichgesinnten treffen und eine authentische Erfahrung machen k\u00f6nnen, ist CUBE der richtige Ort f\u00fcr Sie. Wir sind mehr als ein Club, wir sind eine Gemeinschaft, die durch dieselbe Leidenschaft vereint ist.<\/p>\r\n            <\/div>\r\n        <\/div>\r\n        \t\t\t\t<\/div>\n\t\t\t\t<\/div>\n\t\t\t\t<\/div>\n\t\t\t\t\t<\/div>\n\t\t\t\t<\/div>\n\t\t\t\t<div class=\"elementor-section elementor-top-section elementor-element elementor-element-57e17d34 elementor-section-stretched elementor-section-boxed elementor-section-height-default elementor-section-height-default\" data-id=\"57e17d34\" data-element_type=\"section\" data-settings=\"{&quot;stretch_section&quot;:&quot;section-stretched&quot;,&quot;background_background&quot;:&quot;classic&quot;}\">\n\t\t\t\t\t\t\t<div class=\"elementor-background-overlay\"><\/div>\n\t\t\t\t\t\t\t<div class=\"elementor-container elementor-column-gap-no\">\n\t\t\t\t\t<div class=\"elementor-column elementor-col-100 elementor-top-column elementor-element elementor-element-64c750ce\" data-id=\"64c750ce\" data-element_type=\"column\">\n\t\t\t<div class=\"elementor-widget-wrap elementor-element-populated\">\n\t\t\t\t\t\t<section class=\"elementor-section elementor-inner-section elementor-element elementor-element-2ea04d52 elementor-section-boxed elementor-section-height-default elementor-section-height-default\" data-id=\"2ea04d52\" data-element_type=\"section\">\n\t\t\t\t\t\t<div class=\"elementor-container elementor-column-gap-no\">\n\t\t\t\t\t<div class=\"elementor-column elementor-col-50 elementor-inner-column elementor-element elementor-element-62dba894\" data-id=\"62dba894\" data-element_type=\"column\">\n\t\t\t<div class=\"elementor-widget-wrap elementor-element-populated\">\n\t\t\t\t\t\t<div class=\"elementor-element elementor-element-30d6fcca elementor-widget elementor-widget-image\" data-id=\"30d6fcca\" data-element_type=\"widget\" data-widget_type=\"image.default\">\n\t\t\t\t<div class=\"elementor-widget-container\">\n\t\t\t\t\t\t\t\t\t\t\t\t\t\t\t<img decoding=\"async\" src=\"https:\/\/cubebcn.com\/wp-content\/uploads\/elementor\/thumbs\/evento-hash-cata-cube-barcelona-domingo-scaled-r9a963ky2wfrcbjx8ocgxhxill09ndheizf7mdkpdo.jpg\" title=\"veranstaltung-hash-verkostung-w\u00fcrfel-barcelona-sonntag\" alt=\"veranstaltung-hash-verkostung-w\u00fcrfel-barcelona-sonntag\" loading=\"lazy\" \/>\t\t\t\t\t\t\t\t\t\t\t\t\t\t\t<\/div>\n\t\t\t\t<\/div>\n\t\t\t\t\t<\/div>\n\t\t<\/div>\n\t\t\t\t<div class=\"elementor-column elementor-col-50 elementor-inner-column elementor-element elementor-element-4540b7b\" data-id=\"4540b7b\" data-element_type=\"column\">\n\t\t\t<div class=\"elementor-widget-wrap elementor-element-populated\">\n\t\t\t\t\t\t<div class=\"elementor-element elementor-element-6c423116 elementor-widget elementor-widget-sword-theme-heading-title-one-widget\" data-id=\"6c423116\" data-element_type=\"widget\" data-widget_type=\"sword-theme-heading-title-one-widget.default\">\n\t\t\t\t<div class=\"elementor-widget-container\">\n\t\t\t\t\t        <div class=\"theme-heading-title white\"\r\n             style=\"text-align:left\">\r\n                        <h3 class=\"title\">\r\n                ENTSPANNEN <span>CUBE<\/span>            <\/h3>\r\n            <p>Wir sind viel mehr als ein Cannabis-Club. Wir sind eine Gemeinschaft, wir sind ein Ort, wo man sich entspannen, neue Leute kennenlernen und Marihuana und hochwertige Konzentrate zu einem unglaublichen Preis genie\u00dfen kann. Wir bieten verschiedene w\u00f6chentliche Aktivit\u00e4ten und gute Laune garantiert.<\/p>        <\/div>\r\n        \t\t\t\t<\/div>\n\t\t\t\t<\/div>\n\t\t\t\t<div class=\"elementor-element elementor-element-1d561513 elementor-widget elementor-widget-sword-icon-box-item-widget\" data-id=\"1d561513\" data-element_type=\"widget\" data-widget_type=\"sword-icon-box-item-widget.default\">\n\t\t\t\t<div class=\"elementor-widget-container\">\n\t\t\t\t\t\n        <div class=\"icon-box-item left white\"\n             style=\"text-align:left\">\n            <div class=\"icon-wrap\">\n                                    <div class=\"icon shape\">\n                        <i aria-hidden=\"true\" class=\"fas fa-comments\"><\/i>                    <\/div>\n                            <\/div>\n            <div class=\"content\">\n                <a class=\"icon-box-anchor\" ><h3 class=\"title\">EINE GEMEINSCHAFT<\/h3><\/a><p>Als Cannabis-Social-Club stehen unsere Mitglieder an erster Stelle, und wir arbeiten jeden Tag daran, eine geeinte und gesunde Gemeinschaft zu erhalten.<\/p>            <\/div>\n        <\/div>\n\n        \t\t\t\t<\/div>\n\t\t\t\t<\/div>\n\t\t\t\t<div class=\"elementor-element elementor-element-5170378d elementor-widget elementor-widget-sword-icon-box-item-widget\" data-id=\"5170378d\" data-element_type=\"widget\" data-widget_type=\"sword-icon-box-item-widget.default\">\n\t\t\t\t<div class=\"elementor-widget-container\">\n\t\t\t\t\t\n        <div class=\"icon-box-item left white\"\n             style=\"text-align:left\">\n            <div class=\"icon-wrap\">\n                                    <div class=\"icon shape\">\n                        <i aria-hidden=\"true\" class=\"fas fa-star\"><\/i>                    <\/div>\n                            <\/div>\n            <div class=\"content\">\n                <a class=\"icon-box-anchor\" ><h3 class=\"title\">QUALIT\u00c4T F\u00dcR UNSERE PARTNER<\/h3><\/a><p>Wir testen alle unsere Produkte, um zu wissen, was wir anbieten. Mit geschulten Mitarbeitern vor Ort stellen wir sicher, dass wir immer die beste Qualit\u00e4t von Cannabis anbieten.<\/p>            <\/div>\n        <\/div>\n\n        \t\t\t\t<\/div>\n\t\t\t\t<\/div>\n\t\t\t\t<div class=\"elementor-element elementor-element-544418fd elementor-widget elementor-widget-button\" data-id=\"544418fd\" data-element_type=\"widget\" data-widget_type=\"button.default\">\n\t\t\t\t<div class=\"elementor-widget-container\">\n\t\t\t\t\t\t\t\t\t<div class=\"elementor-button-wrapper\">\n\t\t\t\t\t<a class=\"elementor-button elementor-button-link elementor-size-md\" href=\"https:\/\/cubebcn.com\/de\/haufig-gestellte-fragen\/\">\n\t\t\t\t\t\t<span class=\"elementor-button-content-wrapper\">\n\t\t\t\t\t\t<span class=\"elementor-button-icon\">\n\t\t\t\t<i aria-hidden=\"true\" class=\"fas fa-arrow-right\"><\/i>\t\t\t<\/span>\n\t\t\t\t\t\t\t\t\t<span class=\"elementor-button-text\">H\u00e4ufig gestellte Fragen<\/span>\n\t\t\t\t\t<\/span>\n\t\t\t\t\t<\/a>\n\t\t\t\t<\/div>\n\t\t\t\t\t\t\t\t<\/div>\n\t\t\t\t<\/div>\n\t\t\t\t\t<\/div>\n\t\t<\/div>\n\t\t\t\t\t<\/div>\n\t\t<\/section>\n\t\t\t\t\t<\/div>\n\t\t<\/div>\n\t\t\t\t\t<\/div>\n\t\t<\/div>\n\t\t\t\t<\/div>","protected":false},"excerpt":{"rendered":"<p>WAS IST DER CUBE BARCELONA? Cube BCN ist ein Cannabis-Club in El Clot. Wir sind nicht der gr\u00f6\u00dfte Club, wir sind nicht der eleganteste Club, wir sind kein Postureo-Club... Wir sind CUBE, ein kleiner, aber gem\u00fctlicher Club, der dank unserer Mitarbeiter, treuen Mitglieder und Produkte von h\u00f6chster Qualit\u00e4t nonstop arbeitet.<\/p>","protected":false},"author":4,"featured_media":0,"parent":0,"menu_order":0,"comment_status":"closed","ping_status":"closed","template":"","meta":{"_joinchat":[],"footnotes":""},"class_list":["post-7795","page","type-page","status-publish","hentry"],"_links":{"self":[{"href":"https:\/\/cubebcn.com\/de\/wp-json\/wp\/v2\/pages\/7795","targetHints":{"allow":["GET"]}}],"collection":[{"href":"https:\/\/cubebcn.com\/de\/wp-json\/wp\/v2\/pages"}],"about":[{"href":"https:\/\/cubebcn.com\/de\/wp-json\/wp\/v2\/types\/page"}],"author":[{"embeddable":true,"href":"https:\/\/cubebcn.com\/de\/wp-json\/wp\/v2\/users\/4"}],"replies":[{"embeddable":true,"href":"https:\/\/cubebcn.com\/de\/wp-json\/wp\/v2\/comments?post=7795"}],"version-history":[{"count":33,"href":"https:\/\/cubebcn.com\/de\/wp-json\/wp\/v2\/pages\/7795\/revisions"}],"predecessor-version":[{"id":31600,"href":"https:\/\/cubebcn.com\/de\/wp-json\/wp\/v2\/pages\/7795\/revisions\/31600"}],"wp:attachment":[{"href":"https:\/\/cubebcn.com\/de\/wp-json\/wp\/v2\/media?parent=7795"}],"curies":[{"name":"wp","href":"https:\/\/api.w.org\/{rel}","templated":true}]}}