{"id":30709,"date":"2025-05-12T17:46:31","date_gmt":"2025-05-12T17:46:31","guid":{"rendered":"https:\/\/cubebcn.com\/?page_id=30709"},"modified":"2025-09-22T15:38:30","modified_gmt":"2025-09-22T15:38:30","slug":"freitags-wochentliche-empfehlungen-im-wurfel","status":"publish","type":"page","link":"https:\/\/cubebcn.com\/de\/veranstaltungen\/freitags-wochentliche-empfehlungen-im-wurfel\/","title":{"rendered":"W\u00f6chentliche Empfehlung am Freitag im CUBE"},"content":{"rendered":"<div data-elementor-type=\"wp-page\" data-elementor-id=\"30709\" class=\"elementor elementor-30709\" data-elementor-post-type=\"page\">\n\t\t\t\t\t\t<section class=\"elementor-section elementor-top-section elementor-element elementor-element-bf98c85 elementor-section-boxed elementor-section-height-default elementor-section-height-default\" data-id=\"bf98c85\" data-element_type=\"section\">\n\t\t\t\t\t\t<div class=\"elementor-container elementor-column-gap-default\">\n\t\t\t\t\t<div class=\"elementor-column elementor-col-100 elementor-top-column elementor-element elementor-element-54297e7\" data-id=\"54297e7\" data-element_type=\"column\">\n\t\t\t<div class=\"elementor-widget-wrap elementor-element-populated\">\n\t\t\t\t\t\t<section class=\"elementor-section elementor-inner-section elementor-element elementor-element-d3c1ab1 elementor-section-boxed elementor-section-height-default elementor-section-height-default\" data-id=\"d3c1ab1\" data-element_type=\"section\">\n\t\t\t\t\t\t<div class=\"elementor-container elementor-column-gap-default\">\n\t\t\t\t\t<div class=\"elementor-column elementor-col-50 elementor-inner-column elementor-element elementor-element-8f02c8a\" data-id=\"8f02c8a\" data-element_type=\"column\">\n\t\t\t<div class=\"elementor-widget-wrap\">\n\t\t\t\t\t\t\t<\/div>\n\t\t<\/div>\n\t\t\t\t<div class=\"elementor-column elementor-col-50 elementor-inner-column elementor-element elementor-element-380628e\" data-id=\"380628e\" data-element_type=\"column\">\n\t\t\t<div class=\"elementor-widget-wrap\">\n\t\t\t\t\t\t\t<\/div>\n\t\t<\/div>\n\t\t\t\t\t<\/div>\n\t\t<\/section>\n\t\t\t\t\t<\/div>\n\t\t<\/div>\n\t\t\t\t\t<\/div>\n\t\t<\/section>\n\t\t\t\t<section class=\"elementor-section elementor-top-section elementor-element elementor-element-5f5e84f2 elementor-section-height-min-height elementor-section-content-middle elementor-section-items-stretch elementor-section-boxed elementor-section-height-default\" data-id=\"5f5e84f2\" data-element_type=\"section\" data-settings=\"{&quot;background_background&quot;:&quot;gradient&quot;}\">\n\t\t\t\t\t\t<div class=\"elementor-container elementor-column-gap-default\">\n\t\t\t\t\t<div class=\"elementor-column elementor-col-50 elementor-top-column elementor-element elementor-element-beb230f\" data-id=\"beb230f\" data-element_type=\"column\">\n\t\t\t<div class=\"elementor-widget-wrap elementor-element-populated\">\n\t\t\t\t\t\t<div class=\"elementor-element elementor-element-7b15cc0e elementor-widget elementor-widget-heading\" data-id=\"7b15cc0e\" data-element_type=\"widget\" data-widget_type=\"heading.default\">\n\t\t\t\t<div class=\"elementor-widget-container\">\n\t\t\t\t\t<h1 class=\"elementor-heading-title elementor-size-default\">W\u00f6chentliche Empfehlung am Freitag im CUBE\n\n<\/h1>\t\t\t\t<\/div>\n\t\t\t\t<\/div>\n\t\t\t\t<div class=\"elementor-element elementor-element-295c332e elementor-icon-list--layout-inline elementor-list-item-link-full_width elementor-widget elementor-widget-icon-list\" data-id=\"295c332e\" data-element_type=\"widget\" data-widget_type=\"icon-list.default\">\n\t\t\t\t<div class=\"elementor-widget-container\">\n\t\t\t\t\t\t\t<ul class=\"elementor-icon-list-items elementor-inline-items\">\n\t\t\t\t\t\t\t<li class=\"elementor-icon-list-item elementor-inline-item\">\n\t\t\t\t\t\t\t\t\t\t\t<span class=\"elementor-icon-list-icon\">\n\t\t\t\t\t\t\t<i aria-hidden=\"true\" class=\"fas fa-cannabis\"><\/i>\t\t\t\t\t\t<\/span>\n\t\t\t\t\t\t\t\t\t\t<span class=\"elementor-icon-list-text\"><\/span>\n\t\t\t\t\t\t\t\t\t<\/li>\n\t\t\t\t\t\t\t\t<li class=\"elementor-icon-list-item elementor-inline-item\">\n\t\t\t\t\t\t\t\t\t\t\t<span class=\"elementor-icon-list-icon\">\n\t\t\t\t\t\t\t<i aria-hidden=\"true\" class=\"fas fa-box\"><\/i>\t\t\t\t\t\t<\/span>\n\t\t\t\t\t\t\t\t\t\t<span class=\"elementor-icon-list-text\"><\/span>\n\t\t\t\t\t\t\t\t\t<\/li>\n\t\t\t\t\t\t\t\t<li class=\"elementor-icon-list-item elementor-inline-item\">\n\t\t\t\t\t\t\t\t\t\t\t<span class=\"elementor-icon-list-icon\">\n\t\t\t\t\t\t\t<i aria-hidden=\"true\" class=\"fas fa-tags\"><\/i>\t\t\t\t\t\t<\/span>\n\t\t\t\t\t\t\t\t\t\t<span class=\"elementor-icon-list-text\"><\/span>\n\t\t\t\t\t\t\t\t\t<\/li>\n\t\t\t\t\t\t<\/ul>\n\t\t\t\t\t\t<\/div>\n\t\t\t\t<\/div>\n\t\t\t\t<div class=\"elementor-element elementor-element-16598f6d elementor-widget-divider--view-line elementor-widget elementor-widget-divider\" data-id=\"16598f6d\" data-element_type=\"widget\" data-widget_type=\"divider.default\">\n\t\t\t\t<div class=\"elementor-widget-container\">\n\t\t\t\t\t\t\t<div class=\"elementor-divider\">\n\t\t\t<span class=\"elementor-divider-separator\">\n\t\t\t\t\t\t<\/span>\n\t\t<\/div>\n\t\t\t\t\t\t<\/div>\n\t\t\t\t<\/div>\n\t\t\t\t<div class=\"elementor-element elementor-element-4b2fc002 elementor-widget elementor-widget-text-editor\" data-id=\"4b2fc002\" data-element_type=\"widget\" data-widget_type=\"text-editor.default\">\n\t\t\t\t<div class=\"elementor-widget-container\">\n\t\t\t\t\t\t\t\t\t<p class=\"\" data-start=\"426\" data-end=\"538\"><span data-start=\"429\" data-end=\"476\">\u00a1<\/span><strong data-start=\"429\" data-end=\"476\">Der w\u00f6chentliche Empfehlungs-Freitag ist da!<\/strong><br data-start=\"476\" data-end=\"479\" \/>Bei CUBE w\u00e4hlen wir <strong data-start=\"501\" data-end=\"535\">zwei Top-Produkte der Woche<\/strong>:<\/p><ul data-start=\"539\" data-end=\"591\"><li class=\"\" data-start=\"539\" data-end=\"567\"><p class=\"\" data-start=\"541\" data-end=\"567\">A <strong data-start=\"545\" data-end=\"565\">Bl\u00fctengenetik<\/strong><\/p><\/li><li class=\"\" data-start=\"568\" data-end=\"591\"><p class=\"\" data-start=\"570\" data-end=\"591\">A <strong data-start=\"573\" data-end=\"591\">eindeutiger Hashwert<\/strong><\/p><\/li><\/ul><p class=\"\" data-start=\"593\" data-end=\"749\">Jeder mit <strong data-start=\"609\" data-end=\"637\">-2 Rabattgutschriften<\/strong>nur am Freitag.<br data-start=\"663\" data-end=\"666\" \/>Eine perfekte M\u00f6glichkeit, etwas Neues auszuprobieren oder das, was Sie lieben, zu einem g\u00fcnstigeren Preis zu wiederholen.<\/p><p class=\"\" data-start=\"751\" data-end=\"850\"><strong data-start=\"754\" data-end=\"780\">G\u00fcltig nur am Freitag<\/strong><br data-start=\"780\" data-end=\"783\" \/><strong data-start=\"786\" data-end=\"850\">Direkt angewandter Rabatt: -2 Credits pro Empfehlung<\/strong><\/p>\t\t\t\t\t\t\t\t<\/div>\n\t\t\t\t<\/div>\n\t\t\t\t\t<\/div>\n\t\t<\/div>\n\t\t\t\t<div class=\"elementor-column elementor-col-50 elementor-top-column elementor-element elementor-element-8f4acd7\" data-id=\"8f4acd7\" data-element_type=\"column\" data-settings=\"{&quot;background_background&quot;:&quot;classic&quot;}\">\n\t\t\t<div class=\"elementor-widget-wrap elementor-element-populated\">\n\t\t\t\t\t\t<div class=\"elementor-element elementor-element-68855d50 elementor-widget elementor-widget-spacer\" data-id=\"68855d50\" data-element_type=\"widget\" data-widget_type=\"spacer.default\">\n\t\t\t\t<div class=\"elementor-widget-container\">\n\t\t\t\t\t\t\t<div class=\"elementor-spacer\">\n\t\t\t<div class=\"elementor-spacer-inner\"><\/div>\n\t\t<\/div>\n\t\t\t\t\t\t<\/div>\n\t\t\t\t<\/div>\n\t\t\t\t<div class=\"elementor-element elementor-element-7d18fcbd elementor-widget__width-auto elementor-absolute elementor-widget elementor-widget-image\" data-id=\"7d18fcbd\" data-element_type=\"widget\" data-settings=\"{&quot;_position&quot;:&quot;absolute&quot;,&quot;motion_fx_motion_fx_scrolling&quot;:&quot;yes&quot;,&quot;motion_fx_translateY_effect&quot;:&quot;yes&quot;,&quot;motion_fx_translateY_affectedRange&quot;:{&quot;unit&quot;:&quot;%&quot;,&quot;size&quot;:&quot;&quot;,&quot;sizes&quot;:{&quot;start&quot;:&quot;53&quot;,&quot;end&quot;:&quot;83&quot;}},&quot;motion_fx_translateY_speed&quot;:{&quot;unit&quot;:&quot;px&quot;,&quot;size&quot;:4,&quot;sizes&quot;:[]},&quot;motion_fx_devices&quot;:[&quot;desktop&quot;,&quot;tablet&quot;,&quot;mobile&quot;]}\" data-widget_type=\"image.default\">\n\t\t\t\t<div class=\"elementor-widget-container\">\n\t\t\t\t\t\t\t\t\t\t\t\t\t\t\t<img fetchpriority=\"high\" decoding=\"async\" width=\"320\" height=\"696\" src=\"https:\/\/cubebcn.com\/wp-content\/uploads\/2023\/08\/HomePage-Hero-Shape.png\" class=\"attachment-full size-full wp-image-8855\" alt=\"\" srcset=\"https:\/\/cubebcn.com\/wp-content\/uploads\/2023\/08\/HomePage-Hero-Shape.png 320w, https:\/\/cubebcn.com\/wp-content\/uploads\/2023\/08\/HomePage-Hero-Shape-138x300.png 138w, https:\/\/cubebcn.com\/wp-content\/uploads\/2023\/08\/HomePage-Hero-Shape-6x12.png 6w\" sizes=\"(max-width: 320px) 100vw, 320px\" \/>\t\t\t\t\t\t\t\t\t\t\t\t\t\t\t<\/div>\n\t\t\t\t<\/div>\n\t\t\t\t\t<\/div>\n\t\t<\/div>\n\t\t\t\t\t<\/div>\n\t\t<\/section>\n\t\t<div class=\"elementor-element elementor-element-3d4968d e-flex e-con-boxed e-con e-parent\" data-id=\"3d4968d\" data-element_type=\"container\">\n\t\t\t\t\t<div class=\"e-con-inner\">\n\t\t\t\t<div class=\"elementor-element elementor-element-314a52f elementor-widget elementor-widget-heading\" data-id=\"314a52f\" data-element_type=\"widget\" data-widget_type=\"heading.default\">\n\t\t\t\t<div class=\"elementor-widget-container\">\n\t\t\t\t\t<h2 class=\"elementor-heading-title elementor-size-default\">Galerie<\/h2>\t\t\t\t<\/div>\n\t\t\t\t<\/div>\n\t\t\t\t<div class=\"elementor-element elementor-element-78d5f8e elementor-widget elementor-widget-gallery\" data-id=\"78d5f8e\" data-element_type=\"widget\" data-settings=\"{&quot;gallery_layout&quot;:&quot;justified&quot;,&quot;ideal_row_height&quot;:{&quot;unit&quot;:&quot;px&quot;,&quot;size&quot;:600,&quot;sizes&quot;:[]},&quot;lazyload&quot;:&quot;yes&quot;,&quot;ideal_row_height_tablet&quot;:{&quot;unit&quot;:&quot;px&quot;,&quot;size&quot;:150,&quot;sizes&quot;:[]},&quot;ideal_row_height_mobile&quot;:{&quot;unit&quot;:&quot;px&quot;,&quot;size&quot;:150,&quot;sizes&quot;:[]},&quot;gap&quot;:{&quot;unit&quot;:&quot;px&quot;,&quot;size&quot;:10,&quot;sizes&quot;:[]},&quot;gap_tablet&quot;:{&quot;unit&quot;:&quot;px&quot;,&quot;size&quot;:10,&quot;sizes&quot;:[]},&quot;gap_mobile&quot;:{&quot;unit&quot;:&quot;px&quot;,&quot;size&quot;:10,&quot;sizes&quot;:[]},&quot;link_to&quot;:&quot;file&quot;,&quot;overlay_background&quot;:&quot;yes&quot;,&quot;content_hover_animation&quot;:&quot;fade-in&quot;}\" data-widget_type=\"gallery.default\">\n\t\t\t\t<div class=\"elementor-widget-container\">\n\t\t\t\t\t\t\t<div class=\"elementor-gallery__container\">\n\t\t\t\t\t\t\t<a class=\"e-gallery-item elementor-gallery-item elementor-animated-content\" href=\"https:\/\/cubebcn.com\/wp-content\/uploads\/2025\/07\/cube-barcelona-viernes-de-recomendacion-semanal-scaled.jpg\" data-elementor-open-lightbox=\"yes\" data-elementor-lightbox-slideshow=\"78d5f8e\" data-elementor-lightbox-title=\"cube-barcelona-viernes-de-recomendacion-semanal\" data-e-action-hash=\"#elementor-action%3Aaction%3Dlightbox%26settings%3DeyJpZCI6MzE0NzYsInVybCI6Imh0dHBzOlwvXC9jdWJlYmNuLmNvbVwvd3AtY29udGVudFwvdXBsb2Fkc1wvMjAyNVwvMDdcL2N1YmUtYmFyY2Vsb25hLXZpZXJuZXMtZGUtcmVjb21lbmRhY2lvbi1zZW1hbmFsLXNjYWxlZC5qcGciLCJzbGlkZXNob3ciOiI3OGQ1ZjhlIn0%3D\">\n\t\t\t\t\t<div class=\"e-gallery-image elementor-gallery-item__image\" data-thumbnail=\"https:\/\/cubebcn.com\/wp-content\/uploads\/2025\/07\/cube-barcelona-viernes-de-recomendacion-semanal-scaled.jpg\" data-width=\"1707\" data-height=\"2560\" aria-label=\"\" role=\"img\" ><\/div>\n\t\t\t\t\t\t\t\t\t\t\t<div class=\"elementor-gallery-item__overlay\"><\/div>\n\t\t\t\t\t\t\t\t\t\t\t\t\t\t<\/a>\n\t\t\t\t\t\t\t<a class=\"e-gallery-item elementor-gallery-item elementor-animated-content\" href=\"https:\/\/cubebcn.com\/wp-content\/uploads\/2025\/07\/viernes-recomendacion-semanal-en-cube-barcelona-scaled.jpg\" data-elementor-open-lightbox=\"yes\" data-elementor-lightbox-slideshow=\"78d5f8e\" data-elementor-lightbox-title=\"viernes-recomendacion-semanal-en-cube-barcelona\" data-e-action-hash=\"#elementor-action%3Aaction%3Dlightbox%26settings%3DeyJpZCI6MzE0NzcsInVybCI6Imh0dHBzOlwvXC9jdWJlYmNuLmNvbVwvd3AtY29udGVudFwvdXBsb2Fkc1wvMjAyNVwvMDdcL3ZpZXJuZXMtcmVjb21lbmRhY2lvbi1zZW1hbmFsLWVuLWN1YmUtYmFyY2Vsb25hLXNjYWxlZC5qcGciLCJzbGlkZXNob3ciOiI3OGQ1ZjhlIn0%3D\">\n\t\t\t\t\t<div class=\"e-gallery-image elementor-gallery-item__image\" data-thumbnail=\"https:\/\/cubebcn.com\/wp-content\/uploads\/2025\/07\/viernes-recomendacion-semanal-en-cube-barcelona-scaled.jpg\" data-width=\"1707\" data-height=\"2560\" aria-label=\"\" role=\"img\" ><\/div>\n\t\t\t\t\t\t\t\t\t\t\t<div class=\"elementor-gallery-item__overlay\"><\/div>\n\t\t\t\t\t\t\t\t\t\t\t\t\t\t<\/a>\n\t\t\t\t\t<\/div>\n\t\t\t\t\t<\/div>\n\t\t\t\t<\/div>\n\t\t\t\t\t<\/div>\n\t\t\t\t<\/div>\n\t\t\t\t<\/div>","protected":false},"excerpt":{"rendered":"<p>Viernes de Recomendaci\u00f3n Semanal en CUBE \u00a1Llega el Viernes de Recomendaci\u00f3n Semanal!En CUBE seleccionamos dos productos top de la semana: Una gen\u00e9tica de flor Un hash exclusivo Cada uno con -2 cr\u00e9ditos de descuento, solo durante el viernes.Una forma perfecta de probar algo nuevo o repetir lo que te encanta a mejor precio. V\u00e1lido solo<\/p>","protected":false},"author":4,"featured_media":30713,"parent":8897,"menu_order":0,"comment_status":"closed","ping_status":"closed","template":"","meta":{"_joinchat":[],"footnotes":""},"class_list":["post-30709","page","type-page","status-publish","has-post-thumbnail","hentry"],"_links":{"self":[{"href":"https:\/\/cubebcn.com\/de\/wp-json\/wp\/v2\/pages\/30709","targetHints":{"allow":["GET"]}}],"collection":[{"href":"https:\/\/cubebcn.com\/de\/wp-json\/wp\/v2\/pages"}],"about":[{"href":"https:\/\/cubebcn.com\/de\/wp-json\/wp\/v2\/types\/page"}],"author":[{"embeddable":true,"href":"https:\/\/cubebcn.com\/de\/wp-json\/wp\/v2\/users\/4"}],"replies":[{"embeddable":true,"href":"https:\/\/cubebcn.com\/de\/wp-json\/wp\/v2\/comments?post=30709"}],"version-history":[{"count":22,"href":"https:\/\/cubebcn.com\/de\/wp-json\/wp\/v2\/pages\/30709\/revisions"}],"predecessor-version":[{"id":32074,"href":"https:\/\/cubebcn.com\/de\/wp-json\/wp\/v2\/pages\/30709\/revisions\/32074"}],"up":[{"embeddable":true,"href":"https:\/\/cubebcn.com\/de\/wp-json\/wp\/v2\/pages\/8897"}],"wp:featuredmedia":[{"embeddable":true,"href":"https:\/\/cubebcn.com\/de\/wp-json\/wp\/v2\/media\/30713"}],"wp:attachment":[{"href":"https:\/\/cubebcn.com\/de\/wp-json\/wp\/v2\/media?parent=30709"}],"curies":[{"name":"wp","href":"https:\/\/api.w.org\/{rel}","templated":true}]}}