{"id":1154,"date":"2022-03-17T12:04:59","date_gmt":"2022-03-17T12:04:59","guid":{"rendered":"https:\/\/themeim.com\/wp\/sword\/?page_id=1154"},"modified":"2024-06-18T17:24:02","modified_gmt":"2024-06-18T17:24:02","slug":"kontakt-uns","status":"publish","type":"page","link":"https:\/\/cubebcn.com\/de\/kontakt-uns\/","title":{"rendered":"Kontaktieren Sie uns unter"},"content":{"rendered":"<div data-elementor-type=\"wp-page\" data-elementor-id=\"1154\" class=\"elementor elementor-1154\" data-elementor-post-type=\"page\">\n\t\t\t\t\t\t<div class=\"elementor-section elementor-top-section elementor-element elementor-element-6d80b5c elementor-section-stretched elementor-section-boxed elementor-section-height-default elementor-section-height-default\" data-id=\"6d80b5c\" data-element_type=\"section\" data-settings=\"{&quot;stretch_section&quot;:&quot;section-stretched&quot;,&quot;background_background&quot;:&quot;classic&quot;}\">\n\t\t\t\t\t\t<div class=\"elementor-container elementor-column-gap-default\">\n\t\t\t\t\t<div class=\"elementor-column elementor-col-100 elementor-top-column elementor-element elementor-element-d0cd2d1\" data-id=\"d0cd2d1\" data-element_type=\"column\">\n\t\t\t<div class=\"elementor-widget-wrap elementor-element-populated\">\n\t\t\t\t\t\t<section class=\"elementor-section elementor-inner-section elementor-element elementor-element-a6a6263 elementor-section-boxed elementor-section-height-default elementor-section-height-default\" data-id=\"a6a6263\" data-element_type=\"section\">\n\t\t\t\t\t\t<div class=\"elementor-container elementor-column-gap-default\">\n\t\t\t\t\t<div class=\"elementor-column elementor-col-50 elementor-inner-column elementor-element elementor-element-2c12aeb\" data-id=\"2c12aeb\" data-element_type=\"column\">\n\t\t\t<div class=\"elementor-widget-wrap elementor-element-populated\">\n\t\t\t\t\t\t<div class=\"elementor-element elementor-element-6da4001 elementor-widget elementor-widget-heading\" data-id=\"6da4001\" data-element_type=\"widget\" data-widget_type=\"heading.default\">\n\t\t\t\t<div class=\"elementor-widget-container\">\n\t\t\t\t\t<h1 class=\"elementor-heading-title elementor-size-default\">KONTAKT-W\u00dcRFEL<\/h1>\t\t\t\t<\/div>\n\t\t\t\t<\/div>\n\t\t\t\t<div class=\"elementor-element elementor-element-7b51792 elementor-widget elementor-widget-text-editor\" data-id=\"7b51792\" data-element_type=\"widget\" data-widget_type=\"text-editor.default\">\n\t\t\t\t<div class=\"elementor-widget-container\">\n\t\t\t\t\t\t\t\t\t<p>Bevor Sie sich an uns wenden, denken Sie bitte daran, dass Ihre Fragen in unserem Bereich \"H\u00e4ufig gestellte Fragen\" beantwortet werden. Dennoch haben wir das folgende Formular aktiviert, damit Sie uns schriftlich kontaktieren k\u00f6nnen. Bitte haben Sie etwas Geduld, wir werden Ihnen innerhalb der n\u00e4chsten Stunden w\u00e4hrend unserer normalen Kundendienstzeiten antworten.<\/p>\t\t\t\t\t\t\t\t<\/div>\n\t\t\t\t<\/div>\n\t\t\t\t\t<\/div>\n\t\t<\/div>\n\t\t\t\t<div class=\"elementor-column elementor-col-50 elementor-inner-column elementor-element elementor-element-4cea23b\" data-id=\"4cea23b\" data-element_type=\"column\">\n\t\t\t<div class=\"elementor-widget-wrap elementor-element-populated\">\n\t\t\t\t\t\t<div class=\"elementor-element elementor-element-bf58600 elementor-widget elementor-widget-shortcode\" data-id=\"bf58600\" data-element_type=\"widget\" data-widget_type=\"shortcode.default\">\n\t\t\t\t<div class=\"elementor-widget-container\">\n\t\t\t\t\t\t\t<div class=\"elementor-shortcode\">\n<div class=\"wpcf7 no-js\" id=\"wpcf7-f1973-o1\" lang=\"en-US\" dir=\"ltr\" data-wpcf7-id=\"1973\">\n<div class=\"screen-reader-response\"><p role=\"status\" aria-live=\"polite\" aria-atomic=\"true\"><\/p> <ul><\/ul><\/div>\n<form action=\"\/de\/wp-json\/wp\/v2\/pages\/1154#wpcf7-f1973-o1\" method=\"post\" class=\"wpcf7-form init\" aria-label=\"Kontakt-Formular\" novalidate=\"novalidate\" data-status=\"init\" data-trp-original-action=\"\/de\/wp-json\/wp\/v2\/pages\/1154#wpcf7-f1973-o1\">\n<fieldset class=\"hidden-fields-container\"><input type=\"hidden\" name=\"_wpcf7\" value=\"1973\" \/><input type=\"hidden\" name=\"_wpcf7_version\" value=\"6.1.4\" \/><input type=\"hidden\" name=\"_wpcf7_locale\" value=\"en_US\" \/><input type=\"hidden\" name=\"_wpcf7_unit_tag\" value=\"wpcf7-f1973-o1\" \/><input type=\"hidden\" name=\"_wpcf7_container_post\" value=\"0\" \/><input type=\"hidden\" name=\"_wpcf7_posted_data_hash\" value=\"\" \/><input type=\"hidden\" name=\"_wpcf7_recaptcha_response\" value=\"\" \/>\n<\/fieldset>\n<div class=\"account-widget-form\">\n   <div class=\"row justify-content-center mb-25-none\">\n      <div class=\"col-xl-12 form-group\">\n       <span class=\"wpcf7-form-control-wrap\" data-name=\"nombreform\"><input size=\"40\" maxlength=\"400\" class=\"wpcf7-form-control wpcf7-text wpcf7-validates-as-required form--control\" aria-required=\"true\" aria-invalid=\"false\" placeholder=\"Ihr Name* Ihr Name\" value=\"\" type=\"text\" name=\"nombreform\" \/><\/span>\n      <\/div>\n      <div class=\"col-xl-12 form-group\">\n       <span class=\"wpcf7-form-control-wrap\" data-name=\"nombreform\"><input size=\"40\" maxlength=\"400\" class=\"wpcf7-form-control wpcf7-text wpcf7-validates-as-required form--control\" aria-required=\"true\" aria-invalid=\"false\" placeholder=\"Thema* Thema* Thema* Thema* Thema* Thema* Thema* Thema* Thema* Thema* Thema* Thema\" value=\"\" type=\"text\" name=\"nombreform\" \/><\/span>\n      <\/div>\n      <div class=\"col-xl-12 form-group\">\n       <span class=\"wpcf7-form-control-wrap\" data-name=\"email-709\"><input size=\"40\" maxlength=\"400\" class=\"wpcf7-form-control wpcf7-email wpcf7-validates-as-required wpcf7-text wpcf7-validates-as-email form--control\" aria-required=\"true\" aria-invalid=\"false\" placeholder=\"Email* Email* Email* Email* Email* Email* Email* Email* Email* Email* Email* Email\" value=\"\" type=\"email\" name=\"email-709\" \/><\/span>\n      <\/div>\n      <div class=\"col-xl-12 form-group\">\n       <span class=\"wpcf7-form-control-wrap\" data-name=\"tel-680\"><input size=\"40\" maxlength=\"400\" class=\"wpcf7-form-control wpcf7-tel wpcf7-validates-as-required wpcf7-text wpcf7-validates-as-tel form--control\" aria-required=\"true\" aria-invalid=\"false\" placeholder=\"Telefon\" value=\"\" type=\"tel\" name=\"tel-680\" \/><\/span>\n      <\/div>\n      <div class=\"col-xl-12 form-group\">\n       <span class=\"wpcf7-form-control-wrap\" data-name=\"areatext959\"><textarea cols=\"40\" rows=\"10\" maxlength=\"2000\" class=\"wpcf7-form-control wpcf7-textarea wpcf7-validates-as-required form--control\" aria-required=\"true\" aria-invalid=\"false\" placeholder=\"Ihre Nachricht\" name=\"areatext959\"><\/textarea><\/span>\n      <\/div>\n\n      <div class=\"col-xl-12 form-group\">\n       <button type=\"submit\" class=\"wpcf7-submit btn--base\">SENDEN<i  class=\"fas fa-arrow-right ml-2\"><\/i><\/button>\n      <\/div>\n   <\/div>\n<\/div><p style=\"display: none !important;\" class=\"akismet-fields-container\" data-prefix=\"_wpcf7_ak_\"><label>&#916;<textarea name=\"_wpcf7_ak_hp_textarea\" cols=\"45\" rows=\"8\" maxlength=\"100\"><\/textarea><\/label><input type=\"hidden\" id=\"ak_js_1\" name=\"_wpcf7_ak_js\" value=\"84\"\/><script>document.getElementById( \"ak_js_1\" ).setAttribute( \"value\", ( new Date() ).getTime() );<\/script><\/p><div class=\"wpcf7-response-output\" aria-hidden=\"true\"><\/div>\n<input type=\"hidden\" name=\"trp-form-language\" value=\"de\"\/><\/form>\n<\/div>\n<\/div>\n\t\t\t\t\t\t<\/div>\n\t\t\t\t<\/div>\n\t\t\t\t\t<\/div>\n\t\t<\/div>\n\t\t\t\t\t<\/div>\n\t\t<\/section>\n\t\t\t\t<div class=\"elementor-element elementor-element-be20912 elementor-widget elementor-widget-google_maps\" data-id=\"be20912\" data-element_type=\"widget\" data-widget_type=\"google_maps.default\">\n\t\t\t\t<div class=\"elementor-widget-container\">\n\t\t\t\t\t\t\t<div class=\"elementor-custom-embed\">\n\t\t\t<iframe loading=\"lazy\"\n\t\t\t\t\tsrc=\"https:\/\/maps.google.com\/maps?q=CUBE%20BCN%20-%20Weed%20Club%20Barcelona&#038;t=m&#038;z=18&#038;output=embed&#038;iwloc=near\"\n\t\t\t\t\ttitle=\"CUBE BCN - Weed Club Barcelona\"\n\t\t\t\t\taria-label=\"CUBE BCN - Weed Club Barcelona\"\n\t\t\t><\/iframe>\n\t\t<\/div>\n\t\t\t\t\t\t<\/div>\n\t\t\t\t<\/div>\n\t\t\t\t\t<\/div>\n\t\t<\/div>\n\t\t\t\t\t<\/div>\n\t\t<\/div>\n\t\t\t\t<\/div>","protected":false},"excerpt":{"rendered":"<p>KONTAKT CUBE Bevor Sie sich an uns wenden, denken Sie bitte daran, dass Ihre Fragen in unserem FAQ-Bereich beantwortet werden. Trotzdem haben wir das folgende Formular aktiviert, damit Sie uns schriftlich kontaktieren k\u00f6nnen. Haben Sie etwas Geduld, wir werden Ihnen in den n\u00e4chsten Stunden innerhalb unserer \u00fcblichen Kundendienstzeiten antworten.<\/p>","protected":false},"author":4,"featured_media":0,"parent":0,"menu_order":0,"comment_status":"closed","ping_status":"closed","template":"","meta":{"_joinchat":[],"footnotes":""},"class_list":["post-1154","page","type-page","status-publish","hentry"],"_links":{"self":[{"href":"https:\/\/cubebcn.com\/de\/wp-json\/wp\/v2\/pages\/1154","targetHints":{"allow":["GET"]}}],"collection":[{"href":"https:\/\/cubebcn.com\/de\/wp-json\/wp\/v2\/pages"}],"about":[{"href":"https:\/\/cubebcn.com\/de\/wp-json\/wp\/v2\/types\/page"}],"author":[{"embeddable":true,"href":"https:\/\/cubebcn.com\/de\/wp-json\/wp\/v2\/users\/4"}],"replies":[{"embeddable":true,"href":"https:\/\/cubebcn.com\/de\/wp-json\/wp\/v2\/comments?post=1154"}],"version-history":[{"count":3,"href":"https:\/\/cubebcn.com\/de\/wp-json\/wp\/v2\/pages\/1154\/revisions"}],"predecessor-version":[{"id":13326,"href":"https:\/\/cubebcn.com\/de\/wp-json\/wp\/v2\/pages\/1154\/revisions\/13326"}],"wp:attachment":[{"href":"https:\/\/cubebcn.com\/de\/wp-json\/wp\/v2\/media?parent=1154"}],"curies":[{"name":"wp","href":"https:\/\/api.w.org\/{rel}","templated":true}]}}