{"id":1045,"date":"2022-03-17T06:48:43","date_gmt":"2022-03-17T06:48:43","guid":{"rendered":"https:\/\/themeim.com\/wp\/sword\/?page_id=1045"},"modified":"2025-08-12T14:56:19","modified_gmt":"2025-08-12T14:56:19","slug":"haufig-gestellte-fragen","status":"publish","type":"page","link":"https:\/\/cubebcn.com\/de\/haufig-gestellte-fragen\/","title":{"rendered":"FAQ"},"content":{"rendered":"<div data-elementor-type=\"wp-page\" data-elementor-id=\"1045\" class=\"elementor elementor-1045\" data-elementor-post-type=\"page\">\n\t\t\t\t\t\t<div class=\"elementor-section elementor-top-section elementor-element elementor-element-2977896 elementor-section-stretched elementor-section-boxed elementor-section-height-default elementor-section-height-default\" data-id=\"2977896\" data-element_type=\"section\" data-e-type=\"section\" data-settings=\"{&quot;stretch_section&quot;:&quot;section-stretched&quot;,&quot;background_background&quot;:&quot;classic&quot;}\">\n\t\t\t\t\t\t<div class=\"elementor-container elementor-column-gap-default\">\n\t\t\t\t\t<div class=\"elementor-column elementor-col-100 elementor-top-column elementor-element elementor-element-547eff1\" data-id=\"547eff1\" data-element_type=\"column\" data-e-type=\"column\">\n\t\t\t<div class=\"elementor-widget-wrap elementor-element-populated\">\n\t\t\t\t\t\t<section class=\"elementor-section elementor-inner-section elementor-element elementor-element-01087cf elementor-section-boxed elementor-section-height-default elementor-section-height-default\" data-id=\"01087cf\" data-element_type=\"section\" data-e-type=\"section\">\n\t\t\t\t\t\t<div class=\"elementor-container elementor-column-gap-default\">\n\t\t\t\t\t<div class=\"elementor-column elementor-col-100 elementor-inner-column elementor-element elementor-element-19c47f1\" data-id=\"19c47f1\" data-element_type=\"column\" data-e-type=\"column\">\n\t\t\t<div class=\"elementor-widget-wrap elementor-element-populated\">\n\t\t\t\t\t\t<div class=\"elementor-element elementor-element-c0f9d61 elementor-widget elementor-widget-heading\" data-id=\"c0f9d61\" data-element_type=\"widget\" data-e-type=\"widget\" data-widget_type=\"heading.default\">\n\t\t\t\t<div class=\"elementor-widget-container\">\n\t\t\t\t\t<h1 class=\"elementor-heading-title elementor-size-default\">H\u00c4UFIG GESTELLTE FRAGEN<\/h1>\t\t\t\t<\/div>\n\t\t\t\t<\/div>\n\t\t\t\t<div class=\"elementor-element elementor-element-aec6acf elementor-widget elementor-widget-text-editor\" data-id=\"aec6acf\" data-element_type=\"widget\" data-e-type=\"widget\" data-widget_type=\"text-editor.default\">\n\t\t\t\t<div class=\"elementor-widget-container\">\n\t\t\t\t\t\t\t\t\t<p><span style=\"color: #ffffff;\">Hier finden Sie alle Fragen, die wir von unseren Mitgliedern und solchen, die es werden wollen, am h\u00e4ufigsten erhalten. Falls Sie eine Frage zum CUBE haben, sollten Sie sie unbedingt lesen!<\/span><\/p>\t\t\t\t\t\t\t\t<\/div>\n\t\t\t\t<\/div>\n\t\t\t\t\t<\/div>\n\t\t<\/div>\n\t\t\t\t\t<\/div>\n\t\t<\/section>\n\t\t\t\t<section class=\"elementor-section elementor-inner-section elementor-element elementor-element-dc8526c elementor-section-boxed elementor-section-height-default elementor-section-height-default\" data-id=\"dc8526c\" data-element_type=\"section\" data-e-type=\"section\">\n\t\t\t\t\t\t<div class=\"elementor-container elementor-column-gap-default\">\n\t\t\t\t\t<div class=\"elementor-column elementor-col-100 elementor-inner-column elementor-element elementor-element-96610d5\" data-id=\"96610d5\" data-element_type=\"column\" data-e-type=\"column\">\n\t\t\t<div class=\"elementor-widget-wrap elementor-element-populated\">\n\t\t\t\t\t\t<div class=\"elementor-element elementor-element-c9e2d10 elementor-widget elementor-widget-sword-accordion-one-widget\" data-id=\"c9e2d10\" data-element_type=\"widget\" data-e-type=\"widget\" data-widget_type=\"sword-accordion-one-widget.default\">\n\t\t\t\t<div class=\"elementor-widget-container\">\n\t\t\t\t\t        <div class=\"faq-wrapper\">\n            <div id=\"accordion-663998\">\n                                    <div class=\"faq-item active\">\n                        <h3 class=\"faq-title\"><span class=\"title\">  Was ist CUBE?<\/span><span\n                                    class=\"right-icon\"><\/span><\/h3>\n                        <div class=\"faq-content\">\n                            CUBE BCN ist ein freundlicher Cannabisclub im Zentrum von Barcelona, ganz in der N\u00e4he der Sagrada Familia. Wir sind stolz auf die Gemeinschaft, die wir im Laufe der Jahre aufgebaut haben und laden Sie ein, uns zu besuchen und Teil des CUBE zu werden.                            <div class=\"faq-list-area\">\n                                <h4 class=\"title\"><\/h4>\n                                                                    <ul class=\"faq-list\">\n                                        <li>Wir sind in Barcelona.<\/li><li>Um Zugang zu erhalten, m\u00fcssen Sie Mitglied sein.<\/li><li>Hier k\u00f6nnen Sie Cannabis legal konsumieren.<\/li>                                    <\/ul>\n                                                            <\/div>\n                            <div class=\"faq-inner-thumb-area\">\n                                <div class=\"row justify-content-center mb-30-none\">\n                                                                    <\/div>\n                            <\/div>\n                        <\/div>\n                    <\/div>\n                                    <div class=\"faq-item active\">\n                        <h3 class=\"faq-title\"><span class=\"title\">  Wie kann ich Mitglied der Cannabisvereinigung CUBE werden?<\/span><span\n                                    class=\"right-icon\"><\/span><\/h3>\n                        <div class=\"faq-content\">\n                            Sie m\u00fcssen mindestens 21 Jahre alt sein und sich mit einem amtlichen Ausweis und einem Lichtbildausweis bei uns melden. Sie k\u00f6nnen den Vorgang beschleunigen, indem Sie das Formular auf unserer Website ausf\u00fcllen!                             <div class=\"faq-list-area\">\n                                <h4 class=\"title\"><\/h4>\n                                                                    <ul class=\"faq-list\">\n                                        <li>Beantragen Sie den Zugang \u00fcber das Formular.<\/li><li>Kommen Sie mit einem Partner, der Sie empfiehlt.<\/li>                                    <\/ul>\n                                                            <\/div>\n                            <div class=\"faq-inner-thumb-area\">\n                                <div class=\"row justify-content-center mb-30-none\">\n                                                                    <\/div>\n                            <\/div>\n                        <\/div>\n                    <\/div>\n                                    <div class=\"faq-item active\">\n                        <h3 class=\"faq-title\"><span class=\"title\">  Wie behandeln Sie meine pers\u00f6nlichen Daten?<\/span><span\n                                    class=\"right-icon\"><\/span><\/h3>\n                        <div class=\"faq-content\">\n                            CUBE BCN speichert Ihre pers\u00f6nlichen Daten sicher und vertraulich und gibt sie niemals an Dritte weiter.                            <div class=\"faq-list-area\">\n                                <h4 class=\"title\"><\/h4>\n                                                                    <ul class=\"faq-list\">\n                                        <li>Wir sch\u00fctzen Ihre Daten.<\/li><li>Es liegt in unserer Verantwortung, dies zu tun.<\/li>                                    <\/ul>\n                                                            <\/div>\n                            <div class=\"faq-inner-thumb-area\">\n                                <div class=\"row justify-content-center mb-30-none\">\n                                                                    <\/div>\n                            <\/div>\n                        <\/div>\n                    <\/div>\n                                    <div class=\"faq-item active\">\n                        <h3 class=\"faq-title\"><span class=\"title\">  Wenn ich bereits Mitglied bin, ben\u00f6tige ich dann einen Ausweis, um beizutreten?<\/span><span\n                                    class=\"right-icon\"><\/span><\/h3>\n                        <div class=\"faq-content\">\n                            Ja, wir fragen am Eingang immer nach einem Ausweis, er ist eine Voraussetzung f\u00fcr den Eintritt in den CUBE, also vergessen Sie ihn nicht!                            <div class=\"faq-list-area\">\n                                <h4 class=\"title\"><\/h4>\n                                                                    <ul class=\"faq-list\">\n                                        <li>Bringen Sie ein Dokument mit, das Sie ausweist.<\/li><li>Jede, die von einer g\u00fcltigen Beh\u00f6rde ausgestellt ist.<\/li>                                    <\/ul>\n                                                            <\/div>\n                            <div class=\"faq-inner-thumb-area\">\n                                <div class=\"row justify-content-center mb-30-none\">\n                                                                    <\/div>\n                            <\/div>\n                        <\/div>\n                    <\/div>\n                                    <div class=\"faq-item active\">\n                        <h3 class=\"faq-title\"><span class=\"title\">  Muss ich mich jedes Mal registrieren, wenn ich den CUBE besuche?<\/span><span\n                                    class=\"right-icon\"><\/span><\/h3>\n                        <div class=\"faq-content\">\n                            Nein, nat\u00fcrlich nicht. Sie m\u00fcssen sich nur einmal registrieren, wenn Sie ein regul\u00e4res Mitglied sind. Danach kommen Sie einfach mit Ihrem Ausweis und k\u00f6nnen den Club betreten, indem Sie sich am Eingang ausweisen ;).                            <div class=\"faq-list-area\">\n                                <h4 class=\"title\"><\/h4>\n                                                                    <ul class=\"faq-list\">\n                                        <li>Anmeldung beim ersten Mal.<\/li><li>Melden Sie sich mit Ihrer #-Mitgliedschaft an.<\/li>                                    <\/ul>\n                                                            <\/div>\n                            <div class=\"faq-inner-thumb-area\">\n                                <div class=\"row justify-content-center mb-30-none\">\n                                                                    <\/div>\n                            <\/div>\n                        <\/div>\n                    <\/div>\n                                    <div class=\"faq-item active\">\n                        <h3 class=\"faq-title\"><span class=\"title\">  Ist es legal, in Barcelona Marihuana zu rauchen?<\/span><span\n                                    class=\"right-icon\"><\/span><\/h3>\n                        <div class=\"faq-content\">\n                            Obwohl sich Barcelona in den letzten Jahren als Wiege der europ\u00e4ischen Cannabiskultur herauskristallisiert hat, ist es in Wirklichkeit v\u00f6llig verboten, Cannabis in \u00f6ffentlichen R\u00e4umen zu konsumieren. Was jedoch legal ist, ist der Konsum in einer privaten Einrichtung, wie dem CUBE.                            <div class=\"faq-list-area\">\n                                <h4 class=\"title\"><\/h4>\n                                                                    <ul class=\"faq-list\">\n                                        <li>In privaten R\u00e4umen, JA.<\/li><li>In \u00f6ffentlichen Bereichen, NO.<\/li>                                    <\/ul>\n                                                            <\/div>\n                            <div class=\"faq-inner-thumb-area\">\n                                <div class=\"row justify-content-center mb-30-none\">\n                                                                    <\/div>\n                            <\/div>\n                        <\/div>\n                    <\/div>\n                                    <div class=\"faq-item active\">\n                        <h3 class=\"faq-title\"><span class=\"title\">  Kann ich Marihuana online kaufen?<\/span><span\n                                    class=\"right-icon\"><\/span><\/h3>\n                        <div class=\"faq-content\">\n                            Nein, kein Club bietet den Online-Verkauf von Cannabis an.                            <div class=\"faq-list-area\">\n                                <h4 class=\"title\"><\/h4>\n                                                                    <ul class=\"faq-list\">\n                                        <li>NEIN. Es ist illegal.<\/li>                                    <\/ul>\n                                                            <\/div>\n                            <div class=\"faq-inner-thumb-area\">\n                                <div class=\"row justify-content-center mb-30-none\">\n                                                                    <\/div>\n                            <\/div>\n                        <\/div>\n                    <\/div>\n                                    <div class=\"faq-item active\">\n                        <h3 class=\"faq-title\"><span class=\"title\">  Was ist der Unterschied zwischen CBD und THC?<\/span><span\n                                    class=\"right-icon\"><\/span><\/h3>\n                        <div class=\"faq-content\">\n                            CBD wirkt entspannend und THC sorgt f\u00fcr den \"Rausch\".                             <div class=\"faq-list-area\">\n                                <h4 class=\"title\"><\/h4>\n                                                                    <ul class=\"faq-list\">\n                                        <li>Mehr zu diesem Thema hier: <\/li><li>https:\/\/cubebcn.com\/cbd-thc-y-sus-efectos-positivos-en-el-organismo\/<\/li>                                    <\/ul>\n                                                            <\/div>\n                            <div class=\"faq-inner-thumb-area\">\n                                <div class=\"row justify-content-center mb-30-none\">\n                                                                    <\/div>\n                            <\/div>\n                        <\/div>\n                    <\/div>\n                                    <div class=\"faq-item active\">\n                        <h3 class=\"faq-title\"><span class=\"title\">  Was ist der Unterschied zwischen Indica und Sativa?<\/span><span\n                                    class=\"right-icon\"><\/span><\/h3>\n                        <div class=\"faq-content\">\n                            Was ist der Unterschied zwischen Indica und Sativa?\n\nIndica: Hat eine entspannende und beruhigende Wirkung, ideal f\u00fcr einen Filmabend oder zum Stressabbau.\nSativa: Sie hat eine anregende und euphorisierende Wirkung und ist ideal f\u00fcr Aktivit\u00e4ten im Freien, zum Tanzen oder f\u00fcr einen Spaziergang. Mehr zu diesem Thema hier:\nhttps:\/\/cubebcn.com\/indica-o-sativa-diferencias-entre-tipologias-cannabicas\/\n\n                            <div class=\"faq-list-area\">\n                                <h4 class=\"title\"><\/h4>\n                                                                    <ul class=\"faq-list\">\n                                        <li>Zeigt an = Ruhe und Entspannung.<\/li><li>Sativa = Euphorie und Energie.<\/li>                                    <\/ul>\n                                                            <\/div>\n                            <div class=\"faq-inner-thumb-area\">\n                                <div class=\"row justify-content-center mb-30-none\">\n                                                                    <\/div>\n                            <\/div>\n                        <\/div>\n                    <\/div>\n                                    <div class=\"faq-item active\">\n                        <h3 class=\"faq-title\"><span class=\"title\">  Ich rauche nicht gerne. Bieten Sie andere M\u00f6glichkeiten an, Cannabis im Club zu konsumieren?<\/span><span\n                                    class=\"right-icon\"><\/span><\/h3>\n                        <div class=\"faq-content\">\n                            Wenn du nicht rauchen magst, mach dir keine Sorgen, im CUBE haben wir Bongs, Dab Rigs, Vapes und Bongs f\u00fcr alle, die verdampfen oder einige der Cannabisextrakte probieren wollen, die du in unserem Club findest.                            <div class=\"faq-list-area\">\n                                <h4 class=\"title\"><\/h4>\n                                                                    <ul class=\"faq-list\">\n                                        <li>Wir haben Vaporisatoren.<\/li><li>Auch Bongs und Rigs, in unserem Shop.<\/li>                                    <\/ul>\n                                                            <\/div>\n                            <div class=\"faq-inner-thumb-area\">\n                                <div class=\"row justify-content-center mb-30-none\">\n                                                                    <\/div>\n                            <\/div>\n                        <\/div>\n                    <\/div>\n                            <\/div>\n        <\/div>\n        \t\t\t\t<\/div>\n\t\t\t\t<\/div>\n\t\t\t\t\t<\/div>\n\t\t<\/div>\n\t\t\t\t\t<\/div>\n\t\t<\/section>\n\t\t\t\t\t<\/div>\n\t\t<\/div>\n\t\t\t\t\t<\/div>\n\t\t<\/div>\n\t\t\t\t<\/div>","protected":false},"excerpt":{"rendered":"<p>H\u00c4UFIG GESTELLTE FRAGEN Hier finden Sie alle Fragen, die wir von unseren Mitgliedern und solchen, die es werden wollen, am h\u00e4ufigsten erhalten. Falls Sie eine Frage zu CUBE haben, sollten Sie sie unbedingt lesen! Was ist CUBE? CUBE BCN ist ein freundlicher Cannabis-Club im Zentrum von Barcelona, ganz in der N\u00e4he der Sagrada<\/p>","protected":false},"author":4,"featured_media":0,"parent":0,"menu_order":0,"comment_status":"closed","ping_status":"closed","template":"","meta":{"_joinchat":[],"footnotes":""},"class_list":["post-1045","page","type-page","status-publish","hentry"],"_links":{"self":[{"href":"https:\/\/cubebcn.com\/de\/wp-json\/wp\/v2\/pages\/1045","targetHints":{"allow":["GET"]}}],"collection":[{"href":"https:\/\/cubebcn.com\/de\/wp-json\/wp\/v2\/pages"}],"about":[{"href":"https:\/\/cubebcn.com\/de\/wp-json\/wp\/v2\/types\/page"}],"author":[{"embeddable":true,"href":"https:\/\/cubebcn.com\/de\/wp-json\/wp\/v2\/users\/4"}],"replies":[{"embeddable":true,"href":"https:\/\/cubebcn.com\/de\/wp-json\/wp\/v2\/comments?post=1045"}],"version-history":[{"count":18,"href":"https:\/\/cubebcn.com\/de\/wp-json\/wp\/v2\/pages\/1045\/revisions"}],"predecessor-version":[{"id":31706,"href":"https:\/\/cubebcn.com\/de\/wp-json\/wp\/v2\/pages\/1045\/revisions\/31706"}],"wp:attachment":[{"href":"https:\/\/cubebcn.com\/de\/wp-json\/wp\/v2\/media?parent=1045"}],"curies":[{"name":"wp","href":"https:\/\/api.w.org\/{rel}","templated":true}]}}